{"id":47008,"date":"2023-12-12T10:53:35","date_gmt":"2023-12-12T09:53:35","guid":{"rendered":"https:\/\/pet-shopping.de\/shop\/produkt\/hugro-nager-pavillon-s-20x14x14cm\/"},"modified":"2023-12-12T10:53:45","modified_gmt":"2023-12-12T09:53:45","slug":"hugro-nager-pavillon-s-20x14x14cm","status":"publish","type":"product","link":"https:\/\/all-pets.de\/shop\/produkt\/hugro-nager-pavillon-s-20x14x14cm\/","title":{"rendered":"Hugro Nager-Pavillon &#8218;S&#8216; &#8211; 20x14x14cm"},"content":{"rendered":"<div class=\"product--description\" itemprop=\"description\">\n<p>Diese Nager-Pavillons aus bestem Stroh gibt es in drei verschiedenen Gr\u00f6\u00dfen.<br \/> So ist f\u00fcr jeden Nager die richtige Gr\u00f6\u00dfe dabei.<\/p>\n<p>Knabbern, Spielen, Verstecken &#8211; die Nager-Pavillons sind bei Nagern aller Art beliebt.<\/p>\n<p>Gr. S &#8211; 20 x 14 x 14cm <\/p>\n<\/p><\/div>\n","protected":false},"excerpt":{"rendered":"<p>Diese Nager-Pavillons aus bestem Stroh gibt es in drei verschiedenen Gr\u00f6\u00dfen. So ist f\u00fcr jeden Nager die richtige Gr\u00f6\u00dfe dabei. Knabbern, Spielen, Verstecken &#8211; die Nager-Pavillons sind bei Nagern aller Art beliebt. Gr. S &#8211; 20 x 14 x 14cm<\/p>\n","protected":false},"featured_media":25313,"comment_status":"closed","ping_status":"open","template":"","meta":[],"product_cat":[14285],"product_tag":[],"class_list":{"0":"post-47008","1":"product","2":"type-product","3":"status-publish","4":"has-post-thumbnail","6":"product_cat-grasnester-grashaeuser","8":"first","9":"instock","10":"taxable","11":"shipping-taxable","12":"purchasable","13":"product-type-simple"},"_links":{"self":[{"href":"https:\/\/all-pets.de\/shop\/wp-json\/wp\/v2\/product\/47008","targetHints":{"allow":["GET"]}}],"collection":[{"href":"https:\/\/all-pets.de\/shop\/wp-json\/wp\/v2\/product"}],"about":[{"href":"https:\/\/all-pets.de\/shop\/wp-json\/wp\/v2\/types\/product"}],"replies":[{"embeddable":true,"href":"https:\/\/all-pets.de\/shop\/wp-json\/wp\/v2\/comments?post=47008"}],"wp:featuredmedia":[{"embeddable":true,"href":"https:\/\/all-pets.de\/shop\/wp-json\/wp\/v2\/media\/25313"}],"wp:attachment":[{"href":"https:\/\/all-pets.de\/shop\/wp-json\/wp\/v2\/media?parent=47008"}],"wp:term":[{"taxonomy":"product_cat","embeddable":true,"href":"https:\/\/all-pets.de\/shop\/wp-json\/wp\/v2\/product_cat?post=47008"},{"taxonomy":"product_tag","embeddable":true,"href":"https:\/\/all-pets.de\/shop\/wp-json\/wp\/v2\/product_tag?post=47008"}],"curies":[{"name":"wp","href":"https:\/\/api.w.org\/{rel}","templated":true}]}}