{"id":47010,"date":"2023-12-12T10:53:35","date_gmt":"2023-12-12T09:53:35","guid":{"rendered":"https:\/\/pet-shopping.de\/shop\/produkt\/living-world-green-laufteller-20-cm\/"},"modified":"2023-12-12T10:53:45","modified_gmt":"2023-12-12T09:53:45","slug":"living-world-green-laufteller-20-cm","status":"publish","type":"product","link":"https:\/\/all-pets.de\/shop\/produkt\/living-world-green-laufteller-20-cm\/","title":{"rendered":"LIVING WORLD Green Laufteller &#8211; 20 cm"},"content":{"rendered":"<p>LivingWorld Green: N\u00e4her an der Natur<\/p>\n<p>Living World Green bringt das Beste aus unserer nat\u00fcrlichen Welt in die Welt Ihres Kleintieres. Die Produkte bestehen aus minimal verarbeiteten Rohmaterialien und helfen eine authentische Umgebung zu schaffen, als ob Mutter Natur sie selbst geschaffen h\u00e4tte.<\/p>\n<p>Der LivingWorld Green Laufteller besteht aus umweltfreundlichem Gummibaumholz und dient Hamstern, M\u00e4usen und Rennm\u00e4usen als Ersatz f\u00fcr ein Laufrad und ermuntert das Tier zu Bewegung und Spiel.<\/p>\n<p>Ma\u00dfe: ca. 20 x 7 cm (Durchmesser x H\u00f6he) <\/p>\n","protected":false},"excerpt":{"rendered":"<p>LivingWorld Green: N\u00e4her an der Natur Living World Green bringt das Beste aus unserer nat\u00fcrlichen Welt in die Welt Ihres Kleintieres. Die Produkte bestehen aus minimal verarbeiteten Rohmaterialien und helfen eine authentische Umgebung zu schaffen, als ob Mutter Natur sie selbst geschaffen h\u00e4tte. Der LivingWorld Green Laufteller besteht aus umweltfreundlichem Gummibaumholz und dient Hamstern, M\u00e4usen [&hellip;]<\/p>\n","protected":false},"featured_media":20541,"comment_status":"closed","ping_status":"open","template":"","meta":[],"product_cat":[14645],"product_tag":[],"class_list":{"0":"post-47010","1":"product","2":"type-product","3":"status-publish","4":"has-post-thumbnail","6":"product_cat-laufraeder","8":"first","9":"instock","10":"taxable","11":"shipping-taxable","12":"purchasable","13":"product-type-simple"},"_links":{"self":[{"href":"https:\/\/all-pets.de\/shop\/wp-json\/wp\/v2\/product\/47010","targetHints":{"allow":["GET"]}}],"collection":[{"href":"https:\/\/all-pets.de\/shop\/wp-json\/wp\/v2\/product"}],"about":[{"href":"https:\/\/all-pets.de\/shop\/wp-json\/wp\/v2\/types\/product"}],"replies":[{"embeddable":true,"href":"https:\/\/all-pets.de\/shop\/wp-json\/wp\/v2\/comments?post=47010"}],"wp:featuredmedia":[{"embeddable":true,"href":"https:\/\/all-pets.de\/shop\/wp-json\/wp\/v2\/media\/20541"}],"wp:attachment":[{"href":"https:\/\/all-pets.de\/shop\/wp-json\/wp\/v2\/media?parent=47010"}],"wp:term":[{"taxonomy":"product_cat","embeddable":true,"href":"https:\/\/all-pets.de\/shop\/wp-json\/wp\/v2\/product_cat?post=47010"},{"taxonomy":"product_tag","embeddable":true,"href":"https:\/\/all-pets.de\/shop\/wp-json\/wp\/v2\/product_tag?post=47010"}],"curies":[{"name":"wp","href":"https:\/\/api.w.org\/{rel}","templated":true}]}}