{"id":47011,"date":"2023-12-12T10:53:35","date_gmt":"2023-12-12T09:53:35","guid":{"rendered":"https:\/\/pet-shopping.de\/shop\/produkt\/trixie-pick-up-beutelspender-aus-kunststoff-groesse-m\/"},"modified":"2023-12-12T10:53:46","modified_gmt":"2023-12-12T09:53:46","slug":"trixie-pick-up-beutelspender-aus-kunststoff-groesse-m","status":"publish","type":"product","link":"https:\/\/all-pets.de\/shop\/produkt\/trixie-pick-up-beutelspender-aus-kunststoff-groesse-m\/","title":{"rendered":"Trixie Pick Up Beutelspender aus Kunststoff &#8211; Gr\u00f6\u00dfe M"},"content":{"rendered":"<p>Der praktische Kotbeutelspender aus Kunststoff kann einfach an der Leine oder an einer G\u00fcrtelschlaufe eingehakt werden und schon haben Sie immer und \u00fcberall Kotbeutel griffbereit. <\/p>\n<p>Durch eine seitliche \u00d6ffnung werden die Beutel ganz einfach herausgezogen. Inklusive einer Rolle Kunststoff-Kotbeutel mit Henkel (15 St\u00fcck).<\/p>\n<p>Ma\u00dfe des Spenders: ca. 8 x 4,5 cm (L\u00e4nge x Durchmesser)<br \/> Gr\u00f6\u00dfe M<\/p>\n<p>Diverse Farben. Eine Farbwahl ist leider nicht m\u00f6glich, da die Farbe je nach Lagerbestand gew\u00e4hlt wird.<\/p>\n<p><\/p>\n","protected":false},"excerpt":{"rendered":"<p>Der praktische Kotbeutelspender aus Kunststoff kann einfach an der Leine oder an einer G\u00fcrtelschlaufe eingehakt werden und schon haben Sie immer und \u00fcberall Kotbeutel griffbereit. Durch eine seitliche \u00d6ffnung werden die Beutel ganz einfach herausgezogen. Inklusive einer Rolle Kunststoff-Kotbeutel mit Henkel (15 St\u00fcck). Ma\u00dfe des Spenders: ca. 8 x 4,5 cm (L\u00e4nge x Durchmesser) Gr\u00f6\u00dfe [&hellip;]<\/p>\n","protected":false},"featured_media":754,"comment_status":"closed","ping_status":"open","template":"","meta":[],"product_cat":[13757],"product_tag":[],"class_list":{"0":"post-47011","1":"product","2":"type-product","3":"status-publish","4":"has-post-thumbnail","6":"product_cat-hundetoiletten-hygiene","8":"first","9":"instock","10":"taxable","11":"shipping-taxable","12":"purchasable","13":"product-type-simple"},"_links":{"self":[{"href":"https:\/\/all-pets.de\/shop\/wp-json\/wp\/v2\/product\/47011","targetHints":{"allow":["GET"]}}],"collection":[{"href":"https:\/\/all-pets.de\/shop\/wp-json\/wp\/v2\/product"}],"about":[{"href":"https:\/\/all-pets.de\/shop\/wp-json\/wp\/v2\/types\/product"}],"replies":[{"embeddable":true,"href":"https:\/\/all-pets.de\/shop\/wp-json\/wp\/v2\/comments?post=47011"}],"wp:featuredmedia":[{"embeddable":true,"href":"https:\/\/all-pets.de\/shop\/wp-json\/wp\/v2\/media\/754"}],"wp:attachment":[{"href":"https:\/\/all-pets.de\/shop\/wp-json\/wp\/v2\/media?parent=47011"}],"wp:term":[{"taxonomy":"product_cat","embeddable":true,"href":"https:\/\/all-pets.de\/shop\/wp-json\/wp\/v2\/product_cat?post=47011"},{"taxonomy":"product_tag","embeddable":true,"href":"https:\/\/all-pets.de\/shop\/wp-json\/wp\/v2\/product_tag?post=47011"}],"curies":[{"name":"wp","href":"https:\/\/api.w.org\/{rel}","templated":true}]}}