{"id":47013,"date":"2023-12-12T10:53:35","date_gmt":"2023-12-12T09:53:35","guid":{"rendered":"https:\/\/pet-shopping.de\/shop\/produkt\/trixie-hundekot-beutel-mit-henkel-3-x-15-stueck\/"},"modified":"2023-12-12T10:53:46","modified_gmt":"2023-12-12T09:53:46","slug":"trixie-hundekot-beutel-mit-henkel-3-x-15-stueck","status":"publish","type":"product","link":"https:\/\/all-pets.de\/shop\/produkt\/trixie-hundekot-beutel-mit-henkel-3-x-15-stueck\/","title":{"rendered":"Trixie Hundekot-Beutel mit Henkel &#8211; 3 x 15 St\u00fcck"},"content":{"rendered":"<p>Hundekotbeutel sind die einfache und hygienische Methode, um die Umwelt frei von unerw\u00fcnschtem Hundekot zu hinterlassen. Die Kotbeutel aus Kunststoff sind mit einem Henkel best\u00fcckt und eignen sich zum Nachf\u00fcllen f\u00fcr die meisten handels\u00fcblichen Rollen-Beutelspender (z.B. vom Hersteller Trixie die Artikelnummern 23471, 2331, 22841, 2295, 22846).<\/p>\n<p>Farbe: Verschiedene<br \/> Inhalt: 3 Rollen mit je 15 Beuteln<\/p>\n<p><\/p>\n","protected":false},"excerpt":{"rendered":"<p>Hundekotbeutel sind die einfache und hygienische Methode, um die Umwelt frei von unerw\u00fcnschtem Hundekot zu hinterlassen. Die Kotbeutel aus Kunststoff sind mit einem Henkel best\u00fcckt und eignen sich zum Nachf\u00fcllen f\u00fcr die meisten handels\u00fcblichen Rollen-Beutelspender (z.B. vom Hersteller Trixie die Artikelnummern 23471, 2331, 22841, 2295, 22846). Farbe: Verschiedene Inhalt: 3 Rollen mit je 15 Beuteln<\/p>\n","protected":false},"featured_media":758,"comment_status":"closed","ping_status":"open","template":"","meta":[],"product_cat":[13757],"product_tag":[],"class_list":{"0":"post-47013","1":"product","2":"type-product","3":"status-publish","4":"has-post-thumbnail","6":"product_cat-hundetoiletten-hygiene","8":"first","9":"instock","10":"taxable","11":"shipping-taxable","12":"purchasable","13":"product-type-simple"},"_links":{"self":[{"href":"https:\/\/all-pets.de\/shop\/wp-json\/wp\/v2\/product\/47013","targetHints":{"allow":["GET"]}}],"collection":[{"href":"https:\/\/all-pets.de\/shop\/wp-json\/wp\/v2\/product"}],"about":[{"href":"https:\/\/all-pets.de\/shop\/wp-json\/wp\/v2\/types\/product"}],"replies":[{"embeddable":true,"href":"https:\/\/all-pets.de\/shop\/wp-json\/wp\/v2\/comments?post=47013"}],"wp:featuredmedia":[{"embeddable":true,"href":"https:\/\/all-pets.de\/shop\/wp-json\/wp\/v2\/media\/758"}],"wp:attachment":[{"href":"https:\/\/all-pets.de\/shop\/wp-json\/wp\/v2\/media?parent=47013"}],"wp:term":[{"taxonomy":"product_cat","embeddable":true,"href":"https:\/\/all-pets.de\/shop\/wp-json\/wp\/v2\/product_cat?post=47013"},{"taxonomy":"product_tag","embeddable":true,"href":"https:\/\/all-pets.de\/shop\/wp-json\/wp\/v2\/product_tag?post=47013"}],"curies":[{"name":"wp","href":"https:\/\/api.w.org\/{rel}","templated":true}]}}