{"id":47023,"date":"2023-12-12T10:53:47","date_gmt":"2023-12-12T09:53:47","guid":{"rendered":"https:\/\/pet-shopping.de\/shop\/produkt\/trixie-transparenter-kunststoffnapf-fuer-katzen\/"},"modified":"2023-12-12T10:53:48","modified_gmt":"2023-12-12T09:53:48","slug":"trixie-transparenter-kunststoffnapf-fuer-katzen","status":"publish","type":"product","link":"https:\/\/all-pets.de\/shop\/produkt\/trixie-transparenter-kunststoffnapf-fuer-katzen\/","title":{"rendered":"Trixie transparenter Kunststoffnapf f\u00fcr Katzen"},"content":{"rendered":"<p>Der transparente Kunststoffnapf f\u00fcr Katzen hebt sich durch seine Form und seine modernen Farben von anderen Katzenn\u00e4pfen ab. Er ist rutschfest durch einen Gummirand an der Unterkante und es handelt sich um eine mittelschwere Ausf\u00fchrung. Sp\u00fclmaschinengeeignet.<\/p>\n<p>Fassungsverm\u00f6gen: ca. 0,25 Liter<br \/> Durchmesser: ca. 12 cm<br \/> H\u00f6he: ca. 3,5 cm <\/p>\n<p>Eine Farbwahl ist leider nicht m\u00f6glich, da die Farbe je nach Lagerbestand gew\u00e4hlt wird.<\/p>\n","protected":false},"excerpt":{"rendered":"<p>Der transparente Kunststoffnapf f\u00fcr Katzen hebt sich durch seine Form und seine modernen Farben von anderen Katzenn\u00e4pfen ab. Er ist rutschfest durch einen Gummirand an der Unterkante und es handelt sich um eine mittelschwere Ausf\u00fchrung. Sp\u00fclmaschinengeeignet. Fassungsverm\u00f6gen: ca. 0,25 Liter Durchmesser: ca. 12 cm H\u00f6he: ca. 3,5 cm Eine Farbwahl ist leider nicht m\u00f6glich, da [&hellip;]<\/p>\n","protected":false},"featured_media":36309,"comment_status":"closed","ping_status":"open","template":"","meta":[],"product_cat":[13740],"product_tag":[],"class_list":{"0":"post-47023","1":"product","2":"type-product","3":"status-publish","4":"has-post-thumbnail","6":"product_cat-futter-wassernaepfe","8":"first","9":"instock","10":"taxable","11":"shipping-taxable","12":"purchasable","13":"product-type-simple"},"_links":{"self":[{"href":"https:\/\/all-pets.de\/shop\/wp-json\/wp\/v2\/product\/47023","targetHints":{"allow":["GET"]}}],"collection":[{"href":"https:\/\/all-pets.de\/shop\/wp-json\/wp\/v2\/product"}],"about":[{"href":"https:\/\/all-pets.de\/shop\/wp-json\/wp\/v2\/types\/product"}],"replies":[{"embeddable":true,"href":"https:\/\/all-pets.de\/shop\/wp-json\/wp\/v2\/comments?post=47023"}],"wp:featuredmedia":[{"embeddable":true,"href":"https:\/\/all-pets.de\/shop\/wp-json\/wp\/v2\/media\/36309"}],"wp:attachment":[{"href":"https:\/\/all-pets.de\/shop\/wp-json\/wp\/v2\/media?parent=47023"}],"wp:term":[{"taxonomy":"product_cat","embeddable":true,"href":"https:\/\/all-pets.de\/shop\/wp-json\/wp\/v2\/product_cat?post=47023"},{"taxonomy":"product_tag","embeddable":true,"href":"https:\/\/all-pets.de\/shop\/wp-json\/wp\/v2\/product_tag?post=47023"}],"curies":[{"name":"wp","href":"https:\/\/api.w.org\/{rel}","templated":true}]}}