{"id":47024,"date":"2023-12-12T10:53:47","date_gmt":"2023-12-12T09:53:47","guid":{"rendered":"https:\/\/pet-shopping.de\/shop\/produkt\/trixie-dog-activity-snacktasche-goody-bag\/"},"modified":"2023-12-12T10:53:48","modified_gmt":"2023-12-12T09:53:48","slug":"trixie-dog-activity-snacktasche-goody-bag","status":"publish","type":"product","link":"https:\/\/all-pets.de\/shop\/produkt\/trixie-dog-activity-snacktasche-goody-bag\/","title":{"rendered":"Trixie Dog Activity Snacktasche Goody Bag"},"content":{"rendered":"<ul>\n<li>stabiler Ringeinsatz erm\u00f6glicht ein schnelles und sicheres Zugreifen<\/li>\n<li>Verschluss bietet Schutz vor Regen<\/li>\n<li>mit Befestigungsclip<\/li>\n<li>reflektierende Elemente<\/li>\n<li>Karabiner zum Befestigen einer Hundepfeife oder eines Clickers<\/li>\n<li>mit Au\u00dfentasche<\/li>\n<li>Polyester<\/li>\n<li>Gr\u00f6\u00dfe: ca. 11 x 16 cm (Durchmesser x H\u00f6he)<\/li>\n<\/ul>\n<p>Diverse Farben. Eine Farbwahl ist leider nicht m\u00f6glich, da die Farbe je nach Lagerbestand gew\u00e4hlt wird.\u00a0<\/p>\n","protected":false},"excerpt":{"rendered":"<p>stabiler Ringeinsatz erm\u00f6glicht ein schnelles und sicheres Zugreifen Verschluss bietet Schutz vor Regen mit Befestigungsclip reflektierende Elemente Karabiner zum Befestigen einer Hundepfeife oder eines Clickers mit Au\u00dfentasche Polyester Gr\u00f6\u00dfe: ca. 11 x 16 cm (Durchmesser x H\u00f6he) Diverse Farben. Eine Farbwahl ist leider nicht m\u00f6glich, da die Farbe je nach Lagerbestand gew\u00e4hlt wird.\u00a0<\/p>\n","protected":false},"featured_media":47025,"comment_status":"closed","ping_status":"open","template":"","meta":[],"product_cat":[13848],"product_tag":[],"class_list":{"0":"post-47024","1":"product","2":"type-product","3":"status-publish","4":"has-post-thumbnail","6":"product_cat-gurt-futtertaschen","8":"first","9":"instock","10":"taxable","11":"shipping-taxable","12":"purchasable","13":"product-type-simple"},"_links":{"self":[{"href":"https:\/\/all-pets.de\/shop\/wp-json\/wp\/v2\/product\/47024","targetHints":{"allow":["GET"]}}],"collection":[{"href":"https:\/\/all-pets.de\/shop\/wp-json\/wp\/v2\/product"}],"about":[{"href":"https:\/\/all-pets.de\/shop\/wp-json\/wp\/v2\/types\/product"}],"replies":[{"embeddable":true,"href":"https:\/\/all-pets.de\/shop\/wp-json\/wp\/v2\/comments?post=47024"}],"wp:featuredmedia":[{"embeddable":true,"href":"https:\/\/all-pets.de\/shop\/wp-json\/wp\/v2\/media\/47025"}],"wp:attachment":[{"href":"https:\/\/all-pets.de\/shop\/wp-json\/wp\/v2\/media?parent=47024"}],"wp:term":[{"taxonomy":"product_cat","embeddable":true,"href":"https:\/\/all-pets.de\/shop\/wp-json\/wp\/v2\/product_cat?post=47024"},{"taxonomy":"product_tag","embeddable":true,"href":"https:\/\/all-pets.de\/shop\/wp-json\/wp\/v2\/product_tag?post=47024"}],"curies":[{"name":"wp","href":"https:\/\/api.w.org\/{rel}","templated":true}]}}