{"id":47032,"date":"2023-12-12T10:53:47","date_gmt":"2023-12-12T09:53:47","guid":{"rendered":"https:\/\/pet-shopping.de\/shop\/produkt\/trixie-beutelspender-mit-grossem-fach\/"},"modified":"2023-12-12T10:53:49","modified_gmt":"2023-12-12T09:53:49","slug":"trixie-beutelspender-mit-grossem-fach","status":"publish","type":"product","link":"https:\/\/all-pets.de\/shop\/produkt\/trixie-beutelspender-mit-grossem-fach\/","title":{"rendered":"Trixie Beutelspender mit gro\u00dfem Fach"},"content":{"rendered":"<p>Dieser Beutelspender aus Nylon ist mit einer extra gro\u00dfen Rei\u00dfverschlusstasche best\u00fcckt, die genutzt werden kann, um den vollen Kotbeutel darin zu verstauen. So wird ein l\u00e4stiges Tragen in der Hand f\u00fcr den restlichen Spaziergang vermieden. Selbstverst\u00e4ndlich kann man die Tasche auch f\u00fcr andere Gegenst\u00e4nde nutzen. <\/p>\n<p>Ein gesondertes Fach zum Verstauen der frischen Kotbeutel ist mit mit einer Entnahme\u00f6ffnung versehen, aus der die leeren Beutel einfach herausgezogen werden k\u00f6nnen. Der Beutelspender kann zum einen mit einer Klettverschlusslasche am D-Ring der Leine befestigt werden, zum anderen besitzt das gro\u00dfe Staufach eine Schlaufe \u00fcber seine gesamte L\u00c4nge hinweg, duch die die Leine hindurchgezogen werden kann.<\/p>\n<p>Inklusive einer Rolle Kotbeutel mit 20 Beuteln.<\/p>\n<p>Ma\u00dfe: ca. 22 x 6 x 6 cm (LxBxH)<br \/> Farbe: Schwarz<\/p>\n","protected":false},"excerpt":{"rendered":"<p>Dieser Beutelspender aus Nylon ist mit einer extra gro\u00dfen Rei\u00dfverschlusstasche best\u00fcckt, die genutzt werden kann, um den vollen Kotbeutel darin zu verstauen. So wird ein l\u00e4stiges Tragen in der Hand f\u00fcr den restlichen Spaziergang vermieden. Selbstverst\u00e4ndlich kann man die Tasche auch f\u00fcr andere Gegenst\u00e4nde nutzen. Ein gesondertes Fach zum Verstauen der frischen Kotbeutel ist mit [&hellip;]<\/p>\n","protected":false},"featured_media":36317,"comment_status":"closed","ping_status":"open","template":"","meta":[],"product_cat":[13757],"product_tag":[],"class_list":{"0":"post-47032","1":"product","2":"type-product","3":"status-publish","4":"has-post-thumbnail","6":"product_cat-hundetoiletten-hygiene","8":"first","9":"instock","10":"taxable","11":"shipping-taxable","12":"purchasable","13":"product-type-simple"},"_links":{"self":[{"href":"https:\/\/all-pets.de\/shop\/wp-json\/wp\/v2\/product\/47032","targetHints":{"allow":["GET"]}}],"collection":[{"href":"https:\/\/all-pets.de\/shop\/wp-json\/wp\/v2\/product"}],"about":[{"href":"https:\/\/all-pets.de\/shop\/wp-json\/wp\/v2\/types\/product"}],"replies":[{"embeddable":true,"href":"https:\/\/all-pets.de\/shop\/wp-json\/wp\/v2\/comments?post=47032"}],"wp:featuredmedia":[{"embeddable":true,"href":"https:\/\/all-pets.de\/shop\/wp-json\/wp\/v2\/media\/36317"}],"wp:attachment":[{"href":"https:\/\/all-pets.de\/shop\/wp-json\/wp\/v2\/media?parent=47032"}],"wp:term":[{"taxonomy":"product_cat","embeddable":true,"href":"https:\/\/all-pets.de\/shop\/wp-json\/wp\/v2\/product_cat?post=47032"},{"taxonomy":"product_tag","embeddable":true,"href":"https:\/\/all-pets.de\/shop\/wp-json\/wp\/v2\/product_tag?post=47032"}],"curies":[{"name":"wp","href":"https:\/\/api.w.org\/{rel}","templated":true}]}}