{"id":47040,"date":"2023-12-12T10:53:47","date_gmt":"2023-12-12T09:53:47","guid":{"rendered":"https:\/\/pet-shopping.de\/shop\/produkt\/trixie-edelstahlnapf-mit-kunststoffmantel\/"},"modified":"2023-12-12T10:53:50","modified_gmt":"2023-12-12T09:53:50","slug":"trixie-edelstahlnapf-mit-kunststoffmantel","status":"publish","type":"product","link":"https:\/\/all-pets.de\/shop\/produkt\/trixie-edelstahlnapf-mit-kunststoffmantel\/","title":{"rendered":"Trixie Edelstahlnapf mit Kunststoffmantel"},"content":{"rendered":"<p>Der Katzennapf aus rostfreiem Edelstahl ist mit einem Kunststoffmantel mit Fischmotiven best\u00fcckt. Ein dicker Gummiring an der Unterseite des Napfes macht ihn standsicher und rutschfest.<\/p>\n<p>Fassungsverm\u00f6gen: ca. 0,3 l<br \/> Au\u00dfenma\u00dfe: ca. 12 x 4 cm (Durchmesser x H\u00f6he)<\/p>\n<p>Diverse Farben. Eine Farbwahl ist leider nicht m\u00f6glich, da die Farbe je nach Lagerbestand gew\u00e4hlt wird. <\/p>\n","protected":false},"excerpt":{"rendered":"<p>Der Katzennapf aus rostfreiem Edelstahl ist mit einem Kunststoffmantel mit Fischmotiven best\u00fcckt. Ein dicker Gummiring an der Unterseite des Napfes macht ihn standsicher und rutschfest. Fassungsverm\u00f6gen: ca. 0,3 l Au\u00dfenma\u00dfe: ca. 12 x 4 cm (Durchmesser x H\u00f6he) Diverse Farben. Eine Farbwahl ist leider nicht m\u00f6glich, da die Farbe je nach Lagerbestand gew\u00e4hlt wird.<\/p>\n","protected":false},"featured_media":21162,"comment_status":"closed","ping_status":"open","template":"","meta":[],"product_cat":[13740],"product_tag":[],"class_list":{"0":"post-47040","1":"product","2":"type-product","3":"status-publish","4":"has-post-thumbnail","6":"product_cat-futter-wassernaepfe","8":"first","9":"instock","10":"taxable","11":"shipping-taxable","12":"purchasable","13":"product-type-simple"},"_links":{"self":[{"href":"https:\/\/all-pets.de\/shop\/wp-json\/wp\/v2\/product\/47040","targetHints":{"allow":["GET"]}}],"collection":[{"href":"https:\/\/all-pets.de\/shop\/wp-json\/wp\/v2\/product"}],"about":[{"href":"https:\/\/all-pets.de\/shop\/wp-json\/wp\/v2\/types\/product"}],"replies":[{"embeddable":true,"href":"https:\/\/all-pets.de\/shop\/wp-json\/wp\/v2\/comments?post=47040"}],"wp:featuredmedia":[{"embeddable":true,"href":"https:\/\/all-pets.de\/shop\/wp-json\/wp\/v2\/media\/21162"}],"wp:attachment":[{"href":"https:\/\/all-pets.de\/shop\/wp-json\/wp\/v2\/media?parent=47040"}],"wp:term":[{"taxonomy":"product_cat","embeddable":true,"href":"https:\/\/all-pets.de\/shop\/wp-json\/wp\/v2\/product_cat?post=47040"},{"taxonomy":"product_tag","embeddable":true,"href":"https:\/\/all-pets.de\/shop\/wp-json\/wp\/v2\/product_tag?post=47040"}],"curies":[{"name":"wp","href":"https:\/\/api.w.org\/{rel}","templated":true}]}}