{"id":47041,"date":"2023-12-12T10:53:51","date_gmt":"2023-12-12T09:53:51","guid":{"rendered":"https:\/\/pet-shopping.de\/shop\/produkt\/trixie-schmuckanhaenger-herz-mit-strassblume\/"},"modified":"2023-12-12T10:53:51","modified_gmt":"2023-12-12T09:53:51","slug":"trixie-schmuckanhaenger-herz-mit-strassblume","status":"publish","type":"product","link":"https:\/\/all-pets.de\/shop\/produkt\/trixie-schmuckanhaenger-herz-mit-strassblume\/","title":{"rendered":"Trixie Schmuckanh\u00e4nger Herz mit Strassblume"},"content":{"rendered":"<p>Dieser niedliche Schmuckanh\u00e4nger in Form eines Herzens mit Blume besteht aus Metall und ist mit Strasssteinchen besetzt. Mit Hilfe des montierten Hakens kann er ganz einfach z.B. am Halsband von Hund oder Katze befestigt werden.<\/p>\n<p>Gr\u00f6\u00dfe des Anh\u00e4ngers: ca. 16 x 12 mm<br \/> L\u00e4nge inkl. Haken: ca. 4 cm<\/p>\n","protected":false},"excerpt":{"rendered":"<p>Dieser niedliche Schmuckanh\u00e4nger in Form eines Herzens mit Blume besteht aus Metall und ist mit Strasssteinchen besetzt. Mit Hilfe des montierten Hakens kann er ganz einfach z.B. am Halsband von Hund oder Katze befestigt werden. Gr\u00f6\u00dfe des Anh\u00e4ngers: ca. 16 x 12 mm L\u00e4nge inkl. Haken: ca. 4 cm<\/p>\n","protected":false},"featured_media":5669,"comment_status":"closed","ping_status":"open","template":"","meta":[],"product_cat":[13684],"product_tag":[],"class_list":{"0":"post-47041","1":"product","2":"type-product","3":"status-publish","4":"has-post-thumbnail","6":"product_cat-katzenadressanhaenger-blinker","8":"first","9":"instock","10":"taxable","11":"shipping-taxable","12":"purchasable","13":"product-type-simple"},"_links":{"self":[{"href":"https:\/\/all-pets.de\/shop\/wp-json\/wp\/v2\/product\/47041","targetHints":{"allow":["GET"]}}],"collection":[{"href":"https:\/\/all-pets.de\/shop\/wp-json\/wp\/v2\/product"}],"about":[{"href":"https:\/\/all-pets.de\/shop\/wp-json\/wp\/v2\/types\/product"}],"replies":[{"embeddable":true,"href":"https:\/\/all-pets.de\/shop\/wp-json\/wp\/v2\/comments?post=47041"}],"wp:featuredmedia":[{"embeddable":true,"href":"https:\/\/all-pets.de\/shop\/wp-json\/wp\/v2\/media\/5669"}],"wp:attachment":[{"href":"https:\/\/all-pets.de\/shop\/wp-json\/wp\/v2\/media?parent=47041"}],"wp:term":[{"taxonomy":"product_cat","embeddable":true,"href":"https:\/\/all-pets.de\/shop\/wp-json\/wp\/v2\/product_cat?post=47041"},{"taxonomy":"product_tag","embeddable":true,"href":"https:\/\/all-pets.de\/shop\/wp-json\/wp\/v2\/product_tag?post=47041"}],"curies":[{"name":"wp","href":"https:\/\/api.w.org\/{rel}","templated":true}]}}