{"id":47042,"date":"2023-12-12T10:53:51","date_gmt":"2023-12-12T09:53:51","guid":{"rendered":"https:\/\/pet-shopping.de\/shop\/produkt\/trixie-schmuckanhaenger-stern-mit-strass\/"},"modified":"2023-12-12T10:53:52","modified_gmt":"2023-12-12T09:53:52","slug":"trixie-schmuckanhaenger-stern-mit-strass","status":"publish","type":"product","link":"https:\/\/all-pets.de\/shop\/produkt\/trixie-schmuckanhaenger-stern-mit-strass\/","title":{"rendered":"Trixie Schmuckanh\u00e4nger Stern mit Strass"},"content":{"rendered":"<p>Dieser niedliche Schmuckanh\u00e4nger in Form eines Sterns besteht aus Metall und ist mit Strasssteinchen besetzt. Mit Hilfe des montierten Hakens kann er ganz einfach z.B. am Halsband von Hund oder Katze befestigt werden.<\/p>\n<p>Gr\u00f6\u00dfe des Anh\u00e4ngers: ca. 19 x 19 mm<br \/> L\u00e4nge inkl. Haken: ca. 4 cm<\/p>\n<p>Eine Farbwahl ist leider nicht m\u00f6glich, da die Farbe je nach Lagerbestand gew\u00e4hlt wird. M\u00f6gliche Farben sind Schwarz, Wei\u00df, Lila und Rosa.<\/p>\n","protected":false},"excerpt":{"rendered":"<p>Dieser niedliche Schmuckanh\u00e4nger in Form eines Sterns besteht aus Metall und ist mit Strasssteinchen besetzt. Mit Hilfe des montierten Hakens kann er ganz einfach z.B. am Halsband von Hund oder Katze befestigt werden. Gr\u00f6\u00dfe des Anh\u00e4ngers: ca. 19 x 19 mm L\u00e4nge inkl. Haken: ca. 4 cm Eine Farbwahl ist leider nicht m\u00f6glich, da die [&hellip;]<\/p>\n","protected":false},"featured_media":33838,"comment_status":"closed","ping_status":"open","template":"","meta":[],"product_cat":[13684],"product_tag":[],"class_list":{"0":"post-47042","1":"product","2":"type-product","3":"status-publish","4":"has-post-thumbnail","6":"product_cat-katzenadressanhaenger-blinker","8":"first","9":"instock","10":"taxable","11":"shipping-taxable","12":"purchasable","13":"product-type-simple"},"_links":{"self":[{"href":"https:\/\/all-pets.de\/shop\/wp-json\/wp\/v2\/product\/47042","targetHints":{"allow":["GET"]}}],"collection":[{"href":"https:\/\/all-pets.de\/shop\/wp-json\/wp\/v2\/product"}],"about":[{"href":"https:\/\/all-pets.de\/shop\/wp-json\/wp\/v2\/types\/product"}],"replies":[{"embeddable":true,"href":"https:\/\/all-pets.de\/shop\/wp-json\/wp\/v2\/comments?post=47042"}],"wp:featuredmedia":[{"embeddable":true,"href":"https:\/\/all-pets.de\/shop\/wp-json\/wp\/v2\/media\/33838"}],"wp:attachment":[{"href":"https:\/\/all-pets.de\/shop\/wp-json\/wp\/v2\/media?parent=47042"}],"wp:term":[{"taxonomy":"product_cat","embeddable":true,"href":"https:\/\/all-pets.de\/shop\/wp-json\/wp\/v2\/product_cat?post=47042"},{"taxonomy":"product_tag","embeddable":true,"href":"https:\/\/all-pets.de\/shop\/wp-json\/wp\/v2\/product_tag?post=47042"}],"curies":[{"name":"wp","href":"https:\/\/api.w.org\/{rel}","templated":true}]}}