{"id":47044,"date":"2023-12-12T10:53:51","date_gmt":"2023-12-12T09:53:51","guid":{"rendered":"https:\/\/pet-shopping.de\/shop\/produkt\/trixie-schmuckanhaenger-kreis-mit-strassherz\/"},"modified":"2023-12-12T10:53:52","modified_gmt":"2023-12-12T09:53:52","slug":"trixie-schmuckanhaenger-kreis-mit-strassherz","status":"publish","type":"product","link":"https:\/\/all-pets.de\/shop\/produkt\/trixie-schmuckanhaenger-kreis-mit-strassherz\/","title":{"rendered":"Trixie Schmuckanh\u00e4nger Kreis mit Strassherz"},"content":{"rendered":"<p>Dieser niedliche runde Schmuckanh\u00e4nger mit Herz besteht aus Metall und ist mit Strasssteinchen besetzt. Mit Hilfe des montierten Hakens kann er ganz einfach z.B. am Halsband von Hund oder Katze befestigt werden.<\/p>\n<p>Durchmesser des Anh\u00e4ngers: ca. 25 mm<br \/> L\u00e4nge inkl. Haken: ca. 6 cm<\/p>\n<p>Eine Farbwahl ist leider nicht m\u00f6glich, da die Farbe je nach Lagerbestand gew\u00e4hlt wird. M\u00f6gliche Farben sind Schwarz, Wei\u00df, Lila und Rosa.<\/p>\n","protected":false},"excerpt":{"rendered":"<p>Dieser niedliche runde Schmuckanh\u00e4nger mit Herz besteht aus Metall und ist mit Strasssteinchen besetzt. Mit Hilfe des montierten Hakens kann er ganz einfach z.B. am Halsband von Hund oder Katze befestigt werden. Durchmesser des Anh\u00e4ngers: ca. 25 mm L\u00e4nge inkl. Haken: ca. 6 cm Eine Farbwahl ist leider nicht m\u00f6glich, da die Farbe je nach [&hellip;]<\/p>\n","protected":false},"featured_media":33834,"comment_status":"closed","ping_status":"open","template":"","meta":[],"product_cat":[14235],"product_tag":[],"class_list":{"0":"post-47044","1":"product","2":"type-product","3":"status-publish","4":"has-post-thumbnail","6":"product_cat-hundeadressanhaenger-blinker-halsbaender-leinen-katzenadressanhaenger-blinkerhundewelt-katzenhalsbaender-geschirre","8":"first","9":"instock","10":"taxable","11":"shipping-taxable","12":"purchasable","13":"product-type-simple"},"_links":{"self":[{"href":"https:\/\/all-pets.de\/shop\/wp-json\/wp\/v2\/product\/47044","targetHints":{"allow":["GET"]}}],"collection":[{"href":"https:\/\/all-pets.de\/shop\/wp-json\/wp\/v2\/product"}],"about":[{"href":"https:\/\/all-pets.de\/shop\/wp-json\/wp\/v2\/types\/product"}],"replies":[{"embeddable":true,"href":"https:\/\/all-pets.de\/shop\/wp-json\/wp\/v2\/comments?post=47044"}],"wp:featuredmedia":[{"embeddable":true,"href":"https:\/\/all-pets.de\/shop\/wp-json\/wp\/v2\/media\/33834"}],"wp:attachment":[{"href":"https:\/\/all-pets.de\/shop\/wp-json\/wp\/v2\/media?parent=47044"}],"wp:term":[{"taxonomy":"product_cat","embeddable":true,"href":"https:\/\/all-pets.de\/shop\/wp-json\/wp\/v2\/product_cat?post=47044"},{"taxonomy":"product_tag","embeddable":true,"href":"https:\/\/all-pets.de\/shop\/wp-json\/wp\/v2\/product_tag?post=47044"}],"curies":[{"name":"wp","href":"https:\/\/api.w.org\/{rel}","templated":true}]}}