{"id":47046,"date":"2023-12-12T10:53:51","date_gmt":"2023-12-12T09:53:51","guid":{"rendered":"https:\/\/pet-shopping.de\/shop\/produkt\/trixie-cat-activity-tunnel-feeder\/"},"modified":"2023-12-12T10:53:52","modified_gmt":"2023-12-12T09:53:52","slug":"trixie-cat-activity-tunnel-feeder","status":"publish","type":"product","link":"https:\/\/all-pets.de\/shop\/produkt\/trixie-cat-activity-tunnel-feeder\/","title":{"rendered":"Trixie Cat Activity Tunnel Feeder"},"content":{"rendered":"<p>Katzen sind von Natur aus neugierig und verspielt. Sie brauchen Anregungen, um k\u00f6rperlich fit und geistig gesund zu bleiben. Mit dem Tunnel Feeder finden Katzen k\u00f6rperliche Besch\u00e4ftigung und geistige Auslastung. <\/p>\n<p>Der Tunnel Feeder, der aus Kunststoff besteht, schult ihre Geschicklichkeit und f\u00f6rdert die Vitalit\u00e4t. Auch \u00e4ltere Tiere sowie Katzen, die krankheitsbedingt in ihrem Bewegungsumfeld eingeschr\u00e4nkt sind, werden den Tunnel Feeder dankbar annehmen. Der Tunnel Feeder ist nur f\u00fcr Trockenfutter geeignet. Das Futter wird oben in den Beh\u00e4lter eingef\u00fcllt und verteilt sich dann in die 6 R\u00f6hren. Der Tunnel Feeder kann auch f\u00fcr die t\u00e4gliche Trockenfuttergabe genutzt werden.<\/p>\n<p>Vorteile: <br \/> &#8211; Futterst\u00fccke werden aktiv erarbeitet<br \/> &#8211; dient der langsamen Futteraufnahme<br \/> &#8211; Ausgabemenge regulierbar<br \/> &#8211; leicht zu bef\u00fcllen und zu reinigen (sp\u00fclmaschinengeeignet)<br \/> &#8211; kombiniert Spielspa\u00df und Nahrungsaufnahme<br \/> &#8211; schult die Geschicklichkeit<br \/> &#8211; rutschfest du umlaufenden Gummiring<\/p>\n<p>Ma\u00dfe: ca. 28 x 14 cm (Durchmesser x H\u00f6he)<\/p>\n","protected":false},"excerpt":{"rendered":"<p>Katzen sind von Natur aus neugierig und verspielt. Sie brauchen Anregungen, um k\u00f6rperlich fit und geistig gesund zu bleiben. Mit dem Tunnel Feeder finden Katzen k\u00f6rperliche Besch\u00e4ftigung und geistige Auslastung. Der Tunnel Feeder, der aus Kunststoff besteht, schult ihre Geschicklichkeit und f\u00f6rdert die Vitalit\u00e4t. Auch \u00e4ltere Tiere sowie Katzen, die krankheitsbedingt in ihrem Bewegungsumfeld eingeschr\u00e4nkt [&hellip;]<\/p>\n","protected":false},"featured_media":47047,"comment_status":"closed","ping_status":"open","template":"","meta":[],"product_cat":[14651],"product_tag":[],"class_list":{"0":"post-47046","1":"product","2":"type-product","3":"status-publish","4":"has-post-thumbnail","6":"product_cat-futter-wassernaepfe-katzennaepfe-traenken-intelligenz-spielzeugkatzenwelt-katzenspielzeug","8":"first","9":"instock","10":"taxable","11":"shipping-taxable","12":"purchasable","13":"product-type-simple"},"_links":{"self":[{"href":"https:\/\/all-pets.de\/shop\/wp-json\/wp\/v2\/product\/47046","targetHints":{"allow":["GET"]}}],"collection":[{"href":"https:\/\/all-pets.de\/shop\/wp-json\/wp\/v2\/product"}],"about":[{"href":"https:\/\/all-pets.de\/shop\/wp-json\/wp\/v2\/types\/product"}],"replies":[{"embeddable":true,"href":"https:\/\/all-pets.de\/shop\/wp-json\/wp\/v2\/comments?post=47046"}],"wp:featuredmedia":[{"embeddable":true,"href":"https:\/\/all-pets.de\/shop\/wp-json\/wp\/v2\/media\/47047"}],"wp:attachment":[{"href":"https:\/\/all-pets.de\/shop\/wp-json\/wp\/v2\/media?parent=47046"}],"wp:term":[{"taxonomy":"product_cat","embeddable":true,"href":"https:\/\/all-pets.de\/shop\/wp-json\/wp\/v2\/product_cat?post=47046"},{"taxonomy":"product_tag","embeddable":true,"href":"https:\/\/all-pets.de\/shop\/wp-json\/wp\/v2\/product_tag?post=47046"}],"curies":[{"name":"wp","href":"https:\/\/api.w.org\/{rel}","templated":true}]}}