{"id":47050,"date":"2023-12-12T10:53:51","date_gmt":"2023-12-12T09:53:51","guid":{"rendered":"https:\/\/pet-shopping.de\/shop\/produkt\/trixie-baldrian-kissenrolle-aus-baumwolle\/"},"modified":"2023-12-12T10:53:53","modified_gmt":"2023-12-12T09:53:53","slug":"trixie-baldrian-kissenrolle-aus-baumwolle","status":"publish","type":"product","link":"https:\/\/all-pets.de\/shop\/produkt\/trixie-baldrian-kissenrolle-aus-baumwolle\/","title":{"rendered":"Trixie Baldrian-Kissenrolle aus Baumwolle"},"content":{"rendered":"<p>Anders als bei Menschen wirkt die Baldrianwurzel auf Katzen stimulierend und spielanregend. Wenn der Geruch der Rolle nach einiger Zeit nachl\u00e4sst, kann er durch Reibung wieder aufgefrischt werden.<\/p>\n<p>Der Bezug der Kissenrolle besteht aus Baumwolle.<\/p>\n<p>Ma\u00dfe: ca. 25 x 8 cm<\/p>\n<p>Diverse Farben. Eine Farbwahl ist leider nicht m\u00f6glich, da die Farbe je nach Lagerbestand gew\u00e4hlt wird.<\/p>\n","protected":false},"excerpt":{"rendered":"<p>Anders als bei Menschen wirkt die Baldrianwurzel auf Katzen stimulierend und spielanregend. Wenn der Geruch der Rolle nach einiger Zeit nachl\u00e4sst, kann er durch Reibung wieder aufgefrischt werden. Der Bezug der Kissenrolle besteht aus Baumwolle. Ma\u00dfe: ca. 25 x 8 cm Diverse Farben. Eine Farbwahl ist leider nicht m\u00f6glich, da die Farbe je nach Lagerbestand [&hellip;]<\/p>\n","protected":false},"featured_media":22506,"comment_status":"closed","ping_status":"open","template":"","meta":[],"product_cat":[13772],"product_tag":[],"class_list":{"0":"post-47050","1":"product","2":"type-product","3":"status-publish","4":"has-post-thumbnail","6":"product_cat-weitere-spielzeuge-katzenspielzeug","8":"first","9":"instock","10":"taxable","11":"shipping-taxable","12":"purchasable","13":"product-type-simple"},"_links":{"self":[{"href":"https:\/\/all-pets.de\/shop\/wp-json\/wp\/v2\/product\/47050","targetHints":{"allow":["GET"]}}],"collection":[{"href":"https:\/\/all-pets.de\/shop\/wp-json\/wp\/v2\/product"}],"about":[{"href":"https:\/\/all-pets.de\/shop\/wp-json\/wp\/v2\/types\/product"}],"replies":[{"embeddable":true,"href":"https:\/\/all-pets.de\/shop\/wp-json\/wp\/v2\/comments?post=47050"}],"wp:featuredmedia":[{"embeddable":true,"href":"https:\/\/all-pets.de\/shop\/wp-json\/wp\/v2\/media\/22506"}],"wp:attachment":[{"href":"https:\/\/all-pets.de\/shop\/wp-json\/wp\/v2\/media?parent=47050"}],"wp:term":[{"taxonomy":"product_cat","embeddable":true,"href":"https:\/\/all-pets.de\/shop\/wp-json\/wp\/v2\/product_cat?post=47050"},{"taxonomy":"product_tag","embeddable":true,"href":"https:\/\/all-pets.de\/shop\/wp-json\/wp\/v2\/product_tag?post=47050"}],"curies":[{"name":"wp","href":"https:\/\/api.w.org\/{rel}","templated":true}]}}