{"id":47060,"date":"2023-12-12T10:53:51","date_gmt":"2023-12-12T09:53:51","guid":{"rendered":"https:\/\/pet-shopping.de\/shop\/produkt\/trixie-dog-activity-poker-box-vario\/"},"modified":"2023-12-12T10:53:54","modified_gmt":"2023-12-12T09:53:54","slug":"trixie-dog-activity-poker-box-vario","status":"publish","type":"product","link":"https:\/\/all-pets.de\/shop\/produkt\/trixie-dog-activity-poker-box-vario\/","title":{"rendered":"Trixie Dog Activity Poker Box Vario"},"content":{"rendered":"<ul>\n<li> durch \u00d6ffnen des Klappdeckels und Bet\u00e4tigen des Pedals gelangt der Hund an seine Belohnung <\/li>\n<li> Grundplatte mit 2 Elementen, variabel zu platzieren <\/li>\n<li> mit weiteren Poker Box Spielen kombinierbar <\/li>\n<li> Kunststoff <\/li>\n<li> rutschfest durch Gummif\u00fc\u00dfe <\/li>\n<li> inkl. Anleitung mit Tipps und Tricks f\u00fcr das optimale Training <\/li>\n<li>Intelligenz-Spielzeug Level 2<\/li>\n<li>Ma\u00dfe: ca. 32 x 17 cm<\/li>\n<\/ul>\n","protected":false},"excerpt":{"rendered":"<p>durch \u00d6ffnen des Klappdeckels und Bet\u00e4tigen des Pedals gelangt der Hund an seine Belohnung Grundplatte mit 2 Elementen, variabel zu platzieren mit weiteren Poker Box Spielen kombinierbar Kunststoff rutschfest durch Gummif\u00fc\u00dfe inkl. Anleitung mit Tipps und Tricks f\u00fcr das optimale Training Intelligenz-Spielzeug Level 2 Ma\u00dfe: ca. 32 x 17 cm<\/p>\n","protected":false},"featured_media":31551,"comment_status":"closed","ping_status":"open","template":"","meta":[],"product_cat":[13793],"product_tag":[],"class_list":{"0":"post-47060","1":"product","2":"type-product","3":"status-publish","4":"has-post-thumbnail","6":"product_cat-intelligenz","8":"first","9":"instock","10":"taxable","11":"shipping-taxable","12":"purchasable","13":"product-type-simple"},"_links":{"self":[{"href":"https:\/\/all-pets.de\/shop\/wp-json\/wp\/v2\/product\/47060","targetHints":{"allow":["GET"]}}],"collection":[{"href":"https:\/\/all-pets.de\/shop\/wp-json\/wp\/v2\/product"}],"about":[{"href":"https:\/\/all-pets.de\/shop\/wp-json\/wp\/v2\/types\/product"}],"replies":[{"embeddable":true,"href":"https:\/\/all-pets.de\/shop\/wp-json\/wp\/v2\/comments?post=47060"}],"wp:featuredmedia":[{"embeddable":true,"href":"https:\/\/all-pets.de\/shop\/wp-json\/wp\/v2\/media\/31551"}],"wp:attachment":[{"href":"https:\/\/all-pets.de\/shop\/wp-json\/wp\/v2\/media?parent=47060"}],"wp:term":[{"taxonomy":"product_cat","embeddable":true,"href":"https:\/\/all-pets.de\/shop\/wp-json\/wp\/v2\/product_cat?post=47060"},{"taxonomy":"product_tag","embeddable":true,"href":"https:\/\/all-pets.de\/shop\/wp-json\/wp\/v2\/product_tag?post=47060"}],"curies":[{"name":"wp","href":"https:\/\/api.w.org\/{rel}","templated":true}]}}