{"id":47061,"date":"2023-12-12T10:53:51","date_gmt":"2023-12-12T09:53:51","guid":{"rendered":"https:\/\/pet-shopping.de\/shop\/produkt\/karlie-good4fun-tpr-futterball-mit-catnip-6-cm\/"},"modified":"2023-12-12T10:53:55","modified_gmt":"2023-12-12T09:53:55","slug":"karlie-good4fun-tpr-futterball-mit-catnip-6-cm","status":"publish","type":"product","link":"https:\/\/all-pets.de\/shop\/produkt\/karlie-good4fun-tpr-futterball-mit-catnip-6-cm\/","title":{"rendered":"Karlie Good4Fun TPR Futterball mit Catnip &#8211; 6 cm"},"content":{"rendered":"<p>Dieser ca. 6 cm gro\u00dfe Ball ist mit verschiedenen \u00d6ffnungen best\u00fcckt und eignet sich ideal als Snackball, also zum Bef\u00fcllen mit Leckerchen, die dann w\u00e4hrend des Spiels immer wieder herausfallen. Catnip-Duft, der im Material eingeschlossen ist, sorgt f\u00fcr extra langen Spielduft!<\/p>\n<p>good4fun sind Spielzeuge aus Thermo Plastic Rubber, einem Material, das witterungsbest\u00e4ndig und extrem lange haltbar ist. Dieses weiche Material ist besonders zahnfreundlich und nat\u00fcrlich Non Toxic. Auch f\u00fcr Spiele im und am Wasser super geeignet, da die Spielzeuge schwimmf\u00e4hig sind. Geeignet f\u00fcr alle Altersgruppen.<\/p>\n<p>Eine Farbwahl ist leider nicht m\u00f6glich, da die Farbe je nach Lagerbestand gew\u00e4hlt wird.<\/p>\n","protected":false},"excerpt":{"rendered":"<p>Dieser ca. 6 cm gro\u00dfe Ball ist mit verschiedenen \u00d6ffnungen best\u00fcckt und eignet sich ideal als Snackball, also zum Bef\u00fcllen mit Leckerchen, die dann w\u00e4hrend des Spiels immer wieder herausfallen. Catnip-Duft, der im Material eingeschlossen ist, sorgt f\u00fcr extra langen Spielduft! good4fun sind Spielzeuge aus Thermo Plastic Rubber, einem Material, das witterungsbest\u00e4ndig und extrem lange [&hellip;]<\/p>\n","protected":false},"featured_media":6078,"comment_status":"closed","ping_status":"open","template":"","meta":[],"product_cat":[14656],"product_tag":[],"class_list":{"0":"post-47061","1":"product","2":"type-product","3":"status-publish","4":"has-post-thumbnail","6":"product_cat-catnip-baldrian-spielzeug-katzenspielzeug-intelligenz-spielzeugkatzenwelt","8":"first","9":"instock","10":"taxable","11":"shipping-taxable","12":"purchasable","13":"product-type-simple"},"_links":{"self":[{"href":"https:\/\/all-pets.de\/shop\/wp-json\/wp\/v2\/product\/47061","targetHints":{"allow":["GET"]}}],"collection":[{"href":"https:\/\/all-pets.de\/shop\/wp-json\/wp\/v2\/product"}],"about":[{"href":"https:\/\/all-pets.de\/shop\/wp-json\/wp\/v2\/types\/product"}],"replies":[{"embeddable":true,"href":"https:\/\/all-pets.de\/shop\/wp-json\/wp\/v2\/comments?post=47061"}],"wp:featuredmedia":[{"embeddable":true,"href":"https:\/\/all-pets.de\/shop\/wp-json\/wp\/v2\/media\/6078"}],"wp:attachment":[{"href":"https:\/\/all-pets.de\/shop\/wp-json\/wp\/v2\/media?parent=47061"}],"wp:term":[{"taxonomy":"product_cat","embeddable":true,"href":"https:\/\/all-pets.de\/shop\/wp-json\/wp\/v2\/product_cat?post=47061"},{"taxonomy":"product_tag","embeddable":true,"href":"https:\/\/all-pets.de\/shop\/wp-json\/wp\/v2\/product_tag?post=47061"}],"curies":[{"name":"wp","href":"https:\/\/api.w.org\/{rel}","templated":true}]}}