{"id":47064,"date":"2023-12-12T10:53:51","date_gmt":"2023-12-12T09:53:51","guid":{"rendered":"https:\/\/pet-shopping.de\/shop\/produkt\/jr-farm-garden-igel-schmaus-500g\/"},"modified":"2023-12-12T10:53:55","modified_gmt":"2023-12-12T09:53:55","slug":"jr-farm-garden-igel-schmaus-500g","status":"publish","type":"product","link":"https:\/\/all-pets.de\/shop\/produkt\/jr-farm-garden-igel-schmaus-500g\/","title":{"rendered":"JR Farm Garden Igel-Schmaus 500g"},"content":{"rendered":"<div>Mit Fr\u00fcchten und extra viel tierischem Eiwei\u00df! Igel ben\u00f6tigen unsere Hilfe, wenn sie krank oder verletzt sind, oder im Oktober\/November unter 500 g wiegen. Die Zusammensetzung gew\u00e4hrt eine rasche Gewichtszunahme, um f\u00fcr den Winter ger\u00fcstet zu sein. Bei Bedarf kann das Futter mit etwas Wasser eingeweicht werden.<\/div>\n<div>\u00a0<\/div>\n<div>F\u00fctterungsempfehlung:<\/div>\n<div>Je nach Gr\u00f6\u00dfe des Tieres t\u00e4glich 2 bis 4 Essl\u00f6ffel.<\/div>\n<div>\u00a0<\/div>\n<div>Zusammensetzung:<\/div>\n<div>Fr\u00fcchte (Bananen 3%, \u00c4pfel 2,5%), Weich- und Krebstiere, Getreide, pflanzliche Nebenerzeugnisse, Fleisch und tierische Nebenerzeugnisse, Insekten, \u00d6le und Fette, Gem\u00fcse, Honig 4%, N\u00fcsse<\/div>\n<div>\u00a0<\/div>\n<div>Zusatzstoffe:<\/div>\n<div>Vitamin A (als Retinol) 2450 i.E., Vitamin D3 (als Cholecalciferol) 238 i.E., Vitamin E (als all-rac-alpha-Tocopherylacetat) 16,63 mg, Vitamin C (als Ascorbylmonophosphat) 0,88 mg  sensorische Zusatzstoffe: Canthaxanthin 1,4 mg<\/div>\n<div>\u00a0<\/div>\n<div>500g<\/div>\n<div>\u00a0<\/div>\n<div>\u00a0<\/div>\n","protected":false},"excerpt":{"rendered":"<p>Mit Fr\u00fcchten und extra viel tierischem Eiwei\u00df! Igel ben\u00f6tigen unsere Hilfe, wenn sie krank oder verletzt sind, oder im Oktober\/November unter 500 g wiegen. Die Zusammensetzung gew\u00e4hrt eine rasche Gewichtszunahme, um f\u00fcr den Winter ger\u00fcstet zu sein. Bei Bedarf kann das Futter mit etwas Wasser eingeweicht werden. \u00a0 F\u00fctterungsempfehlung: Je nach Gr\u00f6\u00dfe des Tieres t\u00e4glich [&hellip;]<\/p>\n","protected":false},"featured_media":35427,"comment_status":"closed","ping_status":"open","template":"","meta":[],"product_cat":[14670],"product_tag":[],"class_list":{"0":"post-47064","1":"product","2":"type-product","3":"status-publish","4":"has-post-thumbnail","6":"product_cat-jr-farm-kleintierfutter-snacks-igelfutterkleintierwelt","8":"first","9":"instock","10":"taxable","11":"shipping-taxable","12":"purchasable","13":"product-type-simple"},"_links":{"self":[{"href":"https:\/\/all-pets.de\/shop\/wp-json\/wp\/v2\/product\/47064","targetHints":{"allow":["GET"]}}],"collection":[{"href":"https:\/\/all-pets.de\/shop\/wp-json\/wp\/v2\/product"}],"about":[{"href":"https:\/\/all-pets.de\/shop\/wp-json\/wp\/v2\/types\/product"}],"replies":[{"embeddable":true,"href":"https:\/\/all-pets.de\/shop\/wp-json\/wp\/v2\/comments?post=47064"}],"wp:featuredmedia":[{"embeddable":true,"href":"https:\/\/all-pets.de\/shop\/wp-json\/wp\/v2\/media\/35427"}],"wp:attachment":[{"href":"https:\/\/all-pets.de\/shop\/wp-json\/wp\/v2\/media?parent=47064"}],"wp:term":[{"taxonomy":"product_cat","embeddable":true,"href":"https:\/\/all-pets.de\/shop\/wp-json\/wp\/v2\/product_cat?post=47064"},{"taxonomy":"product_tag","embeddable":true,"href":"https:\/\/all-pets.de\/shop\/wp-json\/wp\/v2\/product_tag?post=47064"}],"curies":[{"name":"wp","href":"https:\/\/api.w.org\/{rel}","templated":true}]}}