{"id":47066,"date":"2023-12-12T10:53:51","date_gmt":"2023-12-12T09:53:51","guid":{"rendered":"https:\/\/pet-shopping.de\/shop\/produkt\/karlie-good4fun-tpr-vogel-mit-catnip-55-cm\/"},"modified":"2023-12-12T10:53:56","modified_gmt":"2023-12-12T09:53:56","slug":"karlie-good4fun-tpr-vogel-mit-catnip-55-cm","status":"publish","type":"product","link":"https:\/\/all-pets.de\/shop\/produkt\/karlie-good4fun-tpr-vogel-mit-catnip-55-cm\/","title":{"rendered":"Karlie Good4Fun TPR Vogel mit Catnip &#8211; 5,5 cm"},"content":{"rendered":"<p>Dieser ca. 5,5 x 3 cm (LxB) gro\u00dfe Vogel besteht aus TPR, welches einige Hersteller aufgrund seiner tollen Eigenschaften ganz neu f\u00fcr die Herstellung von Tierspielzeug f\u00fcr sich entdeckt haben. Catnip-Duft, der im Material eingeschlossen ist, sorgt f\u00fcr extra langen Spielduft!<\/p>\n<p>good4fun sind Spielzeuge aus Thermo Plastic Rubber, einem Material, das witterungsbest\u00e4ndig und extrem lange haltbar ist. Dieses weiche Material ist besonders zahnfreundlich und nat\u00fcrlich Non Toxic. Auch f\u00fcr Spiele im und am Wasser super geeignet, da die Spielzeuge schwimmf\u00e4hig sind. Geeignet f\u00fcr alle Altersgruppen.<\/p>\n<p>Eine Farbwahl ist leider nicht m\u00f6glich, da die Farbe je nach Lagerbestand gew\u00e4hlt wird.<\/p>\n","protected":false},"excerpt":{"rendered":"<p>Dieser ca. 5,5 x 3 cm (LxB) gro\u00dfe Vogel besteht aus TPR, welches einige Hersteller aufgrund seiner tollen Eigenschaften ganz neu f\u00fcr die Herstellung von Tierspielzeug f\u00fcr sich entdeckt haben. Catnip-Duft, der im Material eingeschlossen ist, sorgt f\u00fcr extra langen Spielduft! good4fun sind Spielzeuge aus Thermo Plastic Rubber, einem Material, das witterungsbest\u00e4ndig und extrem lange [&hellip;]<\/p>\n","protected":false},"featured_media":6090,"comment_status":"closed","ping_status":"open","template":"","meta":[],"product_cat":[13744],"product_tag":[],"class_list":{"0":"post-47066","1":"product","2":"type-product","3":"status-publish","4":"has-post-thumbnail","6":"product_cat-weitere-spielzeuge","8":"first","9":"instock","10":"taxable","11":"shipping-taxable","12":"purchasable","13":"product-type-simple"},"_links":{"self":[{"href":"https:\/\/all-pets.de\/shop\/wp-json\/wp\/v2\/product\/47066","targetHints":{"allow":["GET"]}}],"collection":[{"href":"https:\/\/all-pets.de\/shop\/wp-json\/wp\/v2\/product"}],"about":[{"href":"https:\/\/all-pets.de\/shop\/wp-json\/wp\/v2\/types\/product"}],"replies":[{"embeddable":true,"href":"https:\/\/all-pets.de\/shop\/wp-json\/wp\/v2\/comments?post=47066"}],"wp:featuredmedia":[{"embeddable":true,"href":"https:\/\/all-pets.de\/shop\/wp-json\/wp\/v2\/media\/6090"}],"wp:attachment":[{"href":"https:\/\/all-pets.de\/shop\/wp-json\/wp\/v2\/media?parent=47066"}],"wp:term":[{"taxonomy":"product_cat","embeddable":true,"href":"https:\/\/all-pets.de\/shop\/wp-json\/wp\/v2\/product_cat?post=47066"},{"taxonomy":"product_tag","embeddable":true,"href":"https:\/\/all-pets.de\/shop\/wp-json\/wp\/v2\/product_tag?post=47066"}],"curies":[{"name":"wp","href":"https:\/\/api.w.org\/{rel}","templated":true}]}}