{"id":47069,"date":"2023-12-12T10:53:51","date_gmt":"2023-12-12T09:53:51","guid":{"rendered":"https:\/\/pet-shopping.de\/shop\/produkt\/trixie-mineralstein-aus-himalaya-salz-60g\/"},"modified":"2023-12-12T10:53:56","modified_gmt":"2023-12-12T09:53:56","slug":"trixie-mineralstein-aus-himalaya-salz-60g","status":"publish","type":"product","link":"https:\/\/all-pets.de\/shop\/produkt\/trixie-mineralstein-aus-himalaya-salz-60g\/","title":{"rendered":"Trixie Mineralstein aus Himalaya-Salz &#8211; 60g"},"content":{"rendered":"<p>Erg\u00e4nzungsfuttermittel f\u00fcr Kaninchen, Meerschweinchen und Kleinnager<\/p>\n<p>Mineralstein aus 100% nat\u00fcrlichem Himalaya-Salz in naturbelassener Form. Versorgt Ihren Liebling mit lebenswichtigen Salzen und Mineralien. Mit Halter zu Einh\u00e4ngen ins K\u00e4figgitter.<\/p>\n<p>Gewicht: ca. 60g<\/p>\n","protected":false},"excerpt":{"rendered":"<p>Erg\u00e4nzungsfuttermittel f\u00fcr Kaninchen, Meerschweinchen und Kleinnager Mineralstein aus 100% nat\u00fcrlichem Himalaya-Salz in naturbelassener Form. Versorgt Ihren Liebling mit lebenswichtigen Salzen und Mineralien. Mit Halter zu Einh\u00e4ngen ins K\u00e4figgitter. Gewicht: ca. 60g<\/p>\n","protected":false},"featured_media":5567,"comment_status":"closed","ping_status":"open","template":"","meta":[],"product_cat":[14655],"product_tag":[],"class_list":{"0":"post-47069","1":"product","2":"type-product","3":"status-publish","4":"has-post-thumbnail","6":"product_cat-nagersteine","8":"first","9":"instock","10":"taxable","11":"shipping-taxable","12":"purchasable","13":"product-type-simple"},"_links":{"self":[{"href":"https:\/\/all-pets.de\/shop\/wp-json\/wp\/v2\/product\/47069","targetHints":{"allow":["GET"]}}],"collection":[{"href":"https:\/\/all-pets.de\/shop\/wp-json\/wp\/v2\/product"}],"about":[{"href":"https:\/\/all-pets.de\/shop\/wp-json\/wp\/v2\/types\/product"}],"replies":[{"embeddable":true,"href":"https:\/\/all-pets.de\/shop\/wp-json\/wp\/v2\/comments?post=47069"}],"wp:featuredmedia":[{"embeddable":true,"href":"https:\/\/all-pets.de\/shop\/wp-json\/wp\/v2\/media\/5567"}],"wp:attachment":[{"href":"https:\/\/all-pets.de\/shop\/wp-json\/wp\/v2\/media?parent=47069"}],"wp:term":[{"taxonomy":"product_cat","embeddable":true,"href":"https:\/\/all-pets.de\/shop\/wp-json\/wp\/v2\/product_cat?post=47069"},{"taxonomy":"product_tag","embeddable":true,"href":"https:\/\/all-pets.de\/shop\/wp-json\/wp\/v2\/product_tag?post=47069"}],"curies":[{"name":"wp","href":"https:\/\/api.w.org\/{rel}","templated":true}]}}