{"id":47082,"date":"2023-12-12T10:53:58","date_gmt":"2023-12-12T09:53:58","guid":{"rendered":"https:\/\/pet-shopping.de\/shop\/produkt\/kerbl-kratz-und-kuschelhoehle-ina\/"},"modified":"2023-12-12T10:53:59","modified_gmt":"2023-12-12T09:53:59","slug":"kerbl-kratz-und-kuschelhoehle-ina","status":"publish","type":"product","link":"https:\/\/all-pets.de\/shop\/produkt\/kerbl-kratz-und-kuschelhoehle-ina\/","title":{"rendered":"Kerbl Kratz- und Kuschelh\u00f6hle Ina"},"content":{"rendered":"<p>Die Kratz- und Kuschelh\u00f6hle Ina bietet Ihrem Stubentiger oder auch mehreren Stubentigern gem\u00fctliche R\u00fcckzugsorte. Sie besteht aus insgesamt drei getrennten H\u00f6hlen, von denen sich zwei im Inneren der Kratztonne befinden, w\u00e4hrend die Dritte komplett aus Pl\u00fcschstoff besteht und auf der Kratztonne montiert wird.<\/p>\n<p>Von au\u00dfen ist der komplette untere Bereich mit Sisal bezogen und bietet so eine extra gro\u00dfe Kratzfl\u00e4che zum Krallenwetzen. Neben den Eing\u00e4ngen zu den H\u00f6hlen befindet sich noch ein Schlitz, der als Sichtfenster f\u00fcr die beiden unteren Etagen genutzt werden kann, so hat Ihre Samtpfote immer alles im Blick. Sowohl die H\u00f6hleneing\u00e4nge als auch dieses Sichtfenster sind mit einem Pl\u00fcschrand best\u00fcckt.<\/p>\n<p>H\u00f6he: ca. 80 cm<br \/> Durchmesser: ca. 35 cm<\/p>\n<p>Farbe: Braun\/Beige <\/p>\n","protected":false},"excerpt":{"rendered":"<p>Die Kratz- und Kuschelh\u00f6hle Ina bietet Ihrem Stubentiger oder auch mehreren Stubentigern gem\u00fctliche R\u00fcckzugsorte. Sie besteht aus insgesamt drei getrennten H\u00f6hlen, von denen sich zwei im Inneren der Kratztonne befinden, w\u00e4hrend die Dritte komplett aus Pl\u00fcschstoff besteht und auf der Kratztonne montiert wird. Von au\u00dfen ist der komplette untere Bereich mit Sisal bezogen und bietet [&hellip;]<\/p>\n","protected":false},"featured_media":23016,"comment_status":"closed","ping_status":"open","template":"","meta":[],"product_cat":[14264],"product_tag":[],"class_list":{"0":"post-47082","1":"product","2":"type-product","3":"status-publish","4":"has-post-thumbnail","6":"product_cat-kratzbaeume-moebel-bis-100-cmkatzenwelt-kratzbaeume-moebel-kratztonnenkatzenwelt","8":"first","9":"instock","10":"taxable","11":"shipping-taxable","12":"purchasable","13":"product-type-simple"},"_links":{"self":[{"href":"https:\/\/all-pets.de\/shop\/wp-json\/wp\/v2\/product\/47082","targetHints":{"allow":["GET"]}}],"collection":[{"href":"https:\/\/all-pets.de\/shop\/wp-json\/wp\/v2\/product"}],"about":[{"href":"https:\/\/all-pets.de\/shop\/wp-json\/wp\/v2\/types\/product"}],"replies":[{"embeddable":true,"href":"https:\/\/all-pets.de\/shop\/wp-json\/wp\/v2\/comments?post=47082"}],"wp:featuredmedia":[{"embeddable":true,"href":"https:\/\/all-pets.de\/shop\/wp-json\/wp\/v2\/media\/23016"}],"wp:attachment":[{"href":"https:\/\/all-pets.de\/shop\/wp-json\/wp\/v2\/media?parent=47082"}],"wp:term":[{"taxonomy":"product_cat","embeddable":true,"href":"https:\/\/all-pets.de\/shop\/wp-json\/wp\/v2\/product_cat?post=47082"},{"taxonomy":"product_tag","embeddable":true,"href":"https:\/\/all-pets.de\/shop\/wp-json\/wp\/v2\/product_tag?post=47082"}],"curies":[{"name":"wp","href":"https:\/\/api.w.org\/{rel}","templated":true}]}}