{"id":47083,"date":"2023-12-12T10:53:58","date_gmt":"2023-12-12T09:53:58","guid":{"rendered":"https:\/\/pet-shopping.de\/shop\/produkt\/trixie-sitzstange-mit-napf-aus-kokosnuss\/"},"modified":"2023-12-12T10:53:59","modified_gmt":"2023-12-12T09:53:59","slug":"trixie-sitzstange-mit-napf-aus-kokosnuss","status":"publish","type":"product","link":"https:\/\/all-pets.de\/shop\/produkt\/trixie-sitzstange-mit-napf-aus-kokosnuss\/","title":{"rendered":"Trixie Sitzstange mit Napf aus Kokosnuss"},"content":{"rendered":"<p>Diese nat\u00fcrliche Sitzstange mit Futternapf besteht aus Holz und Kokosnuss und eignet sich f\u00fcr Nymphen- und Gro\u00dfsittiche. Sie wird einfach mit Hilfe der Schraubbefestigung im K\u00e4figgitter befestigt.<\/p>\n<p>L\u00e4nge: ca. 25 cm<br \/> Durchmesser: ca. 18 mm<\/p>\n","protected":false},"excerpt":{"rendered":"<p>Diese nat\u00fcrliche Sitzstange mit Futternapf besteht aus Holz und Kokosnuss und eignet sich f\u00fcr Nymphen- und Gro\u00dfsittiche. Sie wird einfach mit Hilfe der Schraubbefestigung im K\u00e4figgitter befestigt. L\u00e4nge: ca. 25 cm Durchmesser: ca. 18 mm<\/p>\n","protected":false},"featured_media":18853,"comment_status":"closed","ping_status":"open","template":"","meta":[],"product_cat":[14679],"product_tag":[],"class_list":{"0":"post-47083","1":"product","2":"type-product","3":"status-publish","4":"has-post-thumbnail","6":"product_cat-vogelnaepfe-vogeltraenken-ausstattung-zubehoer-sitzstangenvogelwelt","8":"first","9":"instock","10":"taxable","11":"shipping-taxable","12":"purchasable","13":"product-type-simple"},"_links":{"self":[{"href":"https:\/\/all-pets.de\/shop\/wp-json\/wp\/v2\/product\/47083","targetHints":{"allow":["GET"]}}],"collection":[{"href":"https:\/\/all-pets.de\/shop\/wp-json\/wp\/v2\/product"}],"about":[{"href":"https:\/\/all-pets.de\/shop\/wp-json\/wp\/v2\/types\/product"}],"replies":[{"embeddable":true,"href":"https:\/\/all-pets.de\/shop\/wp-json\/wp\/v2\/comments?post=47083"}],"wp:featuredmedia":[{"embeddable":true,"href":"https:\/\/all-pets.de\/shop\/wp-json\/wp\/v2\/media\/18853"}],"wp:attachment":[{"href":"https:\/\/all-pets.de\/shop\/wp-json\/wp\/v2\/media?parent=47083"}],"wp:term":[{"taxonomy":"product_cat","embeddable":true,"href":"https:\/\/all-pets.de\/shop\/wp-json\/wp\/v2\/product_cat?post=47083"},{"taxonomy":"product_tag","embeddable":true,"href":"https:\/\/all-pets.de\/shop\/wp-json\/wp\/v2\/product_tag?post=47083"}],"curies":[{"name":"wp","href":"https:\/\/api.w.org\/{rel}","templated":true}]}}