{"id":47085,"date":"2023-12-12T10:53:58","date_gmt":"2023-12-12T09:53:58","guid":{"rendered":"https:\/\/pet-shopping.de\/shop\/produkt\/trixie-rotolinis-mit-rind-12-stueck-120g\/"},"modified":"2023-12-12T10:53:59","modified_gmt":"2023-12-12T09:53:59","slug":"trixie-rotolinis-mit-rind-12-stueck-120g","status":"publish","type":"product","link":"https:\/\/all-pets.de\/shop\/produkt\/trixie-rotolinis-mit-rind-12-stueck-120g\/","title":{"rendered":"Trixie Rotolinis mit Rind &#8211; 12 St\u00fcck\/120g"},"content":{"rendered":"<p>Erg\u00e4nzungsfuttermittel f\u00fcr Hunde<\/p>\n<p>Rotolinis sind eine optimale Nahrungserg\u00e4nzung und ein leckerer Snack f\u00fcr zwischendurch.<\/p>\n<p>Zusammensetzung:<br \/> Fleisch und tierische Nebenerzeugnisse (20% Rind), Getreide, pflanzliche Nebenerzeugnisse, Mineralstoffe.<\/p>\n<p>Inhaltsstoffe: <br \/> Rohprotein 31%, Roh\u00f6le und -fette 6%, Rohasche 3,5%, Rohfaser 2,0%, Feuchtigkeit 25%.<\/p>\n<p>Mit Konservierungsstoffen. Ohne Zuckerzusatz!<\/p>\n<p>Inhalt: 12 St\u00fcck (je 12 cm) \/ 120g<\/p>\n","protected":false},"excerpt":{"rendered":"<p>Erg\u00e4nzungsfuttermittel f\u00fcr Hunde Rotolinis sind eine optimale Nahrungserg\u00e4nzung und ein leckerer Snack f\u00fcr zwischendurch. Zusammensetzung: Fleisch und tierische Nebenerzeugnisse (20% Rind), Getreide, pflanzliche Nebenerzeugnisse, Mineralstoffe. Inhaltsstoffe: Rohprotein 31%, Roh\u00f6le und -fette 6%, Rohasche 3,5%, Rohfaser 2,0%, Feuchtigkeit 25%. Mit Konservierungsstoffen. Ohne Zuckerzusatz! Inhalt: 12 St\u00fcck (je 12 cm) \/ 120g<\/p>\n","protected":false},"featured_media":20079,"comment_status":"closed","ping_status":"open","template":"","meta":[],"product_cat":[13809],"product_tag":[],"class_list":{"0":"post-47085","1":"product","2":"type-product","3":"status-publish","4":"has-post-thumbnail","6":"product_cat-trixie","8":"first","9":"instock","10":"taxable","11":"shipping-taxable","12":"purchasable","13":"product-type-simple"},"_links":{"self":[{"href":"https:\/\/all-pets.de\/shop\/wp-json\/wp\/v2\/product\/47085","targetHints":{"allow":["GET"]}}],"collection":[{"href":"https:\/\/all-pets.de\/shop\/wp-json\/wp\/v2\/product"}],"about":[{"href":"https:\/\/all-pets.de\/shop\/wp-json\/wp\/v2\/types\/product"}],"replies":[{"embeddable":true,"href":"https:\/\/all-pets.de\/shop\/wp-json\/wp\/v2\/comments?post=47085"}],"wp:featuredmedia":[{"embeddable":true,"href":"https:\/\/all-pets.de\/shop\/wp-json\/wp\/v2\/media\/20079"}],"wp:attachment":[{"href":"https:\/\/all-pets.de\/shop\/wp-json\/wp\/v2\/media?parent=47085"}],"wp:term":[{"taxonomy":"product_cat","embeddable":true,"href":"https:\/\/all-pets.de\/shop\/wp-json\/wp\/v2\/product_cat?post=47085"},{"taxonomy":"product_tag","embeddable":true,"href":"https:\/\/all-pets.de\/shop\/wp-json\/wp\/v2\/product_tag?post=47085"}],"curies":[{"name":"wp","href":"https:\/\/api.w.org\/{rel}","templated":true}]}}