{"id":47086,"date":"2023-12-12T10:53:58","date_gmt":"2023-12-12T09:53:58","guid":{"rendered":"https:\/\/pet-shopping.de\/shop\/produkt\/trixie-10-toilettenbeutel-xl-bis-56-x-71-cm\/"},"modified":"2023-12-12T10:53:59","modified_gmt":"2023-12-12T09:53:59","slug":"trixie-10-toilettenbeutel-xl-bis-56-x-71-cm","status":"publish","type":"product","link":"https:\/\/all-pets.de\/shop\/produkt\/trixie-10-toilettenbeutel-xl-bis-56-x-71-cm\/","title":{"rendered":"Trixie 10 Toilettenbeutel XL, bis 56 x 71 cm"},"content":{"rendered":"<p>Sauber und hygienisch!<\/p>\n<p>Katzentoilettenbeutel erm\u00f6glichen eine schnelle und einfache Reinigung der Katzentoilette. Sie verhindern Urinablagerungen in der Toilette und damit auch unangenehme Ger\u00fcche. So wird die Lebensdauer Ihrer Katzentoilette erheblich erh\u00f6ht.<\/p>\n<p>Geeignet f\u00fcr Katzentoiletten bis zu einer Gr\u00f6\u00dfe von ca. 56 x 71 cm.<\/p>\n<p>Inhalt: 10 St\u00fcck<\/p>\n","protected":false},"excerpt":{"rendered":"<p>Sauber und hygienisch! Katzentoilettenbeutel erm\u00f6glichen eine schnelle und einfache Reinigung der Katzentoilette. Sie verhindern Urinablagerungen in der Toilette und damit auch unangenehme Ger\u00fcche. So wird die Lebensdauer Ihrer Katzentoilette erheblich erh\u00f6ht. Geeignet f\u00fcr Katzentoiletten bis zu einer Gr\u00f6\u00dfe von ca. 56 x 71 cm. Inhalt: 10 St\u00fcck<\/p>\n","protected":false},"featured_media":47087,"comment_status":"closed","ping_status":"open","template":"","meta":[],"product_cat":[14219],"product_tag":[],"class_list":{"0":"post-47086","1":"product","2":"type-product","3":"status-publish","4":"has-post-thumbnail","6":"product_cat-toiletten-zubehoer","8":"first","9":"instock","10":"taxable","11":"shipping-taxable","12":"purchasable","13":"product-type-simple"},"_links":{"self":[{"href":"https:\/\/all-pets.de\/shop\/wp-json\/wp\/v2\/product\/47086","targetHints":{"allow":["GET"]}}],"collection":[{"href":"https:\/\/all-pets.de\/shop\/wp-json\/wp\/v2\/product"}],"about":[{"href":"https:\/\/all-pets.de\/shop\/wp-json\/wp\/v2\/types\/product"}],"replies":[{"embeddable":true,"href":"https:\/\/all-pets.de\/shop\/wp-json\/wp\/v2\/comments?post=47086"}],"wp:featuredmedia":[{"embeddable":true,"href":"https:\/\/all-pets.de\/shop\/wp-json\/wp\/v2\/media\/47087"}],"wp:attachment":[{"href":"https:\/\/all-pets.de\/shop\/wp-json\/wp\/v2\/media?parent=47086"}],"wp:term":[{"taxonomy":"product_cat","embeddable":true,"href":"https:\/\/all-pets.de\/shop\/wp-json\/wp\/v2\/product_cat?post=47086"},{"taxonomy":"product_tag","embeddable":true,"href":"https:\/\/all-pets.de\/shop\/wp-json\/wp\/v2\/product_tag?post=47086"}],"curies":[{"name":"wp","href":"https:\/\/api.w.org\/{rel}","templated":true}]}}