{"id":47094,"date":"2023-12-12T10:54:02","date_gmt":"2023-12-12T09:54:02","guid":{"rendered":"https:\/\/pet-shopping.de\/shop\/produkt\/trixie-snackball-fuer-kleintiere-6-cm\/"},"modified":"2023-12-12T10:54:03","modified_gmt":"2023-12-12T09:54:03","slug":"trixie-snackball-fuer-kleintiere-6-cm","status":"publish","type":"product","link":"https:\/\/all-pets.de\/shop\/produkt\/trixie-snackball-fuer-kleintiere-6-cm\/","title":{"rendered":"Trixie Snackball f\u00fcr Kleintiere &#8211; 6 cm"},"content":{"rendered":"<p>Der Snackball f\u00fcr Kleintiere, wie Kaninchen oder Ratten, besteht aus Kunststoff und l\u00e4sst durch Rollbewegungen Snacks herausfallen, die vorher durch die \u00d6ffnung eingef\u00fcllt werden k\u00f6nnen. <\/p>\n<p>Der Ball schult die Geschicklichkeit und verf\u00fcgt \u00fcber eine verstellbare \u00d6ffnung, mit der die Leckerlieausgabe reguliert werden kann.<\/p>\n<p>Durchmesser: ca. 6 cm<\/p>\n<p>Die Farben k\u00f6nnen von der Abbildung abweichen.<\/p>\n","protected":false},"excerpt":{"rendered":"<p>Der Snackball f\u00fcr Kleintiere, wie Kaninchen oder Ratten, besteht aus Kunststoff und l\u00e4sst durch Rollbewegungen Snacks herausfallen, die vorher durch die \u00d6ffnung eingef\u00fcllt werden k\u00f6nnen. Der Ball schult die Geschicklichkeit und verf\u00fcgt \u00fcber eine verstellbare \u00d6ffnung, mit der die Leckerlieausgabe reguliert werden kann. Durchmesser: ca. 6 cm Die Farben k\u00f6nnen von der Abbildung abweichen.<\/p>\n","protected":false},"featured_media":35931,"comment_status":"closed","ping_status":"open","template":"","meta":[],"product_cat":[13745],"product_tag":[],"class_list":{"0":"post-47094","1":"product","2":"type-product","3":"status-publish","4":"has-post-thumbnail","6":"product_cat-spiel-sport","8":"first","9":"instock","10":"taxable","11":"shipping-taxable","12":"purchasable","13":"product-type-simple"},"_links":{"self":[{"href":"https:\/\/all-pets.de\/shop\/wp-json\/wp\/v2\/product\/47094","targetHints":{"allow":["GET"]}}],"collection":[{"href":"https:\/\/all-pets.de\/shop\/wp-json\/wp\/v2\/product"}],"about":[{"href":"https:\/\/all-pets.de\/shop\/wp-json\/wp\/v2\/types\/product"}],"replies":[{"embeddable":true,"href":"https:\/\/all-pets.de\/shop\/wp-json\/wp\/v2\/comments?post=47094"}],"wp:featuredmedia":[{"embeddable":true,"href":"https:\/\/all-pets.de\/shop\/wp-json\/wp\/v2\/media\/35931"}],"wp:attachment":[{"href":"https:\/\/all-pets.de\/shop\/wp-json\/wp\/v2\/media?parent=47094"}],"wp:term":[{"taxonomy":"product_cat","embeddable":true,"href":"https:\/\/all-pets.de\/shop\/wp-json\/wp\/v2\/product_cat?post=47094"},{"taxonomy":"product_tag","embeddable":true,"href":"https:\/\/all-pets.de\/shop\/wp-json\/wp\/v2\/product_tag?post=47094"}],"curies":[{"name":"wp","href":"https:\/\/api.w.org\/{rel}","templated":true}]}}