{"id":47101,"date":"2023-12-12T10:54:02","date_gmt":"2023-12-12T09:54:02","guid":{"rendered":"https:\/\/pet-shopping.de\/shop\/produkt\/trixie-kratzbrett-fuer-zimmerecken-gross-lichtgrau\/"},"modified":"2023-12-12T10:54:03","modified_gmt":"2023-12-12T09:54:03","slug":"trixie-kratzbrett-fuer-zimmerecken-gross-lichtgrau","status":"publish","type":"product","link":"https:\/\/all-pets.de\/shop\/produkt\/trixie-kratzbrett-fuer-zimmerecken-gross-lichtgrau\/","title":{"rendered":"Trixie Kratzbrett f\u00fcr Zimmerecken, Gro\u00df &#8211; Lichtgrau"},"content":{"rendered":"<p>&#8211; Kratzbrett aus Sisal und Pl\u00fcsch<br \/> &#8211; speziell f\u00fcr Zimmerecken<br \/> &#8211; pl\u00fcschbezogene R\u00fcckseite<br \/> &#8211; Pl\u00fcschrand oben und unten<br \/> &#8211; mit Catnip<br \/> &#8211; Sisalteppich pro Seite ca. 14 \u00d7 46 cm<br \/> &#8211; zum Aufh\u00e4ngen<br \/> &#8211; Gesamtma\u00dfe: ca. 32 x 60 cm<br \/> &#8211; Farbe: Lichtgrau<\/p>\n","protected":false},"excerpt":{"rendered":"<p>&#8211; Kratzbrett aus Sisal und Pl\u00fcsch &#8211; speziell f\u00fcr Zimmerecken &#8211; pl\u00fcschbezogene R\u00fcckseite &#8211; Pl\u00fcschrand oben und unten &#8211; mit Catnip &#8211; Sisalteppich pro Seite ca. 14 \u00d7 46 cm &#8211; zum Aufh\u00e4ngen &#8211; Gesamtma\u00dfe: ca. 32 x 60 cm &#8211; Farbe: Lichtgrau<\/p>\n","protected":false},"featured_media":22865,"comment_status":"closed","ping_status":"open","template":"","meta":[],"product_cat":[13695],"product_tag":[],"class_list":{"0":"post-47101","1":"product","2":"type-product","3":"status-publish","4":"has-post-thumbnail","6":"product_cat-kratzbaeume-moebel-kratzbretter-artikelkatzenwelt-kratzbaeume-moebel","8":"first","9":"instock","10":"taxable","11":"shipping-taxable","12":"purchasable","13":"product-type-simple"},"_links":{"self":[{"href":"https:\/\/all-pets.de\/shop\/wp-json\/wp\/v2\/product\/47101","targetHints":{"allow":["GET"]}}],"collection":[{"href":"https:\/\/all-pets.de\/shop\/wp-json\/wp\/v2\/product"}],"about":[{"href":"https:\/\/all-pets.de\/shop\/wp-json\/wp\/v2\/types\/product"}],"replies":[{"embeddable":true,"href":"https:\/\/all-pets.de\/shop\/wp-json\/wp\/v2\/comments?post=47101"}],"wp:featuredmedia":[{"embeddable":true,"href":"https:\/\/all-pets.de\/shop\/wp-json\/wp\/v2\/media\/22865"}],"wp:attachment":[{"href":"https:\/\/all-pets.de\/shop\/wp-json\/wp\/v2\/media?parent=47101"}],"wp:term":[{"taxonomy":"product_cat","embeddable":true,"href":"https:\/\/all-pets.de\/shop\/wp-json\/wp\/v2\/product_cat?post=47101"},{"taxonomy":"product_tag","embeddable":true,"href":"https:\/\/all-pets.de\/shop\/wp-json\/wp\/v2\/product_tag?post=47101"}],"curies":[{"name":"wp","href":"https:\/\/api.w.org\/{rel}","templated":true}]}}