{"id":47102,"date":"2023-12-12T10:54:02","date_gmt":"2023-12-12T09:54:02","guid":{"rendered":"https:\/\/pet-shopping.de\/shop\/produkt\/karlie-visio-light-led-leuchtschlauch-mit-usb-blau\/"},"modified":"2023-12-12T10:54:03","modified_gmt":"2023-12-12T09:54:03","slug":"karlie-visio-light-led-leuchtschlauch-mit-usb-blau","status":"publish","type":"product","link":"https:\/\/all-pets.de\/shop\/produkt\/karlie-visio-light-led-leuchtschlauch-mit-usb-blau\/","title":{"rendered":"Karlie Visio Light LED-Leuchtschlauch mit USB &#8211; Blau"},"content":{"rendered":"<p><!--[if gte mso 9]><w_worddocument><w_view>Normal<\/w_view><w_zoom>0<\/w_zoom><w_trackmoves><\/w_trackmoves><w_trackformatting><\/w_trackformatting><w_hyphenationzone>21<\/w_hyphenationzone><w_punctuationkerning><\/w_punctuationkerning><w_validateagainstschemas><\/w_validateagainstschemas><w_saveifxmlinvalid>false<\/w_saveifxmlinvalid><w_ignoremixedcontent>false<\/w_ignoremixedcontent><w_alwaysshowplaceholdertext>false<\/w_alwaysshowplaceholdertext><w_donotpromoteqf><\/w_donotpromoteqf><w_lidthemeother>DE<\/w_lidthemeother><w_lidthemeasian>X-NONE<\/w_lidthemeasian><w_lidthemecomplexscript>X-NONE<\/w_lidthemecomplexscript><w_compatibility><w_breakwrappedtables><\/w_breakwrappedtables><w_snaptogridincell><\/w_snaptogridincell><w_wraptextwithpunct><\/w_wraptextwithpunct><w_useasianbreakrules><\/w_useasianbreakrules><w_dontgrowautofit><\/w_dontgrowautofit><w_splitpgbreakandparamark><\/w_splitpgbreakandparamark><w_dontvertaligncellwithsp><\/w_dontvertaligncellwithsp><w_dontbreakconstrainedforcedtables><\/w_dontbreakconstrainedforcedtables><w_dontvertalignintxbx><\/w_dontvertalignintxbx><w_word11kerningpairs><\/w_word11kerningpairs><w_cachedcolbalance><\/w_cachedcolbalance><\/w_compatibility><w_browserlevel>MicrosoftInternetExplorer4<\/w_browserlevel><m_mathpr><m_mathfont m_val=\"Cambria Math\"><\/m_mathfont><m_brkbin m_val=\"before\"><\/m_brkbin><m_brkbinsub m_val=\"--\"><\/m_brkbinsub><m_smallfrac m_val=\"off\"><\/m_smallfrac><m_dispdef><\/m_dispdef><m_lmargin m_val=\"0\"><\/m_lmargin><m_rmargin m_val=\"0\"><\/m_rmargin><m_defjc m_val=\"centerGroup\"><\/m_defjc><m_wrapindent m_val=\"1440\"><\/m_wrapindent><m_intlim m_val=\"subSup\"><\/m_intlim><m_narylim m_val=\"undOvr\"><\/m_narylim><\/m_mathpr><\/w_worddocument><![endif]--><\/p>\n<p class=\"MsoNormal\">Der Visio Light LED-Schlauch macht Ihren Hund bis auf eine Entfernung von ca. 500m f\u00fcr alle sichtbar.<\/p>\n<p>Die Besonderheit an diesem Leuchtschlauch ist, dass er keine Batterien ben\u00f6tigt, die st\u00e4ndig ausgewechselt werden m\u00fcssen und zudem meist nicht sehr preisg\u00fcnstig sind. Der Visio Light LED-Leuchtschlauch besitzt einen aufladbaren Li-Ion Akku, der ganz einfach \u00fcber das mitgelieferte USB-Kabel aufgeladen werden kann (z.B. an einem Computer). Der Leuchtschlauch ist spritzwassergesch\u00fctzt und CE-konform und kann auf Blink- oder Dauerlicht eingestellt werden. Eine Anleitung liegt bei.<\/p>\n<p>Da der Schlauch universell k\u00fcrzbar ist, ist er f\u00fcr alle Halsweiten von ca. 20 bis 70 cm einsetzbar.<\/p>\n<p> Farbe: Blau<\/p>\n<p><!--[if gte mso 9]><w_latentstyles deflockedstate=\"false\" defunhidewhenused=\"true\" defsemihidden=\"true\" defqformat=\"false\" defpriority=\"99\" latentstylecount=\"267\"><w_lsdexception locked=\"false\" priority=\"0\" semihidden=\"false\" unhidewhenused=\"false\" qformat=\"true\" name=\"Normal\"><\/w_lsdexception><w_lsdexception locked=\"false\" priority=\"9\" semihidden=\"false\" unhidewhenused=\"false\" qformat=\"true\" name=\"heading 1\"><\/w_lsdexception><w_lsdexception locked=\"false\" priority=\"9\" qformat=\"true\" name=\"heading 2\"><\/w_lsdexception><w_lsdexception locked=\"false\" priority=\"9\" qformat=\"true\" name=\"heading 3\"><\/w_lsdexception><w_lsdexception locked=\"false\" priority=\"9\" qformat=\"true\" name=\"heading 4\"><\/w_lsdexception><w_lsdexception locked=\"false\" priority=\"9\" qformat=\"true\" name=\"heading 5\"><\/w_lsdexception><w_lsdexception locked=\"false\" priority=\"9\" qformat=\"true\" name=\"heading 6\"><\/w_lsdexception><w_lsdexception locked=\"false\" priority=\"9\" qformat=\"true\" name=\"heading 7\"><\/w_lsdexception><w_lsdexception locked=\"false\" priority=\"9\" qformat=\"true\" name=\"heading 8\"><\/w_lsdexception><w_lsdexception locked=\"false\" priority=\"9\" qformat=\"true\" name=\"heading 9\"><\/w_lsdexception><w_lsdexception locked=\"false\" priority=\"39\" name=\"toc 1\"><\/w_lsdexception><w_lsdexception locked=\"false\" priority=\"39\" name=\"toc 2\"><\/w_lsdexception><w_lsdexception locked=\"false\" priority=\"39\" name=\"toc 3\"><\/w_lsdexception><w_lsdexception locked=\"false\" priority=\"39\" name=\"toc 4\"><\/w_lsdexception><w_lsdexception locked=\"false\" priority=\"39\" name=\"toc 5\"><\/w_lsdexception><w_lsdexception locked=\"false\" priority=\"39\" name=\"toc 6\"><\/w_lsdexception><w_lsdexception locked=\"false\" priority=\"39\" name=\"toc 7\"><\/w_lsdexception><w_lsdexception locked=\"false\" priority=\"39\" name=\"toc 8\"><\/w_lsdexception><w_lsdexception locked=\"false\" priority=\"39\" name=\"toc 9\"><\/w_lsdexception><w_lsdexception locked=\"false\" priority=\"35\" qformat=\"true\" name=\"caption\"><\/w_lsdexception><w_lsdexception locked=\"false\" priority=\"10\" semihidden=\"false\" unhidewhenused=\"false\" qformat=\"true\" name=\"Title\"><\/w_lsdexception><w_lsdexception locked=\"false\" priority=\"1\" name=\"Default Paragraph Font\"><\/w_lsdexception><w_lsdexception locked=\"false\" priority=\"11\" semihidden=\"false\" unhidewhenused=\"false\" qformat=\"true\" name=\"Subtitle\"><\/w_lsdexception><w_lsdexception locked=\"false\" priority=\"22\" semihidden=\"false\" unhidewhenused=\"false\" qformat=\"true\" name=\"Strong\"><\/w_lsdexception><w_lsdexception locked=\"false\" priority=\"20\" semihidden=\"false\" unhidewhenused=\"false\" qformat=\"true\" name=\"Emphasis\"><\/w_lsdexception><w_lsdexception locked=\"false\" priority=\"59\" semihidden=\"false\" unhidewhenused=\"false\" name=\"Table Grid\"><\/w_lsdexception><w_lsdexception locked=\"false\" unhidewhenused=\"false\" name=\"Placeholder Text\"><\/w_lsdexception><w_lsdexception locked=\"false\" priority=\"1\" semihidden=\"false\" unhidewhenused=\"false\" qformat=\"true\" name=\"No Spacing\"><\/w_lsdexception><w_lsdexception locked=\"false\" priority=\"60\" semihidden=\"false\" unhidewhenused=\"false\" name=\"Light Shading\"><\/w_lsdexception><w_lsdexception locked=\"false\" priority=\"61\" semihidden=\"false\" unhidewhenused=\"false\" name=\"Light List\"><\/w_lsdexception><w_lsdexception locked=\"false\" priority=\"62\" semihidden=\"false\" unhidewhenused=\"false\" name=\"Light Grid\"><\/w_lsdexception><w_lsdexception locked=\"false\" priority=\"63\" semihidden=\"false\" unhidewhenused=\"false\" name=\"Medium Shading 1\"><\/w_lsdexception><w_lsdexception locked=\"false\" priority=\"64\" semihidden=\"false\" unhidewhenused=\"false\" name=\"Medium Shading 2\"><\/w_lsdexception><w_lsdexception locked=\"false\" priority=\"65\" semihidden=\"false\" unhidewhenused=\"false\" name=\"Medium List 1\"><\/w_lsdexception><w_lsdexception locked=\"false\" priority=\"66\" semihidden=\"false\" unhidewhenused=\"false\" name=\"Medium List 2\"><\/w_lsdexception><w_lsdexception locked=\"false\" priority=\"67\" semihidden=\"false\" unhidewhenused=\"false\" name=\"Medium Grid 1\"><\/w_lsdexception><w_lsdexception locked=\"false\" priority=\"68\" semihidden=\"false\" unhidewhenused=\"false\" name=\"Medium Grid 2\"><\/w_lsdexception><w_lsdexception locked=\"false\" priority=\"69\" semihidden=\"false\" unhidewhenused=\"false\" name=\"Medium Grid 3\"><\/w_lsdexception><w_lsdexception locked=\"false\" priority=\"70\" semihidden=\"false\" unhidewhenused=\"false\" name=\"Dark List\"><\/w_lsdexception><w_lsdexception locked=\"false\" priority=\"71\" semihidden=\"false\" unhidewhenused=\"false\" name=\"Colorful Shading\"><\/w_lsdexception><w_lsdexception locked=\"false\" priority=\"72\" semihidden=\"false\" unhidewhenused=\"false\" name=\"Colorful List\"><\/w_lsdexception><w_lsdexception locked=\"false\" priority=\"73\" semihidden=\"false\" unhidewhenused=\"false\" name=\"Colorful Grid\"><\/w_lsdexception><w_lsdexception locked=\"false\" priority=\"60\" semihidden=\"false\" unhidewhenused=\"false\" name=\"Light Shading Accent 1\"><\/w_lsdexception><w_lsdexception locked=\"false\" priority=\"61\" semihidden=\"false\" unhidewhenused=\"false\" name=\"Light List Accent 1\"><\/w_lsdexception><w_lsdexception locked=\"false\" priority=\"62\" semihidden=\"false\" unhidewhenused=\"false\" name=\"Light Grid Accent 1\"><\/w_lsdexception><w_lsdexception locked=\"false\" priority=\"63\" semihidden=\"false\" unhidewhenused=\"false\" name=\"Medium Shading 1 Accent 1\"><\/w_lsdexception><w_lsdexception locked=\"false\" priority=\"64\" semihidden=\"false\" unhidewhenused=\"false\" name=\"Medium Shading 2 Accent 1\"><\/w_lsdexception><w_lsdexception locked=\"false\" priority=\"65\" semihidden=\"false\" unhidewhenused=\"false\" name=\"Medium List 1 Accent 1\"><\/w_lsdexception><w_lsdexception locked=\"false\" unhidewhenused=\"false\" name=\"Revision\"><\/w_lsdexception><w_lsdexception locked=\"false\" priority=\"34\" semihidden=\"false\" unhidewhenused=\"false\" qformat=\"true\" name=\"List Paragraph\"><\/w_lsdexception><w_lsdexception locked=\"false\" priority=\"29\" semihidden=\"false\" unhidewhenused=\"false\" qformat=\"true\" name=\"Quote\"><\/w_lsdexception><w_lsdexception locked=\"false\" priority=\"30\" semihidden=\"false\" unhidewhenused=\"false\" qformat=\"true\" name=\"Intense Quote\"><\/w_lsdexception><w_lsdexception locked=\"false\" priority=\"66\" semihidden=\"false\" unhidewhenused=\"false\" name=\"Medium List 2 Accent 1\"><\/w_lsdexception><w_lsdexception locked=\"false\" priority=\"67\" semihidden=\"false\" unhidewhenused=\"false\" name=\"Medium Grid 1 Accent 1\"><\/w_lsdexception><w_lsdexception locked=\"false\" priority=\"68\" semihidden=\"false\" unhidewhenused=\"false\" name=\"Medium Grid 2 Accent 1\"><\/w_lsdexception><w_lsdexception locked=\"false\" priority=\"69\" semihidden=\"false\" unhidewhenused=\"false\" name=\"Medium Grid 3 Accent 1\"><\/w_lsdexception><w_lsdexception locked=\"false\" priority=\"70\" semihidden=\"false\" unhidewhenused=\"false\" name=\"Dark List Accent 1\"><\/w_lsdexception><w_lsdexception locked=\"false\" priority=\"71\" semihidden=\"false\" unhidewhenused=\"false\" name=\"Colorful Shading Accent 1\"><\/w_lsdexception><w_lsdexception locked=\"false\" priority=\"72\" semihidden=\"false\" unhidewhenused=\"false\" name=\"Colorful List Accent 1\"><\/w_lsdexception><w_lsdexception locked=\"false\" priority=\"73\" semihidden=\"false\" unhidewhenused=\"false\" name=\"Colorful Grid Accent 1\"><\/w_lsdexception><w_lsdexception locked=\"false\" priority=\"60\" semihidden=\"false\" unhidewhenused=\"false\" name=\"Light Shading Accent 2\"><\/w_lsdexception><w_lsdexception locked=\"false\" priority=\"61\" semihidden=\"false\" unhidewhenused=\"false\" name=\"Light List Accent 2\"><\/w_lsdexception><w_lsdexception locked=\"false\" priority=\"62\" semihidden=\"false\" unhidewhenused=\"false\" name=\"Light Grid Accent 2\"><\/w_lsdexception><w_lsdexception locked=\"false\" priority=\"63\" semihidden=\"false\" unhidewhenused=\"false\" name=\"Medium Shading 1 Accent 2\"><\/w_lsdexception><w_lsdexception locked=\"false\" priority=\"64\" semihidden=\"false\" unhidewhenused=\"false\" name=\"Medium Shading 2 Accent 2\"><\/w_lsdexception><w_lsdexception locked=\"false\" priority=\"65\" semihidden=\"false\" unhidewhenused=\"false\" name=\"Medium List 1 Accent 2\"><\/w_lsdexception><w_lsdexception locked=\"false\" priority=\"66\" semihidden=\"false\" unhidewhenused=\"false\" name=\"Medium List 2 Accent 2\"><\/w_lsdexception><w_lsdexception locked=\"false\" priority=\"67\" semihidden=\"false\" unhidewhenused=\"false\" name=\"Medium Grid 1 Accent 2\"><\/w_lsdexception><w_lsdexception locked=\"false\" priority=\"68\" semihidden=\"false\" unhidewhenused=\"false\" name=\"Medium Grid 2 Accent 2\"><\/w_lsdexception><w_lsdexception locked=\"false\" priority=\"69\" semihidden=\"false\" unhidewhenused=\"false\" name=\"Medium Grid 3 Accent 2\"><\/w_lsdexception><w_lsdexception locked=\"false\" priority=\"70\" semihidden=\"false\" unhidewhenused=\"false\" name=\"Dark List Accent 2\"><\/w_lsdexception><w_lsdexception locked=\"false\" priority=\"71\" semihidden=\"false\" unhidewhenused=\"false\" name=\"Colorful Shading Accent 2\"><\/w_lsdexception><w_lsdexception locked=\"false\" priority=\"72\" semihidden=\"false\" unhidewhenused=\"false\" name=\"Colorful List Accent 2\"><\/w_lsdexception><w_lsdexception locked=\"false\" priority=\"73\" semihidden=\"false\" unhidewhenused=\"false\" name=\"Colorful Grid Accent 2\"><\/w_lsdexception><w_lsdexception locked=\"false\" priority=\"60\" semihidden=\"false\" unhidewhenused=\"false\" name=\"Light Shading Accent 3\"><\/w_lsdexception><w_lsdexception locked=\"false\" priority=\"61\" semihidden=\"false\" unhidewhenused=\"false\" name=\"Light List Accent 3\"><\/w_lsdexception><w_lsdexception locked=\"false\" priority=\"62\" semihidden=\"false\" unhidewhenused=\"false\" name=\"Light Grid Accent 3\"><\/w_lsdexception><w_lsdexception locked=\"false\" priority=\"63\" semihidden=\"false\" unhidewhenused=\"false\" name=\"Medium Shading 1 Accent 3\"><\/w_lsdexception><w_lsdexception locked=\"false\" priority=\"64\" semihidden=\"false\" unhidewhenused=\"false\" name=\"Medium Shading 2 Accent 3\"><\/w_lsdexception><w_lsdexception locked=\"false\" priority=\"65\" semihidden=\"false\" unhidewhenused=\"false\" name=\"Medium List 1 Accent 3\"><\/w_lsdexception><w_lsdexception locked=\"false\" priority=\"66\" semihidden=\"false\" unhidewhenused=\"false\" name=\"Medium List 2 Accent 3\"><\/w_lsdexception><w_lsdexception locked=\"false\" priority=\"67\" semihidden=\"false\" unhidewhenused=\"false\" name=\"Medium Grid 1 Accent 3\"><\/w_lsdexception><w_lsdexception locked=\"false\" priority=\"68\" semihidden=\"false\" unhidewhenused=\"false\" name=\"Medium Grid 2 Accent 3\"><\/w_lsdexception><w_lsdexception locked=\"false\" priority=\"69\" semihidden=\"false\" unhidewhenused=\"false\" name=\"Medium Grid 3 Accent 3\"><\/w_lsdexception><w_lsdexception locked=\"false\" priority=\"70\" semihidden=\"false\" unhidewhenused=\"false\" name=\"Dark List Accent 3\"><\/w_lsdexception><w_lsdexception locked=\"false\" priority=\"71\" semihidden=\"false\" unhidewhenused=\"false\" name=\"Colorful Shading Accent 3\"><\/w_lsdexception><w_lsdexception locked=\"false\" priority=\"72\" semihidden=\"false\" unhidewhenused=\"false\" name=\"Colorful List Accent 3\"><\/w_lsdexception><w_lsdexception locked=\"false\" priority=\"73\" semihidden=\"false\" unhidewhenused=\"false\" name=\"Colorful Grid Accent 3\"><\/w_lsdexception><w_lsdexception locked=\"false\" priority=\"60\" semihidden=\"false\" unhidewhenused=\"false\" name=\"Light Shading Accent 4\"><\/w_lsdexception><w_lsdexception locked=\"false\" priority=\"61\" semihidden=\"false\" unhidewhenused=\"false\" name=\"Light List Accent 4\"><\/w_lsdexception><w_lsdexception locked=\"false\" priority=\"62\" semihidden=\"false\" unhidewhenused=\"false\" name=\"Light Grid Accent 4\"><\/w_lsdexception><w_lsdexception locked=\"false\" priority=\"63\" semihidden=\"false\" unhidewhenused=\"false\" name=\"Medium Shading 1 Accent 4\"><\/w_lsdexception><w_lsdexception locked=\"false\" priority=\"64\" semihidden=\"false\" unhidewhenused=\"false\" name=\"Medium Shading 2 Accent 4\"><\/w_lsdexception><w_lsdexception locked=\"false\" priority=\"65\" semihidden=\"false\" unhidewhenused=\"false\" name=\"Medium List 1 Accent 4\"><\/w_lsdexception><w_lsdexception locked=\"false\" priority=\"66\" semihidden=\"false\" unhidewhenused=\"false\" name=\"Medium List 2 Accent 4\"><\/w_lsdexception><w_lsdexception locked=\"false\" priority=\"67\" semihidden=\"false\" unhidewhenused=\"false\" name=\"Medium Grid 1 Accent 4\"><\/w_lsdexception><w_lsdexception locked=\"false\" priority=\"68\" semihidden=\"false\" unhidewhenused=\"false\" name=\"Medium Grid 2 Accent 4\"><\/w_lsdexception><w_lsdexception locked=\"false\" priority=\"69\" semihidden=\"false\" unhidewhenused=\"false\" name=\"Medium Grid 3 Accent 4\"><\/w_lsdexception><w_lsdexception locked=\"false\" priority=\"70\" semihidden=\"false\" unhidewhenused=\"false\" name=\"Dark List Accent 4\"><\/w_lsdexception><w_lsdexception locked=\"false\" priority=\"71\" semihidden=\"false\" unhidewhenused=\"false\" name=\"Colorful Shading Accent 4\"><\/w_lsdexception><w_lsdexception locked=\"false\" priority=\"72\" semihidden=\"false\" unhidewhenused=\"false\" name=\"Colorful List Accent 4\"><\/w_lsdexception><w_lsdexception locked=\"false\" priority=\"73\" semihidden=\"false\" unhidewhenused=\"false\" name=\"Colorful Grid Accent 4\"><\/w_lsdexception><w_lsdexception locked=\"false\" priority=\"60\" semihidden=\"false\" unhidewhenused=\"false\" name=\"Light Shading Accent 5\"><\/w_lsdexception><w_lsdexception locked=\"false\" priority=\"61\" semihidden=\"false\" unhidewhenused=\"false\" name=\"Light List Accent 5\"><\/w_lsdexception><w_lsdexception locked=\"false\" priority=\"62\" semihidden=\"false\" unhidewhenused=\"false\" name=\"Light Grid Accent 5\"><\/w_lsdexception><w_lsdexception locked=\"false\" priority=\"63\" semihidden=\"false\" unhidewhenused=\"false\" name=\"Medium Shading 1 Accent 5\"><\/w_lsdexception><w_lsdexception locked=\"false\" priority=\"64\" semihidden=\"false\" unhidewhenused=\"false\" name=\"Medium Shading 2 Accent 5\"><\/w_lsdexception><w_lsdexception locked=\"false\" priority=\"65\" semihidden=\"false\" unhidewhenused=\"false\" name=\"Medium List 1 Accent 5\"><\/w_lsdexception><w_lsdexception locked=\"false\" priority=\"66\" semihidden=\"false\" unhidewhenused=\"false\" name=\"Medium List 2 Accent 5\"><\/w_lsdexception><w_lsdexception locked=\"false\" priority=\"67\" semihidden=\"false\" unhidewhenused=\"false\" name=\"Medium Grid 1 Accent 5\"><\/w_lsdexception><w_lsdexception locked=\"false\" priority=\"68\" semihidden=\"false\" unhidewhenused=\"false\" name=\"Medium Grid 2 Accent 5\"><\/w_lsdexception><w_lsdexception locked=\"false\" priority=\"69\" semihidden=\"false\" unhidewhenused=\"false\" name=\"Medium Grid 3 Accent 5\"><\/w_lsdexception><w_lsdexception locked=\"false\" priority=\"70\" semihidden=\"false\" unhidewhenused=\"false\" name=\"Dark List Accent 5\"><\/w_lsdexception><w_lsdexception locked=\"false\" priority=\"71\" semihidden=\"false\" unhidewhenused=\"false\" name=\"Colorful Shading Accent 5\"><\/w_lsdexception><w_lsdexception locked=\"false\" priority=\"72\" semihidden=\"false\" unhidewhenused=\"false\" name=\"Colorful List Accent 5\"><\/w_lsdexception><w_lsdexception locked=\"false\" priority=\"73\" semihidden=\"false\" unhidewhenused=\"false\" name=\"Colorful Grid Accent 5\"><\/w_lsdexception><w_lsdexception locked=\"false\" priority=\"60\" semihidden=\"false\" unhidewhenused=\"false\" name=\"Light Shading Accent 6\"><\/w_lsdexception><w_lsdexception locked=\"false\" priority=\"61\" semihidden=\"false\" unhidewhenused=\"false\" name=\"Light List Accent 6\"><\/w_lsdexception><w_lsdexception locked=\"false\" priority=\"62\" semihidden=\"false\" unhidewhenused=\"false\" name=\"Light Grid Accent 6\"><\/w_lsdexception><w_lsdexception locked=\"false\" priority=\"63\" semihidden=\"false\" unhidewhenused=\"false\" name=\"Medium Shading 1 Accent 6\"><\/w_lsdexception><w_lsdexception locked=\"false\" priority=\"64\" semihidden=\"false\" unhidewhenused=\"false\" name=\"Medium Shading 2 Accent 6\"><\/w_lsdexception><w_lsdexception locked=\"false\" priority=\"65\" semihidden=\"false\" unhidewhenused=\"false\" name=\"Medium List 1 Accent 6\"><\/w_lsdexception><w_lsdexception locked=\"false\" priority=\"66\" semihidden=\"false\" unhidewhenused=\"false\" name=\"Medium List 2 Accent 6\"><\/w_lsdexception><w_lsdexception locked=\"false\" priority=\"67\" semihidden=\"false\" unhidewhenused=\"false\" name=\"Medium Grid 1 Accent 6\"><\/w_lsdexception><w_lsdexception locked=\"false\" priority=\"68\" semihidden=\"false\" unhidewhenused=\"false\" name=\"Medium Grid 2 Accent 6\"><\/w_lsdexception><w_lsdexception locked=\"false\" priority=\"69\" semihidden=\"false\" unhidewhenused=\"false\" name=\"Medium Grid 3 Accent 6\"><\/w_lsdexception><w_lsdexception locked=\"false\" priority=\"70\" semihidden=\"false\" unhidewhenused=\"false\" name=\"Dark List Accent 6\"><\/w_lsdexception><w_lsdexception locked=\"false\" priority=\"71\" semihidden=\"false\" unhidewhenused=\"false\" name=\"Colorful Shading Accent 6\"><\/w_lsdexception><w_lsdexception locked=\"false\" priority=\"72\" semihidden=\"false\" unhidewhenused=\"false\" name=\"Colorful List Accent 6\"><\/w_lsdexception><w_lsdexception locked=\"false\" priority=\"73\" semihidden=\"false\" unhidewhenused=\"false\" name=\"Colorful Grid Accent 6\"><\/w_lsdexception><w_lsdexception locked=\"false\" priority=\"19\" semihidden=\"false\" unhidewhenused=\"false\" qformat=\"true\" name=\"Subtle Emphasis\"><\/w_lsdexception><w_lsdexception locked=\"false\" priority=\"21\" semihidden=\"false\" unhidewhenused=\"false\" qformat=\"true\" name=\"Intense Emphasis\"><\/w_lsdexception><w_lsdexception locked=\"false\" priority=\"31\" semihidden=\"false\" unhidewhenused=\"false\" qformat=\"true\" name=\"Subtle Reference\"><\/w_lsdexception><w_lsdexception locked=\"false\" priority=\"32\" semihidden=\"false\" unhidewhenused=\"false\" qformat=\"true\" name=\"Intense Reference\"><\/w_lsdexception><w_lsdexception locked=\"false\" priority=\"33\" semihidden=\"false\" unhidewhenused=\"false\" qformat=\"true\" name=\"Book Title\"><\/w_lsdexception><w_lsdexception locked=\"false\" priority=\"37\" name=\"Bibliography\"><\/w_lsdexception><w_lsdexception locked=\"false\" priority=\"39\" qformat=\"true\" name=\"TOC Heading\"><\/w_lsdexception><\/w_latentstyles><![endif]--><!--[if gte mso 10]> \/* Style Definitions *\/ table.MsoNormalTable{mso-style-name:\"Normale Tabelle\" mso-tstyle-rowband-size:0 mso-tstyle-colband-size:0 mso-style-noshow:yes mso-style-priority:99 mso-style-qformat:yes mso-style-parent:\"\" mso-padding-alt:0cm 5.4pt 0cm 5.4pt mso-para-margin-top:0cm mso-para-margin-right:0cm mso-para-margin-bottom:10.0pt mso-para-margin-left:0cm line-height:115% mso-pagination:widow-orphan font-size:11.0pt font-family:\"Calibri\",\"sans-serif\" mso-ascii-font-family:Calibri mso-ascii-theme-font:minor-latin mso-hansi-font-family:Calibri mso-hansi-theme-font:minor-latin mso-fareast-language:EN-US }<![endif]--><\/p>\n","protected":false},"excerpt":{"rendered":"<p>Der Visio Light LED-Schlauch macht Ihren Hund bis auf eine Entfernung von ca. 500m f\u00fcr alle sichtbar. Die Besonderheit an diesem Leuchtschlauch ist, dass er keine Batterien ben\u00f6tigt, die st\u00e4ndig ausgewechselt werden m\u00fcssen und zudem meist nicht sehr preisg\u00fcnstig sind. Der Visio Light LED-Leuchtschlauch besitzt einen aufladbaren Li-Ion Akku, der ganz einfach \u00fcber das mitgelieferte [&hellip;]<\/p>\n","protected":false},"featured_media":17538,"comment_status":"closed","ping_status":"open","template":"","meta":[],"product_cat":[13939],"product_tag":[],"class_list":{"0":"post-47102","1":"product","2":"type-product","3":"status-publish","4":"has-post-thumbnail","6":"product_cat-reflektierend","8":"first","9":"instock","10":"taxable","11":"shipping-taxable","12":"purchasable","13":"product-type-simple"},"_links":{"self":[{"href":"https:\/\/all-pets.de\/shop\/wp-json\/wp\/v2\/product\/47102","targetHints":{"allow":["GET"]}}],"collection":[{"href":"https:\/\/all-pets.de\/shop\/wp-json\/wp\/v2\/product"}],"about":[{"href":"https:\/\/all-pets.de\/shop\/wp-json\/wp\/v2\/types\/product"}],"replies":[{"embeddable":true,"href":"https:\/\/all-pets.de\/shop\/wp-json\/wp\/v2\/comments?post=47102"}],"wp:featuredmedia":[{"embeddable":true,"href":"https:\/\/all-pets.de\/shop\/wp-json\/wp\/v2\/media\/17538"}],"wp:attachment":[{"href":"https:\/\/all-pets.de\/shop\/wp-json\/wp\/v2\/media?parent=47102"}],"wp:term":[{"taxonomy":"product_cat","embeddable":true,"href":"https:\/\/all-pets.de\/shop\/wp-json\/wp\/v2\/product_cat?post=47102"},{"taxonomy":"product_tag","embeddable":true,"href":"https:\/\/all-pets.de\/shop\/wp-json\/wp\/v2\/product_tag?post=47102"}],"curies":[{"name":"wp","href":"https:\/\/api.w.org\/{rel}","templated":true}]}}