{"id":47103,"date":"2023-12-12T10:54:02","date_gmt":"2023-12-12T09:54:02","guid":{"rendered":"https:\/\/pet-shopping.de\/shop\/produkt\/karlie-visio-light-led-leuchtschlauch-mit-usb-pink\/"},"modified":"2023-12-12T10:54:04","modified_gmt":"2023-12-12T09:54:04","slug":"karlie-visio-light-led-leuchtschlauch-mit-usb-pink","status":"publish","type":"product","link":"https:\/\/all-pets.de\/shop\/produkt\/karlie-visio-light-led-leuchtschlauch-mit-usb-pink\/","title":{"rendered":"Karlie Visio Light LED-Leuchtschlauch mit USB &#8211; Pink"},"content":{"rendered":"<p>Der Visio Light LED-Schlauch macht Ihren Hund bis auf eine Entfernung von ca. 500m f\u00fcr alle sichtbar.<\/p>\n<p>Die Besonderheit an diesem Leuchtschlauch ist, dass er keine Batterien ben\u00f6tigt, die st\u00e4ndig ausgewechselt werden m\u00fcssen und zudem meist nicht sehr preisg\u00fcnstig sind. Der Visio Light LED-Leuchtschlauch besitzt einen aufladbaren Li-Ion Akku, der ganz einfach \u00fcber das mitgelieferte USB-Kabel aufgeladen werden kann (z.B. an einem Computer). Der Leuchtschlauch ist spritzwassergesch\u00fctzt und CE-konform und kann auf Blink- oder Dauerlicht eingestellt werden. Eine Anleitung liegt bei.<\/p>\n<p>Da der Schlauch universell k\u00fcrzbar ist, ist er f\u00fcr alle Halsweiten von ca. 20 bis 70 cm einsetzbar.<\/p>\n<p> Farbe: Pink<\/p>\n","protected":false},"excerpt":{"rendered":"<p>Der Visio Light LED-Schlauch macht Ihren Hund bis auf eine Entfernung von ca. 500m f\u00fcr alle sichtbar. Die Besonderheit an diesem Leuchtschlauch ist, dass er keine Batterien ben\u00f6tigt, die st\u00e4ndig ausgewechselt werden m\u00fcssen und zudem meist nicht sehr preisg\u00fcnstig sind. Der Visio Light LED-Leuchtschlauch besitzt einen aufladbaren Li-Ion Akku, der ganz einfach \u00fcber das mitgelieferte [&hellip;]<\/p>\n","protected":false},"featured_media":17530,"comment_status":"closed","ping_status":"open","template":"","meta":[],"product_cat":[13939],"product_tag":[],"class_list":{"0":"post-47103","1":"product","2":"type-product","3":"status-publish","4":"has-post-thumbnail","6":"product_cat-reflektierend","8":"first","9":"instock","10":"taxable","11":"shipping-taxable","12":"purchasable","13":"product-type-simple"},"_links":{"self":[{"href":"https:\/\/all-pets.de\/shop\/wp-json\/wp\/v2\/product\/47103","targetHints":{"allow":["GET"]}}],"collection":[{"href":"https:\/\/all-pets.de\/shop\/wp-json\/wp\/v2\/product"}],"about":[{"href":"https:\/\/all-pets.de\/shop\/wp-json\/wp\/v2\/types\/product"}],"replies":[{"embeddable":true,"href":"https:\/\/all-pets.de\/shop\/wp-json\/wp\/v2\/comments?post=47103"}],"wp:featuredmedia":[{"embeddable":true,"href":"https:\/\/all-pets.de\/shop\/wp-json\/wp\/v2\/media\/17530"}],"wp:attachment":[{"href":"https:\/\/all-pets.de\/shop\/wp-json\/wp\/v2\/media?parent=47103"}],"wp:term":[{"taxonomy":"product_cat","embeddable":true,"href":"https:\/\/all-pets.de\/shop\/wp-json\/wp\/v2\/product_cat?post=47103"},{"taxonomy":"product_tag","embeddable":true,"href":"https:\/\/all-pets.de\/shop\/wp-json\/wp\/v2\/product_tag?post=47103"}],"curies":[{"name":"wp","href":"https:\/\/api.w.org\/{rel}","templated":true}]}}