{"id":47105,"date":"2023-12-12T10:54:02","date_gmt":"2023-12-12T09:54:02","guid":{"rendered":"https:\/\/pet-shopping.de\/shop\/produkt\/trixie-my-kitty-darling-kuschelhoehle-violett-flieder\/"},"modified":"2023-12-12T10:54:04","modified_gmt":"2023-12-12T09:54:04","slug":"trixie-my-kitty-darling-kuschelhoehle-violett-flieder","status":"publish","type":"product","link":"https:\/\/all-pets.de\/shop\/produkt\/trixie-my-kitty-darling-kuschelhoehle-violett-flieder\/","title":{"rendered":"Trixie My Kitty Darling Kuschelh\u00f6hle &#8211; Violett\/Flieder"},"content":{"rendered":"<p>Die Kitty Darling Kuschelh\u00f6hle ist mit einem Polyesterbezug und einer Schaumstoff-F\u00fcllung ausgestattet. Die h\u00fcbsche My Kitty Darling Stickerei an der Au\u00dfenseite macht das edle Erscheinungsbild perfekt.<\/p>\n<p>Im Inneren befindet sich ein herausnehmbares Wendekissen mit Polyestervlies-F\u00fcllung. Der Boden besteht aus pflegeleichtem Nylon. Die H\u00f6hle l\u00e4sst sich bei 30\u00b0C per Handw\u00e4sche reinigen.<\/p>\n<p>Farbe: Violett\/Flieder<br \/> Ma\u00dfe: ca. 38 x 38 x 35 cm<\/p>\n","protected":false},"excerpt":{"rendered":"<p>Die Kitty Darling Kuschelh\u00f6hle ist mit einem Polyesterbezug und einer Schaumstoff-F\u00fcllung ausgestattet. Die h\u00fcbsche My Kitty Darling Stickerei an der Au\u00dfenseite macht das edle Erscheinungsbild perfekt. Im Inneren befindet sich ein herausnehmbares Wendekissen mit Polyestervlies-F\u00fcllung. Der Boden besteht aus pflegeleichtem Nylon. Die H\u00f6hle l\u00e4sst sich bei 30\u00b0C per Handw\u00e4sche reinigen. Farbe: Violett\/Flieder Ma\u00dfe: ca. 38 [&hellip;]<\/p>\n","protected":false},"featured_media":35559,"comment_status":"closed","ping_status":"open","template":"","meta":[],"product_cat":[13705],"product_tag":[],"class_list":{"0":"post-47105","1":"product","2":"type-product","3":"status-publish","4":"has-post-thumbnail","6":"product_cat-haeuser-hoehlen","8":"first","9":"instock","10":"taxable","11":"shipping-taxable","12":"purchasable","13":"product-type-simple"},"_links":{"self":[{"href":"https:\/\/all-pets.de\/shop\/wp-json\/wp\/v2\/product\/47105","targetHints":{"allow":["GET"]}}],"collection":[{"href":"https:\/\/all-pets.de\/shop\/wp-json\/wp\/v2\/product"}],"about":[{"href":"https:\/\/all-pets.de\/shop\/wp-json\/wp\/v2\/types\/product"}],"replies":[{"embeddable":true,"href":"https:\/\/all-pets.de\/shop\/wp-json\/wp\/v2\/comments?post=47105"}],"wp:featuredmedia":[{"embeddable":true,"href":"https:\/\/all-pets.de\/shop\/wp-json\/wp\/v2\/media\/35559"}],"wp:attachment":[{"href":"https:\/\/all-pets.de\/shop\/wp-json\/wp\/v2\/media?parent=47105"}],"wp:term":[{"taxonomy":"product_cat","embeddable":true,"href":"https:\/\/all-pets.de\/shop\/wp-json\/wp\/v2\/product_cat?post=47105"},{"taxonomy":"product_tag","embeddable":true,"href":"https:\/\/all-pets.de\/shop\/wp-json\/wp\/v2\/product_tag?post=47105"}],"curies":[{"name":"wp","href":"https:\/\/api.w.org\/{rel}","templated":true}]}}