{"id":47116,"date":"2023-12-12T10:54:06","date_gmt":"2023-12-12T09:54:06","guid":{"rendered":"https:\/\/pet-shopping.de\/shop\/produkt\/classic-fish-teichsticks-5kg\/"},"modified":"2023-12-12T10:54:07","modified_gmt":"2023-12-12T09:54:07","slug":"classic-fish-teichsticks-5kg","status":"publish","type":"product","link":"https:\/\/all-pets.de\/shop\/produkt\/classic-fish-teichsticks-5kg\/","title":{"rendered":"Classic Fish Teichsticks 5kg"},"content":{"rendered":"<p>Classic Fish Teichsticks<br \/>&#8211; schwimmf\u00e4hige Futtersticks f\u00fcr alle Gartenteichfische <\/p>\n<p>Die Classic Fish &#8211; Produkte zeichnen sich durch einen ausgewogenen Anteil an tierischen Proteinen vom Fisch aus (Proteinanteil: 28 %).<br \/>Das Futter gew\u00e4hrleistet eine hohe Fressakzeptanz und eine artgerechte Zusammensetzung von Mineralstoffen, Spurenelementen, Ballaststoffen und Vitaminen.<br \/>Ein weiterer Produktvorteil ist die besonders gute Schwimmf\u00e4higkeit.<br \/>Die meisten Teichfische wie Goldfische oder die verschiedenen Karpfenarten nehmen ihre Nahrung an der Wasseroberfl\u00e4che auf. <br \/>Der Einsatz von Schwimmfutter erleichtert zudem die Dosierung und die Kontrolle \u00fcber die Menge an Futter, die in einem bestimmten Zeitraum gefressen wird.<br \/>Die Classic Fish Sticks sind sehr gut verdaulich bei \u00e4u\u00dferst geringer Wassertr\u00fcbung.<\/p>\n<p>Classic Fish Produkte werden ohne k\u00fcnstlichen Farb- und Konservierungsstoffe herstellt.<\/p>\n<p>Zusammensetzung:<br \/>Mais, Fischmehl, Sojaschrot, Garnelen, Vitaminvormischung<\/p>\n<p>Inhaltsstoffe:<br \/>Rohprotein 28,0 %, Rohfett 3,0 %, Rohfaser 2,0 %, Rohasche 7,5 %<\/p>\n<p>Zusatzstoffe:<br \/>Vitamin A 12000 i.E., Vitamin D3 1500 i.E., Vitamin E 80 mg, Vitamin C 50 mg<\/p>\n","protected":false},"excerpt":{"rendered":"<p>Classic Fish Teichsticks&#8211; schwimmf\u00e4hige Futtersticks f\u00fcr alle Gartenteichfische Die Classic Fish &#8211; Produkte zeichnen sich durch einen ausgewogenen Anteil an tierischen Proteinen vom Fisch aus (Proteinanteil: 28 %).Das Futter gew\u00e4hrleistet eine hohe Fressakzeptanz und eine artgerechte Zusammensetzung von Mineralstoffen, Spurenelementen, Ballaststoffen und Vitaminen.Ein weiterer Produktvorteil ist die besonders gute Schwimmf\u00e4higkeit.Die meisten Teichfische wie Goldfische oder [&hellip;]<\/p>\n","protected":false},"featured_media":47117,"comment_status":"closed","ping_status":"open","template":"","meta":[],"product_cat":[14683],"product_tag":[],"class_list":{"0":"post-47116","1":"product","2":"type-product","3":"status-publish","4":"has-post-thumbnail","6":"product_cat-classic-fish","8":"first","9":"instock","10":"taxable","11":"shipping-taxable","12":"purchasable","13":"product-type-simple"},"_links":{"self":[{"href":"https:\/\/all-pets.de\/shop\/wp-json\/wp\/v2\/product\/47116","targetHints":{"allow":["GET"]}}],"collection":[{"href":"https:\/\/all-pets.de\/shop\/wp-json\/wp\/v2\/product"}],"about":[{"href":"https:\/\/all-pets.de\/shop\/wp-json\/wp\/v2\/types\/product"}],"replies":[{"embeddable":true,"href":"https:\/\/all-pets.de\/shop\/wp-json\/wp\/v2\/comments?post=47116"}],"wp:featuredmedia":[{"embeddable":true,"href":"https:\/\/all-pets.de\/shop\/wp-json\/wp\/v2\/media\/47117"}],"wp:attachment":[{"href":"https:\/\/all-pets.de\/shop\/wp-json\/wp\/v2\/media?parent=47116"}],"wp:term":[{"taxonomy":"product_cat","embeddable":true,"href":"https:\/\/all-pets.de\/shop\/wp-json\/wp\/v2\/product_cat?post=47116"},{"taxonomy":"product_tag","embeddable":true,"href":"https:\/\/all-pets.de\/shop\/wp-json\/wp\/v2\/product_tag?post=47116"}],"curies":[{"name":"wp","href":"https:\/\/api.w.org\/{rel}","templated":true}]}}