{"id":47129,"date":"2023-12-12T10:54:06","date_gmt":"2023-12-12T09:54:06","guid":{"rendered":"https:\/\/pet-shopping.de\/shop\/produkt\/jr-farm-mehlwuermer-dose-70g\/"},"modified":"2023-12-12T10:54:08","modified_gmt":"2023-12-12T09:54:08","slug":"jr-farm-mehlwuermer-dose-70g","status":"publish","type":"product","link":"https:\/\/all-pets.de\/shop\/produkt\/jr-farm-mehlwuermer-dose-70g\/","title":{"rendered":"JR Farm Mehlw\u00fcrmer Dose 70g"},"content":{"rendered":"<p>Einzelfuttermittel f\u00fcr Ratten, M\u00e4use und Hamster.<\/p>\n<p>Diese leckeren Mehlw\u00fcrmer sind der eiwei\u00dfreiche Snack f\u00fcr alle kleinen Nager. Ein hoher Anteil an wichtigem tierischem Protein erg\u00e4nzt den Speiseplan auf nat\u00fcrliche Weise.<\/p>\n<p>F\u00fctterungsempfehlung:<\/p>\n<p>Je nach Gr\u00f6\u00dfe des Tieres t\u00e4glich bis zu 5 Mehlw\u00fcrmer reichen.<\/p>\n<p>70 g<\/p>\n","protected":false},"excerpt":{"rendered":"<p>Einzelfuttermittel f\u00fcr Ratten, M\u00e4use und Hamster. Diese leckeren Mehlw\u00fcrmer sind der eiwei\u00dfreiche Snack f\u00fcr alle kleinen Nager. Ein hoher Anteil an wichtigem tierischem Protein erg\u00e4nzt den Speiseplan auf nat\u00fcrliche Weise. F\u00fctterungsempfehlung: Je nach Gr\u00f6\u00dfe des Tieres t\u00e4glich bis zu 5 Mehlw\u00fcrmer reichen. 70 g<\/p>\n","protected":false},"featured_media":5074,"comment_status":"closed","ping_status":"open","template":"","meta":[],"product_cat":[14693],"product_tag":[],"class_list":{"0":"post-47129","1":"product","2":"type-product","3":"status-publish","4":"has-post-thumbnail","6":"product_cat-jr-farm-kleintierfutter-snacks-zwerg-hamsterkleintierwelt-kleintierfutter-snacks-mauskleintierwelt-kleintierfutter-snacks-rattekleintierwelt-kleintierfutter-snacks-rattenkleintierwelt","8":"first","9":"instock","10":"taxable","11":"shipping-taxable","12":"purchasable","13":"product-type-simple"},"_links":{"self":[{"href":"https:\/\/all-pets.de\/shop\/wp-json\/wp\/v2\/product\/47129","targetHints":{"allow":["GET"]}}],"collection":[{"href":"https:\/\/all-pets.de\/shop\/wp-json\/wp\/v2\/product"}],"about":[{"href":"https:\/\/all-pets.de\/shop\/wp-json\/wp\/v2\/types\/product"}],"replies":[{"embeddable":true,"href":"https:\/\/all-pets.de\/shop\/wp-json\/wp\/v2\/comments?post=47129"}],"wp:featuredmedia":[{"embeddable":true,"href":"https:\/\/all-pets.de\/shop\/wp-json\/wp\/v2\/media\/5074"}],"wp:attachment":[{"href":"https:\/\/all-pets.de\/shop\/wp-json\/wp\/v2\/media?parent=47129"}],"wp:term":[{"taxonomy":"product_cat","embeddable":true,"href":"https:\/\/all-pets.de\/shop\/wp-json\/wp\/v2\/product_cat?post=47129"},{"taxonomy":"product_tag","embeddable":true,"href":"https:\/\/all-pets.de\/shop\/wp-json\/wp\/v2\/product_tag?post=47129"}],"curies":[{"name":"wp","href":"https:\/\/api.w.org\/{rel}","templated":true}]}}