{"id":47135,"date":"2023-12-12T10:54:09","date_gmt":"2023-12-12T09:54:09","guid":{"rendered":"https:\/\/pet-shopping.de\/shop\/produkt\/jr-farm-grainless-complete-zwergkaninchen-35-kg\/"},"modified":"2023-12-12T10:54:10","modified_gmt":"2023-12-12T09:54:10","slug":"jr-farm-grainless-complete-zwergkaninchen-35-kg","status":"publish","type":"product","link":"https:\/\/all-pets.de\/shop\/produkt\/jr-farm-grainless-complete-zwergkaninchen-35-kg\/","title":{"rendered":"JR Farm Grainless Complete Zwergkaninchen 3,5 kg"},"content":{"rendered":"<p>Alleinfuttermittel f\u00fcr Zwergkaninchen.<\/p>\n<p>Es besteht zu 100% aus schonend gepressten Quad-Bits, die alle speziellen Grainless Komponenten in sich vereinen und durch<\/p>\n<p>ihre besondere Form den Zahnabrieb zus\u00e4tzlich unterst\u00fctzen. Durch eine optimale Mischung der Zutaten ist keine Selektion m\u00f6glich.<\/p>\n<p>F\u00fctterungsempfehlung:<\/p>\n<p>Futternapf erst auff\u00fcllen, wenn fast restlos leer. Bitte t\u00e4glich maximal soviel Futter verabreichen, wie in 24 Stunden komplett gefressen wird. Zus\u00e4tzlich zu Grainless muss immer ausreichend frisches Wasser und Heu zur Verf\u00fcgung stehen.<\/p>\n<p>Zusammensetzung:<\/p>\n<p>Aufwuchs von Dauergr\u00fcnland der Alpenvorlandwiesen* (* bestehend unter anderem aus Timothygras, Fuchsschwanz, Glatthafer, Knaulgras, Flaumhafer, Wiesenrispe, Rotklee, Scharfer Hahnenfu\u00df, Ruchgras, Wolliges Honiggras, Goldhafer, Schmalbl\u00e4ttrige Wicke, Hopfen-Schneckenklee, L\u00f6wenzahn, Spitzwegerich, Wiesen-<\/p>\n<p>Schl\u00fcsselblume, Margerite, G\u00e4nsebl\u00fcmchen, Gro\u00dfe Bibernelle, Wiesenlabkraut, Pastinake, Sauerampfer, Gamander-Ehrenpreis, Gew\u00f6hnliches Hornkraut, Deutsches Weidelgras, Weiche Trespe, Vogelwicke, Zaunwicke, Dreiz\u00e4hniges Knabenkraut, Knolliger Hahnenfu\u00df, Kleiner Klappertopf, Wiesenkerbel, Schafgarbe), Erbsenflocken, Ackerbohnenflocken, Karotten, Pastinaken, Leinsaat, Schwarzk\u00fcmmel, Pfefferminze, Brennnessel, Melisse, rote Beete,<\/p>\n<p>Petersilie, Apfel, Fenchelsaat, L\u00f6wenzahn 0,3%, Kamillenbl\u00fcten<\/p>\n<p>Zusatzstoffe:<\/p>\n<p>Ern\u00e4hrungsphysiologische Zusatzstoffe: Vitamin A (als Retinylacetat)<\/p>\n<p>14.300 i.E., Vitamin C (als Ascorbylmonophosphat) 715 mg, Vitamin D3 (als Cholecalciferol) 990 i.E., Vitamin E (als RRR-alpha-Tocopherylacetat) 88 mg<\/p>\n<p>Analytische Bestandteile:<\/p>\n<p>Protein 13,2 %, Fettgehalt 3,6 %, Rohfaser 19,0%, Rohasche 10,16%  Calcium 8999 mg\/kg<\/p>\n<p>1350 g<\/p>\n","protected":false},"excerpt":{"rendered":"<p>Alleinfuttermittel f\u00fcr Zwergkaninchen. Es besteht zu 100% aus schonend gepressten Quad-Bits, die alle speziellen Grainless Komponenten in sich vereinen und durch ihre besondere Form den Zahnabrieb zus\u00e4tzlich unterst\u00fctzen. Durch eine optimale Mischung der Zutaten ist keine Selektion m\u00f6glich. F\u00fctterungsempfehlung: Futternapf erst auff\u00fcllen, wenn fast restlos leer. Bitte t\u00e4glich maximal soviel Futter verabreichen, wie in 24 [&hellip;]<\/p>\n","protected":false},"featured_media":5546,"comment_status":"closed","ping_status":"open","template":"","meta":[],"product_cat":[14620],"product_tag":[],"class_list":{"0":"post-47135","1":"product","2":"type-product","3":"status-publish","4":"has-post-thumbnail","6":"product_cat-jr-farm-kleintierfutter-snacks-zwergkaninchenkleintierwelt-kleintierfutter-snacks","8":"first","9":"instock","10":"taxable","11":"shipping-taxable","12":"purchasable","13":"product-type-simple"},"_links":{"self":[{"href":"https:\/\/all-pets.de\/shop\/wp-json\/wp\/v2\/product\/47135","targetHints":{"allow":["GET"]}}],"collection":[{"href":"https:\/\/all-pets.de\/shop\/wp-json\/wp\/v2\/product"}],"about":[{"href":"https:\/\/all-pets.de\/shop\/wp-json\/wp\/v2\/types\/product"}],"replies":[{"embeddable":true,"href":"https:\/\/all-pets.de\/shop\/wp-json\/wp\/v2\/comments?post=47135"}],"wp:featuredmedia":[{"embeddable":true,"href":"https:\/\/all-pets.de\/shop\/wp-json\/wp\/v2\/media\/5546"}],"wp:attachment":[{"href":"https:\/\/all-pets.de\/shop\/wp-json\/wp\/v2\/media?parent=47135"}],"wp:term":[{"taxonomy":"product_cat","embeddable":true,"href":"https:\/\/all-pets.de\/shop\/wp-json\/wp\/v2\/product_cat?post=47135"},{"taxonomy":"product_tag","embeddable":true,"href":"https:\/\/all-pets.de\/shop\/wp-json\/wp\/v2\/product_tag?post=47135"}],"curies":[{"name":"wp","href":"https:\/\/api.w.org\/{rel}","templated":true}]}}