{"id":47136,"date":"2023-12-12T10:54:09","date_gmt":"2023-12-12T09:54:09","guid":{"rendered":"https:\/\/pet-shopping.de\/shop\/produkt\/jr-grainless-complete-meerschweinchen-35kg\/"},"modified":"2023-12-12T10:54:10","modified_gmt":"2023-12-12T09:54:10","slug":"jr-grainless-complete-meerschweinchen-35kg","status":"publish","type":"product","link":"https:\/\/all-pets.de\/shop\/produkt\/jr-grainless-complete-meerschweinchen-35kg\/","title":{"rendered":"JR Grainless Complete Meerschweinchen 3,5kg"},"content":{"rendered":"<p>Alleinfuttermittel f\u00fcr Meerschweinchen.<\/p>\n<p>Grainless Complete besteht zu 100% aus schonend gepressten Quad-Bits, die alle speziellen Grainless Komponenten in sich vereinen und durch ihre besondere Form den Zahnabrieb zus\u00e4tzlich unterst\u00fctzen. Durch<\/p>\n<p>eine optimale Mischung der Zutaten ist keine Selektion m\u00f6glich. Mit dem Plus an nat\u00fcrlichem Vitamin C aus der Petersilie.<\/p>\n<p>F\u00fctterungsempfehlung:<\/p>\n<p>Futternapf erst auff\u00fcllen, wenn fast restlos leer. Bitte t\u00e4glich<\/p>\n<p>maximal soviel Futter verabreichen, wie in 24 Stunden komplett gefressen wird. Zus\u00e4tzlich zu Grainless muss immer ausreichend frisches Wasser und Heu zur Verf\u00fcgung stehen.<\/p>\n<p>Zusammensetzung:<\/p>\n<p>Lieschgras, Knaulgras, Wiesenrispe, Spitzwegerich, Rotklee, Wiesenschwingel, Frauenmantel, Petersilie 5,6%, Erbsenflocken, Ackerbohnenflocken, Karotten, Pastinaken, Leinsaat, Schwarzk\u00fcmmel, Pfefferminze, Brennnessel, Melisse, Rote Beete, Apfel, Fenchelsaat, L\u00f6wenzahn, Kamille<\/p>\n<p>Zusatzstoffe:<\/p>\n<p>ern\u00e4hrungsphysiologische Zusatzstoffe: Vitamin A (als Retinylacetat) 3575 i.E., Vitamin C (als Ascorbylmonophosphat) 178,75 mg, Vitamin D3 (als Cholecalciferol) 247,5 i.E., Vitamin E (als RRR-alpha-Tocopherylacetat) 22mg<\/p>\n<p>Analytische Bestandteile:<\/p>\n<p>Protein 14,8%, Fettgehalt 4,5%, Rohfaser 17,7%, Rohasche 9,18%, Calcium 7970 mg\/kg<\/p>\n<p>3500 g<\/p>\n","protected":false},"excerpt":{"rendered":"<p>Alleinfuttermittel f\u00fcr Meerschweinchen. Grainless Complete besteht zu 100% aus schonend gepressten Quad-Bits, die alle speziellen Grainless Komponenten in sich vereinen und durch ihre besondere Form den Zahnabrieb zus\u00e4tzlich unterst\u00fctzen. Durch eine optimale Mischung der Zutaten ist keine Selektion m\u00f6glich. Mit dem Plus an nat\u00fcrlichem Vitamin C aus der Petersilie. F\u00fctterungsempfehlung: Futternapf erst auff\u00fcllen, wenn fast [&hellip;]<\/p>\n","protected":false},"featured_media":30952,"comment_status":"closed","ping_status":"open","template":"","meta":[],"product_cat":[14695],"product_tag":[],"class_list":{"0":"post-47136","1":"product","2":"type-product","3":"status-publish","4":"has-post-thumbnail","6":"product_cat-jr-farm-kleintierfutter-snacks-meerschweinchenkleintierwelt-kleintierfutter-snacks","8":"first","9":"instock","10":"taxable","11":"shipping-taxable","12":"purchasable","13":"product-type-simple"},"_links":{"self":[{"href":"https:\/\/all-pets.de\/shop\/wp-json\/wp\/v2\/product\/47136","targetHints":{"allow":["GET"]}}],"collection":[{"href":"https:\/\/all-pets.de\/shop\/wp-json\/wp\/v2\/product"}],"about":[{"href":"https:\/\/all-pets.de\/shop\/wp-json\/wp\/v2\/types\/product"}],"replies":[{"embeddable":true,"href":"https:\/\/all-pets.de\/shop\/wp-json\/wp\/v2\/comments?post=47136"}],"wp:featuredmedia":[{"embeddable":true,"href":"https:\/\/all-pets.de\/shop\/wp-json\/wp\/v2\/media\/30952"}],"wp:attachment":[{"href":"https:\/\/all-pets.de\/shop\/wp-json\/wp\/v2\/media?parent=47136"}],"wp:term":[{"taxonomy":"product_cat","embeddable":true,"href":"https:\/\/all-pets.de\/shop\/wp-json\/wp\/v2\/product_cat?post=47136"},{"taxonomy":"product_tag","embeddable":true,"href":"https:\/\/all-pets.de\/shop\/wp-json\/wp\/v2\/product_tag?post=47136"}],"curies":[{"name":"wp","href":"https:\/\/api.w.org\/{rel}","templated":true}]}}