{"id":47137,"date":"2023-12-12T10:54:09","date_gmt":"2023-12-12T09:54:09","guid":{"rendered":"https:\/\/pet-shopping.de\/shop\/produkt\/jr-farm-chinchilla-bluetengarten-50g\/"},"modified":"2023-12-12T10:54:10","modified_gmt":"2023-12-12T09:54:10","slug":"jr-farm-chinchilla-bluetengarten-50g","status":"publish","type":"product","link":"https:\/\/all-pets.de\/shop\/produkt\/jr-farm-chinchilla-bluetengarten-50g\/","title":{"rendered":"JR Farm Chinchilla-Bl\u00fctengarten 50g"},"content":{"rendered":"<p>Erg\u00e4nzungsfuttermittel f\u00fcr Chinchillas. Auch f\u00fcr Degus, Zwergkaninchen, Meerschweinchen, Ratten, Hamster und M\u00e4use geeignet.<\/p>\n<p>Chinchilla-Bl\u00fctengarten ist sehr rohfaserreich und energiearm. Ausgesuchte Zutaten wie Kamille, Hopfen oder Ringelblume sind nicht nur aromatisch und lecker, sondern st\u00e4rken auch das Immunsystem und tragen so nachtr\u00e4glich zur Gesundheit bei.<\/p>\n<p>F\u00fctterungsempfehlung:<\/p>\n<p>Je nach Gr\u00f6\u00dfe des Tieres t\u00e4glich zwischen 1 und 2 Teel\u00f6ffel pur oder untergemischt unter das Hauptfutter.<\/p>\n<p>Zusammensetzung:<\/p>\n<p>Ringelblumenbl\u00fcten 36,5%, Hibiskusbl\u00fcten, Kamillenbl\u00fcten 16%, Rosenbl\u00fcten 5%, Kornblumenbl\u00fcten 5%, Hopfendolden 1,5% <\/p>\n<p>Analytische Bestandteile:<\/p>\n<p>Protein 11,3%, Fettgehalt 3,1%, Rohfaser 31,8%, Rohasche 7,2% <\/p>\n<p>50g<\/p>\n","protected":false},"excerpt":{"rendered":"<p>Erg\u00e4nzungsfuttermittel f\u00fcr Chinchillas. Auch f\u00fcr Degus, Zwergkaninchen, Meerschweinchen, Ratten, Hamster und M\u00e4use geeignet. Chinchilla-Bl\u00fctengarten ist sehr rohfaserreich und energiearm. Ausgesuchte Zutaten wie Kamille, Hopfen oder Ringelblume sind nicht nur aromatisch und lecker, sondern st\u00e4rken auch das Immunsystem und tragen so nachtr\u00e4glich zur Gesundheit bei. F\u00fctterungsempfehlung: Je nach Gr\u00f6\u00dfe des Tieres t\u00e4glich zwischen 1 und 2 [&hellip;]<\/p>\n","protected":false},"featured_media":32581,"comment_status":"closed","ping_status":"open","template":"","meta":[],"product_cat":[14696],"product_tag":[],"class_list":{"0":"post-47137","1":"product","2":"type-product","3":"status-publish","4":"has-post-thumbnail","6":"product_cat-jr-farm-kleintierfutter-snacks-chinchillakleintierwelt","8":"first","9":"instock","10":"taxable","11":"shipping-taxable","12":"purchasable","13":"product-type-simple"},"_links":{"self":[{"href":"https:\/\/all-pets.de\/shop\/wp-json\/wp\/v2\/product\/47137","targetHints":{"allow":["GET"]}}],"collection":[{"href":"https:\/\/all-pets.de\/shop\/wp-json\/wp\/v2\/product"}],"about":[{"href":"https:\/\/all-pets.de\/shop\/wp-json\/wp\/v2\/types\/product"}],"replies":[{"embeddable":true,"href":"https:\/\/all-pets.de\/shop\/wp-json\/wp\/v2\/comments?post=47137"}],"wp:featuredmedia":[{"embeddable":true,"href":"https:\/\/all-pets.de\/shop\/wp-json\/wp\/v2\/media\/32581"}],"wp:attachment":[{"href":"https:\/\/all-pets.de\/shop\/wp-json\/wp\/v2\/media?parent=47137"}],"wp:term":[{"taxonomy":"product_cat","embeddable":true,"href":"https:\/\/all-pets.de\/shop\/wp-json\/wp\/v2\/product_cat?post=47137"},{"taxonomy":"product_tag","embeddable":true,"href":"https:\/\/all-pets.de\/shop\/wp-json\/wp\/v2\/product_tag?post=47137"}],"curies":[{"name":"wp","href":"https:\/\/api.w.org\/{rel}","templated":true}]}}