{"id":47139,"date":"2023-12-12T10:54:09","date_gmt":"2023-12-12T09:54:09","guid":{"rendered":"https:\/\/pet-shopping.de\/shop\/produkt\/jr-salzleckstein-mit-halter-80g\/"},"modified":"2023-12-12T10:54:10","modified_gmt":"2023-12-12T09:54:10","slug":"jr-salzleckstein-mit-halter-80g","status":"publish","type":"product","link":"https:\/\/all-pets.de\/shop\/produkt\/jr-salzleckstein-mit-halter-80g\/","title":{"rendered":"JR Salzleckstein mit Halter 80g"},"content":{"rendered":"<p>Der JR FARM Salzleckstein versorgt Ihr Tier mit wichtigen Mineralien und Spurenelementen und beugt somit ern\u00e4hrungsbedingten Mangelerscheinungen vor. <\/p>\n<div id=\"productinfo_desc\">\n<h3>F\u00fctterungsempfehlung: <\/h3>\n<p>Dem Tier sollte st\u00e4ndig ein Salzleckstein zur Verf\u00fcgung stehen.<\/p>\n<\/div>\n<div id=\"productinfo_desc\">\n<h3>Zusammensetzung: <\/h3>\n<p>Mineralstoffe.<\/p>\n<\/div>\n<div id=\"productinfo_desc\">\n<h3>\n<p>80 g<\/p>\n<\/h3>\n<\/div>\n","protected":false},"excerpt":{"rendered":"<p>Der JR FARM Salzleckstein versorgt Ihr Tier mit wichtigen Mineralien und Spurenelementen und beugt somit ern\u00e4hrungsbedingten Mangelerscheinungen vor. F\u00fctterungsempfehlung: Dem Tier sollte st\u00e4ndig ein Salzleckstein zur Verf\u00fcgung stehen. Zusammensetzung: Mineralstoffe. 80 g<\/p>\n","protected":false},"featured_media":8795,"comment_status":"closed","ping_status":"open","template":"","meta":[],"product_cat":[14697],"product_tag":[],"class_list":{"0":"post-47139","1":"product","2":"type-product","3":"status-publish","4":"has-post-thumbnail","6":"product_cat-jr-farm-kleintierfutter-snacks-nagersteinekleintierwelt","8":"first","9":"instock","10":"taxable","11":"shipping-taxable","12":"purchasable","13":"product-type-simple"},"_links":{"self":[{"href":"https:\/\/all-pets.de\/shop\/wp-json\/wp\/v2\/product\/47139","targetHints":{"allow":["GET"]}}],"collection":[{"href":"https:\/\/all-pets.de\/shop\/wp-json\/wp\/v2\/product"}],"about":[{"href":"https:\/\/all-pets.de\/shop\/wp-json\/wp\/v2\/types\/product"}],"replies":[{"embeddable":true,"href":"https:\/\/all-pets.de\/shop\/wp-json\/wp\/v2\/comments?post=47139"}],"wp:featuredmedia":[{"embeddable":true,"href":"https:\/\/all-pets.de\/shop\/wp-json\/wp\/v2\/media\/8795"}],"wp:attachment":[{"href":"https:\/\/all-pets.de\/shop\/wp-json\/wp\/v2\/media?parent=47139"}],"wp:term":[{"taxonomy":"product_cat","embeddable":true,"href":"https:\/\/all-pets.de\/shop\/wp-json\/wp\/v2\/product_cat?post=47139"},{"taxonomy":"product_tag","embeddable":true,"href":"https:\/\/all-pets.de\/shop\/wp-json\/wp\/v2\/product_tag?post=47139"}],"curies":[{"name":"wp","href":"https:\/\/api.w.org\/{rel}","templated":true}]}}