{"id":47154,"date":"2023-12-12T10:54:12","date_gmt":"2023-12-12T09:54:12","guid":{"rendered":"https:\/\/pet-shopping.de\/shop\/produkt\/hunter-leine-krazy-scull\/"},"modified":"2023-12-12T10:54:12","modified_gmt":"2023-12-12T09:54:12","slug":"hunter-leine-krazy-scull","status":"publish","type":"product","link":"https:\/\/all-pets.de\/shop\/produkt\/hunter-leine-krazy-scull\/","title":{"rendered":"Hunter Leine Krazy Scull"},"content":{"rendered":"<p>Sehr schicke, trendige F\u00fchrleine von Hunter mit Totenkopfmotiv.Nylon-Soft gen\u00e4ht. Metallteile sind vernickelt.Extrem rei\u00dffest, sehr haltbar und pflegeleicht.Farbe: grau-schwarz: Krazy Scull Totenkopfmoti<\/p>\n<p>10 mm Breit \/ 110 cm lang <\/p>\n","protected":false},"excerpt":{"rendered":"<p>Sehr schicke, trendige F\u00fchrleine von Hunter mit Totenkopfmotiv.Nylon-Soft gen\u00e4ht. Metallteile sind vernickelt.Extrem rei\u00dffest, sehr haltbar und pflegeleicht.Farbe: grau-schwarz: Krazy Scull Totenkopfmoti 10 mm Breit \/ 110 cm lang<\/p>\n","protected":false},"featured_media":31257,"comment_status":"closed","ping_status":"open","template":"","meta":[],"product_cat":[14701],"product_tag":[],"class_list":{"0":"post-47154","1":"product","2":"type-product","3":"status-publish","4":"has-post-thumbnail","6":"product_cat-nylonleinen-leinen","8":"first","9":"instock","10":"taxable","11":"shipping-taxable","12":"purchasable","13":"product-type-simple"},"_links":{"self":[{"href":"https:\/\/all-pets.de\/shop\/wp-json\/wp\/v2\/product\/47154","targetHints":{"allow":["GET"]}}],"collection":[{"href":"https:\/\/all-pets.de\/shop\/wp-json\/wp\/v2\/product"}],"about":[{"href":"https:\/\/all-pets.de\/shop\/wp-json\/wp\/v2\/types\/product"}],"replies":[{"embeddable":true,"href":"https:\/\/all-pets.de\/shop\/wp-json\/wp\/v2\/comments?post=47154"}],"wp:featuredmedia":[{"embeddable":true,"href":"https:\/\/all-pets.de\/shop\/wp-json\/wp\/v2\/media\/31257"}],"wp:attachment":[{"href":"https:\/\/all-pets.de\/shop\/wp-json\/wp\/v2\/media?parent=47154"}],"wp:term":[{"taxonomy":"product_cat","embeddable":true,"href":"https:\/\/all-pets.de\/shop\/wp-json\/wp\/v2\/product_cat?post=47154"},{"taxonomy":"product_tag","embeddable":true,"href":"https:\/\/all-pets.de\/shop\/wp-json\/wp\/v2\/product_tag?post=47154"}],"curies":[{"name":"wp","href":"https:\/\/api.w.org\/{rel}","templated":true}]}}