{"id":47156,"date":"2023-12-12T10:54:12","date_gmt":"2023-12-12T09:54:12","guid":{"rendered":"https:\/\/pet-shopping.de\/shop\/produkt\/nerf-dog-super-soaker-aligator\/"},"modified":"2023-12-12T10:54:13","modified_gmt":"2023-12-12T09:54:13","slug":"nerf-dog-super-soaker-aligator","status":"publish","type":"product","link":"https:\/\/all-pets.de\/shop\/produkt\/nerf-dog-super-soaker-aligator\/","title":{"rendered":"NERF DOG Super Soaker Aligator"},"content":{"rendered":"<p>Super Soaker sind die weltweit bekannten Wasserpistolen und -spielzeuge von Hasbro. Die Super Soaker Hundespielzeuge kombinieren jetzt die bew\u00e4hrte Qualit\u00e4t der NERF Dog Spielzeuge mit den spritzigen und k\u00fchlenden Eigenschaften der Super Soaker Wasserspielzeuge von Hasbro.<\/p>\n<p>In der warmen Jahreszeit freut sich auch der Hund \u00fcber eine frische Abk\u00fchlung und mit den Super Soaker Artikeln von NERF Dog bekommt er diese auch.<\/p>\n<p>Alle Spielzeuge sind schwimmf\u00e4hig, so dass dem Spass am und im Wasser keine Grenzen gesetzt werden.<\/p>\n<p>Die Super Soaker Schwammspielzeuge (Hai-Football, Alligator, Krabbenring, Kugelfisch) k\u00f6nnen sich sogar mit Wasser vollsaugen, was die Erfrischung f\u00fcr den Hund (und vielleicht auch den Menschen) noch gr\u00f6\u00dfer macht. Die Schwammspielzeuge k\u00f6nnen auch eingefroren werden und bieten damit noch eine erfrischende K\u00fchlung bei gro\u00dfer Hitze.<\/p>\n<p>Werfen, Ziehen, Springen, Schwimmen, alles ist m\u00f6glich! Mit\u00a0 den Super Soaker Spielzeugen von NERF Dog sorgen Sie f\u00fcr frischen Spass bei Hund und Halter.<\/p>\n<p>Der Super Soaker Aligator mit Schwamm in seinem Inneren hat eine Gr\u00f6\u00dfe von ca. 22,5 x 6,5 x 4 cm.<\/p>\n","protected":false},"excerpt":{"rendered":"<p>Super Soaker sind die weltweit bekannten Wasserpistolen und -spielzeuge von Hasbro. Die Super Soaker Hundespielzeuge kombinieren jetzt die bew\u00e4hrte Qualit\u00e4t der NERF Dog Spielzeuge mit den spritzigen und k\u00fchlenden Eigenschaften der Super Soaker Wasserspielzeuge von Hasbro. In der warmen Jahreszeit freut sich auch der Hund \u00fcber eine frische Abk\u00fchlung und mit den Super Soaker Artikeln [&hellip;]<\/p>\n","protected":false},"featured_media":34163,"comment_status":"closed","ping_status":"open","template":"","meta":[],"product_cat":[13943],"product_tag":[],"class_list":{"0":"post-47156","1":"product","2":"type-product","3":"status-publish","4":"has-post-thumbnail","6":"product_cat-aqua-spielzeug","8":"first","9":"instock","10":"taxable","11":"shipping-taxable","12":"purchasable","13":"product-type-simple"},"_links":{"self":[{"href":"https:\/\/all-pets.de\/shop\/wp-json\/wp\/v2\/product\/47156","targetHints":{"allow":["GET"]}}],"collection":[{"href":"https:\/\/all-pets.de\/shop\/wp-json\/wp\/v2\/product"}],"about":[{"href":"https:\/\/all-pets.de\/shop\/wp-json\/wp\/v2\/types\/product"}],"replies":[{"embeddable":true,"href":"https:\/\/all-pets.de\/shop\/wp-json\/wp\/v2\/comments?post=47156"}],"wp:featuredmedia":[{"embeddable":true,"href":"https:\/\/all-pets.de\/shop\/wp-json\/wp\/v2\/media\/34163"}],"wp:attachment":[{"href":"https:\/\/all-pets.de\/shop\/wp-json\/wp\/v2\/media?parent=47156"}],"wp:term":[{"taxonomy":"product_cat","embeddable":true,"href":"https:\/\/all-pets.de\/shop\/wp-json\/wp\/v2\/product_cat?post=47156"},{"taxonomy":"product_tag","embeddable":true,"href":"https:\/\/all-pets.de\/shop\/wp-json\/wp\/v2\/product_tag?post=47156"}],"curies":[{"name":"wp","href":"https:\/\/api.w.org\/{rel}","templated":true}]}}