{"id":47161,"date":"2023-12-12T10:54:12","date_gmt":"2023-12-12T09:54:12","guid":{"rendered":"https:\/\/pet-shopping.de\/shop\/produkt\/kerbl-denk-lernspiel-duo\/"},"modified":"2023-12-12T10:54:13","modified_gmt":"2023-12-12T09:54:13","slug":"kerbl-denk-lernspiel-duo","status":"publish","type":"product","link":"https:\/\/all-pets.de\/shop\/produkt\/kerbl-denk-lernspiel-duo\/","title":{"rendered":"Kerbl Denk- &#038; Lernspiel Duo"},"content":{"rendered":"<p>2 Spiele in einem! H\u00fctchenspiel und Roulette. Bei diesen Brettspielen werden Snacks in \u00d6ffnungen gelegt, die dann mit H\u00fctchen oder der Drehplatte verdeckt werden. Der Hund muss die H\u00fctchen heben oder die Platte mit der Pfote oder Schnauze drehen, um an die Snacks zu kommen. Ein tolles Spiel auch f\u00fcr Hunde, die krank, operiert oder schon \u00e4lter sind. Durch intensives Spielen wird auch die Bindung zwischen Mensch und Hund gef\u00f6rdert.<\/p>\n<p>Denkspiele f\u00f6rdern die Entwicklung Ihres Hundes. Geschickt verpackte Leckerlis geben dazu die richtige Motivation. <\/p>\n<p>Durchmesser: 24,7cm<\/p>\n<p>Material: MDF-Platte mit lackierter Oberfl\u00e4che mit Holzkegeln und Schiebeabdeckungen <\/p>\n","protected":false},"excerpt":{"rendered":"<p>2 Spiele in einem! H\u00fctchenspiel und Roulette. Bei diesen Brettspielen werden Snacks in \u00d6ffnungen gelegt, die dann mit H\u00fctchen oder der Drehplatte verdeckt werden. Der Hund muss die H\u00fctchen heben oder die Platte mit der Pfote oder Schnauze drehen, um an die Snacks zu kommen. Ein tolles Spiel auch f\u00fcr Hunde, die krank, operiert oder [&hellip;]<\/p>\n","protected":false},"featured_media":32736,"comment_status":"closed","ping_status":"open","template":"","meta":[],"product_cat":[13793],"product_tag":[],"class_list":{"0":"post-47161","1":"product","2":"type-product","3":"status-publish","4":"has-post-thumbnail","6":"product_cat-intelligenz","8":"first","9":"instock","10":"taxable","11":"shipping-taxable","12":"purchasable","13":"product-type-simple"},"_links":{"self":[{"href":"https:\/\/all-pets.de\/shop\/wp-json\/wp\/v2\/product\/47161","targetHints":{"allow":["GET"]}}],"collection":[{"href":"https:\/\/all-pets.de\/shop\/wp-json\/wp\/v2\/product"}],"about":[{"href":"https:\/\/all-pets.de\/shop\/wp-json\/wp\/v2\/types\/product"}],"replies":[{"embeddable":true,"href":"https:\/\/all-pets.de\/shop\/wp-json\/wp\/v2\/comments?post=47161"}],"wp:featuredmedia":[{"embeddable":true,"href":"https:\/\/all-pets.de\/shop\/wp-json\/wp\/v2\/media\/32736"}],"wp:attachment":[{"href":"https:\/\/all-pets.de\/shop\/wp-json\/wp\/v2\/media?parent=47161"}],"wp:term":[{"taxonomy":"product_cat","embeddable":true,"href":"https:\/\/all-pets.de\/shop\/wp-json\/wp\/v2\/product_cat?post=47161"},{"taxonomy":"product_tag","embeddable":true,"href":"https:\/\/all-pets.de\/shop\/wp-json\/wp\/v2\/product_tag?post=47161"}],"curies":[{"name":"wp","href":"https:\/\/api.w.org\/{rel}","templated":true}]}}