{"id":47162,"date":"2023-12-12T10:54:12","date_gmt":"2023-12-12T09:54:12","guid":{"rendered":"https:\/\/pet-shopping.de\/shop\/produkt\/trixie-soft-snackdogorado-500g-eimer\/"},"modified":"2023-12-12T10:54:13","modified_gmt":"2023-12-12T09:54:13","slug":"trixie-soft-snackdogorado-500g-eimer","status":"publish","type":"product","link":"https:\/\/all-pets.de\/shop\/produkt\/trixie-soft-snackdogorado-500g-eimer\/","title":{"rendered":"Trixie Soft SnackDog`o`Rado 500g Eimer"},"content":{"rendered":"<p>Erg\u00e4nzungsfuttermittel f\u00fcr Hunde<\/p>\n<p>Leckere Belohnungssnacks mit Huhn. Ohne Zuckerzusatz und praktisch verpackt im wieder verschlie\u00dfbaren Kunststoffeimer.<\/p>\n<p>Zusammensetzung: Getreide, Ksrtoffelst\u00e4rke, Fleisch und tierische Nebenerzeugnisse (4% Huhn), pflanzliche Nebenerzeugnisse, \u00d6le und Fette <\/p>\n<p>Inhalt: 500g <\/p>\n","protected":false},"excerpt":{"rendered":"<p>Erg\u00e4nzungsfuttermittel f\u00fcr Hunde Leckere Belohnungssnacks mit Huhn. Ohne Zuckerzusatz und praktisch verpackt im wieder verschlie\u00dfbaren Kunststoffeimer. Zusammensetzung: Getreide, Ksrtoffelst\u00e4rke, Fleisch und tierische Nebenerzeugnisse (4% Huhn), pflanzliche Nebenerzeugnisse, \u00d6le und Fette Inhalt: 500g<\/p>\n","protected":false},"featured_media":27438,"comment_status":"closed","ping_status":"open","template":"","meta":[],"product_cat":[13809],"product_tag":[],"class_list":{"0":"post-47162","1":"product","2":"type-product","3":"status-publish","4":"has-post-thumbnail","6":"product_cat-trixie","8":"first","9":"instock","10":"taxable","11":"shipping-taxable","12":"purchasable","13":"product-type-simple"},"_links":{"self":[{"href":"https:\/\/all-pets.de\/shop\/wp-json\/wp\/v2\/product\/47162","targetHints":{"allow":["GET"]}}],"collection":[{"href":"https:\/\/all-pets.de\/shop\/wp-json\/wp\/v2\/product"}],"about":[{"href":"https:\/\/all-pets.de\/shop\/wp-json\/wp\/v2\/types\/product"}],"replies":[{"embeddable":true,"href":"https:\/\/all-pets.de\/shop\/wp-json\/wp\/v2\/comments?post=47162"}],"wp:featuredmedia":[{"embeddable":true,"href":"https:\/\/all-pets.de\/shop\/wp-json\/wp\/v2\/media\/27438"}],"wp:attachment":[{"href":"https:\/\/all-pets.de\/shop\/wp-json\/wp\/v2\/media?parent=47162"}],"wp:term":[{"taxonomy":"product_cat","embeddable":true,"href":"https:\/\/all-pets.de\/shop\/wp-json\/wp\/v2\/product_cat?post=47162"},{"taxonomy":"product_tag","embeddable":true,"href":"https:\/\/all-pets.de\/shop\/wp-json\/wp\/v2\/product_tag?post=47162"}],"curies":[{"name":"wp","href":"https:\/\/api.w.org\/{rel}","templated":true}]}}