{"id":47163,"date":"2023-12-12T10:54:12","date_gmt":"2023-12-12T09:54:12","guid":{"rendered":"https:\/\/pet-shopping.de\/shop\/produkt\/trixie-naturoel-spuelung-250ml\/"},"modified":"2023-12-12T10:54:13","modified_gmt":"2023-12-12T09:54:13","slug":"trixie-naturoel-spuelung-250ml","status":"publish","type":"product","link":"https:\/\/all-pets.de\/shop\/produkt\/trixie-naturoel-spuelung-250ml\/","title":{"rendered":"Trixie Natur\u00f6l-Sp\u00fclung, 250ml"},"content":{"rendered":"<p>Die Trixie Natur\u00f6l-Produkte sind eine nat\u00fcrliche Alternative zu Nerz\u00f6l-Produkten.<\/p>\n<p>-mit hochwertigen \u00d6len aus der Macadamianuss und Sanddornfruchtfleisch als nat\u00fcrliche Alternative zu Nerz\u00f6l<br \/> -verleiht dem Fell einen seidigen Glanz, F\u00fclle und Geschmeidigkeit<br \/> -stark r\u00fcckfettend<br \/> -erleichtert das K\u00e4mmen<br \/> -ideal auch f\u00fcr langhaarige Hunde<\/p>\n<p> Inhaltsstoffe gem. EU-Empfehlungen:<br \/> Konservierungsmittel\/Desinfektionsmittel<br \/> Duftstoffe<\/p>\n<p>Inhalt: 250ml <\/p>\n<p>\u00a0<\/p>\n","protected":false},"excerpt":{"rendered":"<p>Die Trixie Natur\u00f6l-Produkte sind eine nat\u00fcrliche Alternative zu Nerz\u00f6l-Produkten. -mit hochwertigen \u00d6len aus der Macadamianuss und Sanddornfruchtfleisch als nat\u00fcrliche Alternative zu Nerz\u00f6l -verleiht dem Fell einen seidigen Glanz, F\u00fclle und Geschmeidigkeit -stark r\u00fcckfettend -erleichtert das K\u00e4mmen -ideal auch f\u00fcr langhaarige Hunde Inhaltsstoffe gem. EU-Empfehlungen: Konservierungsmittel\/Desinfektionsmittel Duftstoffe Inhalt: 250ml \u00a0<\/p>\n","protected":false},"featured_media":20832,"comment_status":"closed","ping_status":"open","template":"","meta":[],"product_cat":[14391],"product_tag":[],"class_list":{"0":"post-47163","1":"product","2":"type-product","3":"status-publish","4":"has-post-thumbnail","6":"product_cat-fellpflegeprodukte-fellpflege-pflege-gesundheit-hundewelt","8":"first","9":"instock","10":"taxable","11":"shipping-taxable","12":"purchasable","13":"product-type-simple"},"_links":{"self":[{"href":"https:\/\/all-pets.de\/shop\/wp-json\/wp\/v2\/product\/47163","targetHints":{"allow":["GET"]}}],"collection":[{"href":"https:\/\/all-pets.de\/shop\/wp-json\/wp\/v2\/product"}],"about":[{"href":"https:\/\/all-pets.de\/shop\/wp-json\/wp\/v2\/types\/product"}],"replies":[{"embeddable":true,"href":"https:\/\/all-pets.de\/shop\/wp-json\/wp\/v2\/comments?post=47163"}],"wp:featuredmedia":[{"embeddable":true,"href":"https:\/\/all-pets.de\/shop\/wp-json\/wp\/v2\/media\/20832"}],"wp:attachment":[{"href":"https:\/\/all-pets.de\/shop\/wp-json\/wp\/v2\/media?parent=47163"}],"wp:term":[{"taxonomy":"product_cat","embeddable":true,"href":"https:\/\/all-pets.de\/shop\/wp-json\/wp\/v2\/product_cat?post=47163"},{"taxonomy":"product_tag","embeddable":true,"href":"https:\/\/all-pets.de\/shop\/wp-json\/wp\/v2\/product_tag?post=47163"}],"curies":[{"name":"wp","href":"https:\/\/api.w.org\/{rel}","templated":true}]}}