{"id":47164,"date":"2023-12-12T10:54:12","date_gmt":"2023-12-12T09:54:12","guid":{"rendered":"https:\/\/pet-shopping.de\/shop\/produkt\/trixie-tau-spielzeug\/"},"modified":"2023-12-12T10:54:13","modified_gmt":"2023-12-12T09:54:13","slug":"trixie-tau-spielzeug","status":"publish","type":"product","link":"https:\/\/all-pets.de\/shop\/produkt\/trixie-tau-spielzeug\/","title":{"rendered":"Trixie Tau-Spielzeug"},"content":{"rendered":"<p>Mit diesem Hundespielzeug vereinen Sie Spielspass mit Zahnpflege.<\/p>\n<p>Durch das Spielen mit den Denta Fun Spielzeugen\u00a0 werden die Z\u00e4hne und Zahnzwischenr\u00e4ume Ihres Hundes gepflegt und gereinigt. Dadurch wird die Maulhygiene verbessert.<\/p>\n<p>Das Spielzeug besteht aus strapazierf\u00e4higem Baumwollgemisch.<\/p>\n<p>L\u00e4nge: ca. 44cm<\/p>\n<p>Balldurchmesser: ca. 7cm<\/p>\n<p>Diverse Farben<\/p>\n<p><font size=\"1\">(Eine Farbwahl ist leider nicht m\u00f6glich. Die Farbe wird je nach Lagerbestand gew\u00e4hlt.)<\/font> <\/p>\n","protected":false},"excerpt":{"rendered":"<p>Mit diesem Hundespielzeug vereinen Sie Spielspass mit Zahnpflege. Durch das Spielen mit den Denta Fun Spielzeugen\u00a0 werden die Z\u00e4hne und Zahnzwischenr\u00e4ume Ihres Hundes gepflegt und gereinigt. Dadurch wird die Maulhygiene verbessert. Das Spielzeug besteht aus strapazierf\u00e4higem Baumwollgemisch. L\u00e4nge: ca. 44cm Balldurchmesser: ca. 7cm Diverse Farben (Eine Farbwahl ist leider nicht m\u00f6glich. Die Farbe wird je [&hellip;]<\/p>\n","protected":false},"featured_media":27450,"comment_status":"closed","ping_status":"open","template":"","meta":[],"product_cat":[14702],"product_tag":[],"class_list":{"0":"post-47164","1":"product","2":"type-product","3":"status-publish","4":"has-post-thumbnail","6":"product_cat-baumwoll-spielzeug-hundespielzeug-sport","8":"first","9":"instock","10":"taxable","11":"shipping-taxable","12":"purchasable","13":"product-type-simple"},"_links":{"self":[{"href":"https:\/\/all-pets.de\/shop\/wp-json\/wp\/v2\/product\/47164","targetHints":{"allow":["GET"]}}],"collection":[{"href":"https:\/\/all-pets.de\/shop\/wp-json\/wp\/v2\/product"}],"about":[{"href":"https:\/\/all-pets.de\/shop\/wp-json\/wp\/v2\/types\/product"}],"replies":[{"embeddable":true,"href":"https:\/\/all-pets.de\/shop\/wp-json\/wp\/v2\/comments?post=47164"}],"wp:featuredmedia":[{"embeddable":true,"href":"https:\/\/all-pets.de\/shop\/wp-json\/wp\/v2\/media\/27450"}],"wp:attachment":[{"href":"https:\/\/all-pets.de\/shop\/wp-json\/wp\/v2\/media?parent=47164"}],"wp:term":[{"taxonomy":"product_cat","embeddable":true,"href":"https:\/\/all-pets.de\/shop\/wp-json\/wp\/v2\/product_cat?post=47164"},{"taxonomy":"product_tag","embeddable":true,"href":"https:\/\/all-pets.de\/shop\/wp-json\/wp\/v2\/product_tag?post=47164"}],"curies":[{"name":"wp","href":"https:\/\/api.w.org\/{rel}","templated":true}]}}