{"id":47165,"date":"2023-12-12T10:54:12","date_gmt":"2023-12-12T09:54:12","guid":{"rendered":"https:\/\/pet-shopping.de\/shop\/produkt\/trixie-streuloeffel-mit-kotbeuteln\/"},"modified":"2023-12-12T10:54:13","modified_gmt":"2023-12-12T09:54:13","slug":"trixie-streuloeffel-mit-kotbeuteln","status":"publish","type":"product","link":"https:\/\/all-pets.de\/shop\/produkt\/trixie-streuloeffel-mit-kotbeuteln\/","title":{"rendered":"Trixie Streul\u00f6ffel mit Kotbeuteln"},"content":{"rendered":"<p>Ausgesprochen praktisch! Kotschaufel und Kott\u00fctenspender in einem. Im Griff ist eine Rolle Kott\u00fcten (Inhalt 20 T\u00fcten) f\u00fcr die Entnahme im Bedarfsfall untergebracht. Durch eine \u00d6ffnung am Griff der Kotschaufel, die die Form einer Pfote hat, k\u00f6nnen die Kotbeutel einfach einzeln herausgezogen werden. Am Ende des Griffs ist ein Deckel mit Schraubverschluss vorhanden, durch den die Kotbeutel ganz einfach nachgef\u00fcllt werden k\u00f6nnen. F\u00fcr Hunde- sowie Katzenbesitzer eine tolle Neuheit!<\/p>\n<p> Diverse Farben<\/p>\n<p><font size=\"1\">(Eine Farbwahl ist leider nicht m\u00f6glich. Die Farbe wird je nach Lagerbestand gew\u00e4hlt.)<\/font> <\/p>\n","protected":false},"excerpt":{"rendered":"<p>Ausgesprochen praktisch! Kotschaufel und Kott\u00fctenspender in einem. Im Griff ist eine Rolle Kott\u00fcten (Inhalt 20 T\u00fcten) f\u00fcr die Entnahme im Bedarfsfall untergebracht. Durch eine \u00d6ffnung am Griff der Kotschaufel, die die Form einer Pfote hat, k\u00f6nnen die Kotbeutel einfach einzeln herausgezogen werden. Am Ende des Griffs ist ein Deckel mit Schraubverschluss vorhanden, durch den die [&hellip;]<\/p>\n","protected":false},"featured_media":36211,"comment_status":"closed","ping_status":"open","template":"","meta":[],"product_cat":[14219],"product_tag":[],"class_list":{"0":"post-47165","1":"product","2":"type-product","3":"status-publish","4":"has-post-thumbnail","6":"product_cat-toiletten-zubehoer","8":"first","9":"instock","10":"taxable","11":"shipping-taxable","12":"purchasable","13":"product-type-simple"},"_links":{"self":[{"href":"https:\/\/all-pets.de\/shop\/wp-json\/wp\/v2\/product\/47165","targetHints":{"allow":["GET"]}}],"collection":[{"href":"https:\/\/all-pets.de\/shop\/wp-json\/wp\/v2\/product"}],"about":[{"href":"https:\/\/all-pets.de\/shop\/wp-json\/wp\/v2\/types\/product"}],"replies":[{"embeddable":true,"href":"https:\/\/all-pets.de\/shop\/wp-json\/wp\/v2\/comments?post=47165"}],"wp:featuredmedia":[{"embeddable":true,"href":"https:\/\/all-pets.de\/shop\/wp-json\/wp\/v2\/media\/36211"}],"wp:attachment":[{"href":"https:\/\/all-pets.de\/shop\/wp-json\/wp\/v2\/media?parent=47165"}],"wp:term":[{"taxonomy":"product_cat","embeddable":true,"href":"https:\/\/all-pets.de\/shop\/wp-json\/wp\/v2\/product_cat?post=47165"},{"taxonomy":"product_tag","embeddable":true,"href":"https:\/\/all-pets.de\/shop\/wp-json\/wp\/v2\/product_tag?post=47165"}],"curies":[{"name":"wp","href":"https:\/\/api.w.org\/{rel}","templated":true}]}}