{"id":47166,"date":"2023-12-12T10:54:12","date_gmt":"2023-12-12T09:54:12","guid":{"rendered":"https:\/\/pet-shopping.de\/shop\/produkt\/trixie-streuloeffel-mit-halter\/"},"modified":"2023-12-12T10:54:13","modified_gmt":"2023-12-12T09:54:13","slug":"trixie-streuloeffel-mit-halter","status":"publish","type":"product","link":"https:\/\/all-pets.de\/shop\/produkt\/trixie-streuloeffel-mit-halter\/","title":{"rendered":"Trixie Streul\u00f6ffel mit Halter"},"content":{"rendered":"<p>Dieser Streul\u00f6ffel der Herstellers Trixie ist dank des mitgelieferten Halters immer ordentlich verstaut und sieht auch noch h\u00fcbsch aus. <\/p>\n<p>Der Halter, der mit einem eleganten Katzen-Motiv versehen ist, kann durch den komplett abnehmbaren Boden besonders leicht gereinigt werden. <\/p>\n<p>Ersatzschaufeln sind separat erh\u00e4ltlich. (Art.-Nr. 40471\u201340473)<\/p>\n<p>F\u00fcr Silikatstreu.<\/p>\n<p>Material: Kunststoff <\/p>\n<p>Diverse Farben<\/p>\n<p><font size=\"\"1\"\"\"\">(Eine Farbwahl ist leider nicht m\u00f6glich. Die Farbe wird je nach Lagerbestand gew\u00e4hlt.)<\/font>\u00a0 <\/p>\n<p>&#8222;<\/p>\n","protected":false},"excerpt":{"rendered":"<p>Dieser Streul\u00f6ffel der Herstellers Trixie ist dank des mitgelieferten Halters immer ordentlich verstaut und sieht auch noch h\u00fcbsch aus. Der Halter, der mit einem eleganten Katzen-Motiv versehen ist, kann durch den komplett abnehmbaren Boden besonders leicht gereinigt werden. Ersatzschaufeln sind separat erh\u00e4ltlich. (Art.-Nr. 40471\u201340473) F\u00fcr Silikatstreu. Material: Kunststoff Diverse Farben (Eine Farbwahl ist leider nicht [&hellip;]<\/p>\n","protected":false},"featured_media":35879,"comment_status":"closed","ping_status":"open","template":"","meta":[],"product_cat":[14219],"product_tag":[],"class_list":{"0":"post-47166","1":"product","2":"type-product","3":"status-publish","4":"has-post-thumbnail","6":"product_cat-toiletten-zubehoer","8":"first","9":"instock","10":"taxable","11":"shipping-taxable","12":"purchasable","13":"product-type-simple"},"_links":{"self":[{"href":"https:\/\/all-pets.de\/shop\/wp-json\/wp\/v2\/product\/47166","targetHints":{"allow":["GET"]}}],"collection":[{"href":"https:\/\/all-pets.de\/shop\/wp-json\/wp\/v2\/product"}],"about":[{"href":"https:\/\/all-pets.de\/shop\/wp-json\/wp\/v2\/types\/product"}],"replies":[{"embeddable":true,"href":"https:\/\/all-pets.de\/shop\/wp-json\/wp\/v2\/comments?post=47166"}],"wp:featuredmedia":[{"embeddable":true,"href":"https:\/\/all-pets.de\/shop\/wp-json\/wp\/v2\/media\/35879"}],"wp:attachment":[{"href":"https:\/\/all-pets.de\/shop\/wp-json\/wp\/v2\/media?parent=47166"}],"wp:term":[{"taxonomy":"product_cat","embeddable":true,"href":"https:\/\/all-pets.de\/shop\/wp-json\/wp\/v2\/product_cat?post=47166"},{"taxonomy":"product_tag","embeddable":true,"href":"https:\/\/all-pets.de\/shop\/wp-json\/wp\/v2\/product_tag?post=47166"}],"curies":[{"name":"wp","href":"https:\/\/api.w.org\/{rel}","templated":true}]}}