{"id":47169,"date":"2023-12-12T10:54:12","date_gmt":"2023-12-12T09:54:12","guid":{"rendered":"https:\/\/pet-shopping.de\/shop\/produkt\/karlie-visio-light-cat-led-schlauch-mit-usb-pink\/"},"modified":"2023-12-12T10:54:14","modified_gmt":"2023-12-12T09:54:14","slug":"karlie-visio-light-cat-led-schlauch-mit-usb-pink","status":"publish","type":"product","link":"https:\/\/all-pets.de\/shop\/produkt\/karlie-visio-light-cat-led-schlauch-mit-usb-pink\/","title":{"rendered":"Karlie Visio Light Cat LED-Schlauch mit USB &#8211; Pink"},"content":{"rendered":"<p>Der Visio Light LED-Schlauch macht Ihre Katze bis auf eine Entfernung von ca. 500m f\u00fcr alle sichtbar.<\/p>\n<p>Die Besonderheit an diesem Leuchtschlauch ist, dass er keine Batterien ben\u00f6tigt, die st\u00e4ndig ausgewechselt werden m\u00fcssen und zudem meist nicht sehr preisg\u00fcnstig sind. Der Visio Light LED-Leuchtschlauch besitzt einen Akku, der ganz einfach \u00fcber das mitgelieferte USB-Kabel aufgeladen werden kann (z.B. am Computer). Der Leuchtschlauch ist wasserfest und kann auf Blink- oder Dauerlicht eingestellt werden.<\/p>\n<p>Der Schlauch ist universell k\u00fcrzbar und hat eine L\u00e4nge von ca. 35 cm.<\/p>\n<p>CE-getestet.<\/p>\n<p>Farbe: Pink<\/p>\n","protected":false},"excerpt":{"rendered":"<p>Der Visio Light LED-Schlauch macht Ihre Katze bis auf eine Entfernung von ca. 500m f\u00fcr alle sichtbar. Die Besonderheit an diesem Leuchtschlauch ist, dass er keine Batterien ben\u00f6tigt, die st\u00e4ndig ausgewechselt werden m\u00fcssen und zudem meist nicht sehr preisg\u00fcnstig sind. Der Visio Light LED-Leuchtschlauch besitzt einen Akku, der ganz einfach \u00fcber das mitgelieferte USB-Kabel aufgeladen [&hellip;]<\/p>\n","protected":false},"featured_media":23442,"comment_status":"closed","ping_status":"open","template":"","meta":[],"product_cat":[14236],"product_tag":[],"class_list":{"0":"post-47169","1":"product","2":"type-product","3":"status-publish","4":"has-post-thumbnail","6":"product_cat-halsbaender-katzenhalsbaender-geschirre","8":"first","9":"instock","10":"taxable","11":"shipping-taxable","12":"purchasable","13":"product-type-simple"},"_links":{"self":[{"href":"https:\/\/all-pets.de\/shop\/wp-json\/wp\/v2\/product\/47169","targetHints":{"allow":["GET"]}}],"collection":[{"href":"https:\/\/all-pets.de\/shop\/wp-json\/wp\/v2\/product"}],"about":[{"href":"https:\/\/all-pets.de\/shop\/wp-json\/wp\/v2\/types\/product"}],"replies":[{"embeddable":true,"href":"https:\/\/all-pets.de\/shop\/wp-json\/wp\/v2\/comments?post=47169"}],"wp:featuredmedia":[{"embeddable":true,"href":"https:\/\/all-pets.de\/shop\/wp-json\/wp\/v2\/media\/23442"}],"wp:attachment":[{"href":"https:\/\/all-pets.de\/shop\/wp-json\/wp\/v2\/media?parent=47169"}],"wp:term":[{"taxonomy":"product_cat","embeddable":true,"href":"https:\/\/all-pets.de\/shop\/wp-json\/wp\/v2\/product_cat?post=47169"},{"taxonomy":"product_tag","embeddable":true,"href":"https:\/\/all-pets.de\/shop\/wp-json\/wp\/v2\/product_tag?post=47169"}],"curies":[{"name":"wp","href":"https:\/\/api.w.org\/{rel}","templated":true}]}}