{"id":47170,"date":"2023-12-12T10:54:12","date_gmt":"2023-12-12T09:54:12","guid":{"rendered":"https:\/\/pet-shopping.de\/shop\/produkt\/trixie-premio-gefluegelcreme-110g\/"},"modified":"2023-12-12T10:54:14","modified_gmt":"2023-12-12T09:54:14","slug":"trixie-premio-gefluegelcreme-110g","status":"publish","type":"product","link":"https:\/\/all-pets.de\/shop\/produkt\/trixie-premio-gefluegelcreme-110g\/","title":{"rendered":"Trixie Premio Gefl\u00fcgelcreme &#8211; 110g"},"content":{"rendered":"<p>Erg\u00e4nzungfuttermittel f\u00fcr Hunde<\/p>\n<p>Die Premio Gefl\u00fcgelcreme ist ein echetr Leckerbissen f\u00fcr Hunde und besitzt einen hohen Belohnungseffekt. Der Gefl\u00fcgelgehalt der Paste betr\u00e4gt mindestens 50% und die Creme ist ohne Zusatz von Zucker!<\/p>\n<p>Durch die Tube ist die Creme sauber dosierbar. Kann auch super das Abreichen von Medikamenten erleichtern.<\/p>\n<p>Zusammensetzung:Fleisch und tierische Nebenerzeugnisse (alle vom Gefl\u00fcgel, 51%), Mais- und Kartoffelst\u00e4rke, Milcheiwei\u00df, Gem\u00fcse (Gew\u00fcrze) <\/p>\n<p>Inhalt: 110 g<\/p>\n","protected":false},"excerpt":{"rendered":"<p>Erg\u00e4nzungfuttermittel f\u00fcr Hunde Die Premio Gefl\u00fcgelcreme ist ein echetr Leckerbissen f\u00fcr Hunde und besitzt einen hohen Belohnungseffekt. Der Gefl\u00fcgelgehalt der Paste betr\u00e4gt mindestens 50% und die Creme ist ohne Zusatz von Zucker! Durch die Tube ist die Creme sauber dosierbar. Kann auch super das Abreichen von Medikamenten erleichtern. Zusammensetzung:Fleisch und tierische Nebenerzeugnisse (alle vom Gefl\u00fcgel, [&hellip;]<\/p>\n","protected":false},"featured_media":27444,"comment_status":"closed","ping_status":"open","template":"","meta":[],"product_cat":[13809],"product_tag":[],"class_list":{"0":"post-47170","1":"product","2":"type-product","3":"status-publish","4":"has-post-thumbnail","6":"product_cat-trixie","8":"first","9":"instock","10":"taxable","11":"shipping-taxable","12":"purchasable","13":"product-type-simple"},"_links":{"self":[{"href":"https:\/\/all-pets.de\/shop\/wp-json\/wp\/v2\/product\/47170","targetHints":{"allow":["GET"]}}],"collection":[{"href":"https:\/\/all-pets.de\/shop\/wp-json\/wp\/v2\/product"}],"about":[{"href":"https:\/\/all-pets.de\/shop\/wp-json\/wp\/v2\/types\/product"}],"replies":[{"embeddable":true,"href":"https:\/\/all-pets.de\/shop\/wp-json\/wp\/v2\/comments?post=47170"}],"wp:featuredmedia":[{"embeddable":true,"href":"https:\/\/all-pets.de\/shop\/wp-json\/wp\/v2\/media\/27444"}],"wp:attachment":[{"href":"https:\/\/all-pets.de\/shop\/wp-json\/wp\/v2\/media?parent=47170"}],"wp:term":[{"taxonomy":"product_cat","embeddable":true,"href":"https:\/\/all-pets.de\/shop\/wp-json\/wp\/v2\/product_cat?post=47170"},{"taxonomy":"product_tag","embeddable":true,"href":"https:\/\/all-pets.de\/shop\/wp-json\/wp\/v2\/product_tag?post=47170"}],"curies":[{"name":"wp","href":"https:\/\/api.w.org\/{rel}","templated":true}]}}