{"id":47172,"date":"2023-12-12T10:54:12","date_gmt":"2023-12-12T09:54:12","guid":{"rendered":"https:\/\/pet-shopping.de\/shop\/produkt\/drinkwell-mini-trinkbrunnen-12-l\/"},"modified":"2023-12-12T10:54:14","modified_gmt":"2023-12-12T09:54:14","slug":"drinkwell-mini-trinkbrunnen-12-l","status":"publish","type":"product","link":"https:\/\/all-pets.de\/shop\/produkt\/drinkwell-mini-trinkbrunnen-12-l\/","title":{"rendered":"Drinkwell Mini Trinkbrunnen 1,2 L"},"content":{"rendered":"<p>Praktischer Vorrat von immer frischem und gefiltertem Wasser!<\/p>\n<p>Durch die neue Drinkwell Platinum Wassertr\u00e4nke wird Ihr Liebling animiert mehr von dem frischen und sauerstoffreichen Wasser zu trinken. Die Wassertr\u00e4nke wurde von Tierarzten entwickelt und sch\u00fctz die Gesundheit Ihres Liebling und reduziert Harnsteinbildung und Harngries. Die untertauchbare Pumpe erm\u00f6glicht beinahe einen ger\u00e4uschlosen Betrieb.<\/p>\n<p>Durch den Vorfilter werden Haare und andere gro\u00dfe Teilchen gestoppt, bevor sie den Motor erreichen. Ein besonders gro\u00dfer Kohlefilter entfernt schlechte Geschmacks- und Geruchststoffe und bietet Ihrem Haustier dadurch die bestm\u00f6gliche und interessanteste Weise ausreichend zu trinken! Der Kohlefilter sollte alle 2 bis 4 Wochen ausgewechselt werden.<br \/> Der Verbrauch pro Stunde liegt bei ca. 2 Watt<\/p>\n<p>\u2022 12 V Niederspannungssystem<br \/> \u2022 Wasserrutsche zur Vermeidung von Spritzern<br \/> \u2022 Einstellbare Wasserflussst\u00e4rke<br \/> \u2022 Klickverschluss zur Sicherung des Deckels<br \/> \u2022 f\u00fcr den Geschirrsp\u00fcler geeignet<\/p>\n<p>Gr\u00f6\u00dfe: 22 x 16 x 30 cm (L x B x H<\/p>\n<p>Fassungsvernm\u00f6gen: 1,2 Liter <\/p>\n","protected":false},"excerpt":{"rendered":"<p>Praktischer Vorrat von immer frischem und gefiltertem Wasser! Durch die neue Drinkwell Platinum Wassertr\u00e4nke wird Ihr Liebling animiert mehr von dem frischen und sauerstoffreichen Wasser zu trinken. Die Wassertr\u00e4nke wurde von Tierarzten entwickelt und sch\u00fctz die Gesundheit Ihres Liebling und reduziert Harnsteinbildung und Harngries. Die untertauchbare Pumpe erm\u00f6glicht beinahe einen ger\u00e4uschlosen Betrieb. Durch den Vorfilter [&hellip;]<\/p>\n","protected":false},"featured_media":32758,"comment_status":"closed","ping_status":"open","template":"","meta":[],"product_cat":[13904],"product_tag":[],"class_list":{"0":"post-47172","1":"product","2":"type-product","3":"status-publish","4":"has-post-thumbnail","6":"product_cat-futterspender-traenken-hundenaepfe-traenken-katzentraenken-trinkbrunnenhundewelt","8":"first","9":"instock","10":"taxable","11":"shipping-taxable","12":"purchasable","13":"product-type-simple"},"_links":{"self":[{"href":"https:\/\/all-pets.de\/shop\/wp-json\/wp\/v2\/product\/47172","targetHints":{"allow":["GET"]}}],"collection":[{"href":"https:\/\/all-pets.de\/shop\/wp-json\/wp\/v2\/product"}],"about":[{"href":"https:\/\/all-pets.de\/shop\/wp-json\/wp\/v2\/types\/product"}],"replies":[{"embeddable":true,"href":"https:\/\/all-pets.de\/shop\/wp-json\/wp\/v2\/comments?post=47172"}],"wp:featuredmedia":[{"embeddable":true,"href":"https:\/\/all-pets.de\/shop\/wp-json\/wp\/v2\/media\/32758"}],"wp:attachment":[{"href":"https:\/\/all-pets.de\/shop\/wp-json\/wp\/v2\/media?parent=47172"}],"wp:term":[{"taxonomy":"product_cat","embeddable":true,"href":"https:\/\/all-pets.de\/shop\/wp-json\/wp\/v2\/product_cat?post=47172"},{"taxonomy":"product_tag","embeddable":true,"href":"https:\/\/all-pets.de\/shop\/wp-json\/wp\/v2\/product_tag?post=47172"}],"curies":[{"name":"wp","href":"https:\/\/api.w.org\/{rel}","templated":true}]}}