{"id":47173,"date":"2023-12-12T10:54:16","date_gmt":"2023-12-12T09:54:16","guid":{"rendered":"https:\/\/pet-shopping.de\/shop\/produkt\/hundespielzeug-gans\/"},"modified":"2023-12-12T10:54:16","modified_gmt":"2023-12-12T09:54:16","slug":"hundespielzeug-gans","status":"publish","type":"product","link":"https:\/\/all-pets.de\/shop\/produkt\/hundespielzeug-gans\/","title":{"rendered":"Hundespielzeug Gans"},"content":{"rendered":"<p>Dieser lustige Gans wird Ihrem Hund viel Freude beim Kuscheln und Spielen bereiten. <\/p>\n<p>Die Gans Besteht aus Stabilem Nylongewebe und Pl\u00fcsch. <\/p>\n<p>Mit Stimme und Raschelfolie.<\/p>\n<p>Gr\u00f6\u00dfe: ca. 36 cm <\/p>\n","protected":false},"excerpt":{"rendered":"<p>Dieser lustige Gans wird Ihrem Hund viel Freude beim Kuscheln und Spielen bereiten. Die Gans Besteht aus Stabilem Nylongewebe und Pl\u00fcsch. Mit Stimme und Raschelfolie. Gr\u00f6\u00dfe: ca. 36 cm<\/p>\n","protected":false},"featured_media":20340,"comment_status":"closed","ping_status":"open","template":"","meta":[],"product_cat":[14206],"product_tag":[],"class_list":{"0":"post-47173","1":"product","2":"type-product","3":"status-publish","4":"has-post-thumbnail","6":"product_cat-squeeker-hundespielzeug-sport-plueschspielzeughundewelt","8":"first","9":"instock","10":"taxable","11":"shipping-taxable","12":"purchasable","13":"product-type-simple"},"_links":{"self":[{"href":"https:\/\/all-pets.de\/shop\/wp-json\/wp\/v2\/product\/47173","targetHints":{"allow":["GET"]}}],"collection":[{"href":"https:\/\/all-pets.de\/shop\/wp-json\/wp\/v2\/product"}],"about":[{"href":"https:\/\/all-pets.de\/shop\/wp-json\/wp\/v2\/types\/product"}],"replies":[{"embeddable":true,"href":"https:\/\/all-pets.de\/shop\/wp-json\/wp\/v2\/comments?post=47173"}],"wp:featuredmedia":[{"embeddable":true,"href":"https:\/\/all-pets.de\/shop\/wp-json\/wp\/v2\/media\/20340"}],"wp:attachment":[{"href":"https:\/\/all-pets.de\/shop\/wp-json\/wp\/v2\/media?parent=47173"}],"wp:term":[{"taxonomy":"product_cat","embeddable":true,"href":"https:\/\/all-pets.de\/shop\/wp-json\/wp\/v2\/product_cat?post=47173"},{"taxonomy":"product_tag","embeddable":true,"href":"https:\/\/all-pets.de\/shop\/wp-json\/wp\/v2\/product_tag?post=47173"}],"curies":[{"name":"wp","href":"https:\/\/api.w.org\/{rel}","templated":true}]}}