{"id":47180,"date":"2023-12-12T10:54:16","date_gmt":"2023-12-12T09:54:16","guid":{"rendered":"https:\/\/pet-shopping.de\/shop\/produkt\/trixie-dentafun-dentros-mit-gefluegel7-stueck\/"},"modified":"2023-12-12T10:54:17","modified_gmt":"2023-12-12T09:54:17","slug":"trixie-dentafun-dentros-mit-gefluegel7-stueck","status":"publish","type":"product","link":"https:\/\/all-pets.de\/shop\/produkt\/trixie-dentafun-dentros-mit-gefluegel7-stueck\/","title":{"rendered":"Trixie DENTAfun Dentros mit Gefl\u00fcgel,7 St\u00fcck"},"content":{"rendered":"<p>Die Artikel aus der DENTAfun Reihe des Herstellers Trixie bieten Zahnpflege und Knabberspass in einem.<\/p>\n<p>Die DENTAfun Dentros befriedigen auf nat\u00fcrliche Weise den Kautrieb Ihres Hundes und reinigen dabei spielerisch die Z\u00e4hne und Zahnzwischenr\u00e4ume.<\/p>\n<p>Mit leckerem Gefl\u00fcgel.<\/p>\n<p>Ohne Zuckerzusatz. <\/p>\n<p>7 St\u00fcck<\/p>\n<p>Gewicht: 180g<\/p>\n<p>Zusammensetzung: pflanzliche Nebenerzeugnisse, Getreide, Fleisch und tierische Nebenerzeugnisse (mind. 6% Gefl\u00fcgel) pflanzliche Eiwei\u00dfextrakte, Mineralstoffe.<\/p>\n","protected":false},"excerpt":{"rendered":"<p>Die Artikel aus der DENTAfun Reihe des Herstellers Trixie bieten Zahnpflege und Knabberspass in einem. Die DENTAfun Dentros befriedigen auf nat\u00fcrliche Weise den Kautrieb Ihres Hundes und reinigen dabei spielerisch die Z\u00e4hne und Zahnzwischenr\u00e4ume. Mit leckerem Gefl\u00fcgel. Ohne Zuckerzusatz. 7 St\u00fcck Gewicht: 180g Zusammensetzung: pflanzliche Nebenerzeugnisse, Getreide, Fleisch und tierische Nebenerzeugnisse (mind. 6% Gefl\u00fcgel) pflanzliche [&hellip;]<\/p>\n","protected":false},"featured_media":20876,"comment_status":"closed","ping_status":"open","template":"","meta":[],"product_cat":[13809],"product_tag":[],"class_list":{"0":"post-47180","1":"product","2":"type-product","3":"status-publish","4":"has-post-thumbnail","6":"product_cat-trixie","8":"first","9":"instock","10":"taxable","11":"shipping-taxable","12":"purchasable","13":"product-type-simple"},"_links":{"self":[{"href":"https:\/\/all-pets.de\/shop\/wp-json\/wp\/v2\/product\/47180","targetHints":{"allow":["GET"]}}],"collection":[{"href":"https:\/\/all-pets.de\/shop\/wp-json\/wp\/v2\/product"}],"about":[{"href":"https:\/\/all-pets.de\/shop\/wp-json\/wp\/v2\/types\/product"}],"replies":[{"embeddable":true,"href":"https:\/\/all-pets.de\/shop\/wp-json\/wp\/v2\/comments?post=47180"}],"wp:featuredmedia":[{"embeddable":true,"href":"https:\/\/all-pets.de\/shop\/wp-json\/wp\/v2\/media\/20876"}],"wp:attachment":[{"href":"https:\/\/all-pets.de\/shop\/wp-json\/wp\/v2\/media?parent=47180"}],"wp:term":[{"taxonomy":"product_cat","embeddable":true,"href":"https:\/\/all-pets.de\/shop\/wp-json\/wp\/v2\/product_cat?post=47180"},{"taxonomy":"product_tag","embeddable":true,"href":"https:\/\/all-pets.de\/shop\/wp-json\/wp\/v2\/product_tag?post=47180"}],"curies":[{"name":"wp","href":"https:\/\/api.w.org\/{rel}","templated":true}]}}