{"id":47195,"date":"2023-12-12T10:54:19","date_gmt":"2023-12-12T09:54:19","guid":{"rendered":"https:\/\/pet-shopping.de\/shop\/produkt\/karlie-flamingo-xmas-plueschtier-mit-knistereffekt\/"},"modified":"2023-12-12T10:54:20","modified_gmt":"2023-12-12T09:54:20","slug":"karlie-flamingo-xmas-plueschtier-mit-knistereffekt","status":"publish","type":"product","link":"https:\/\/all-pets.de\/shop\/produkt\/karlie-flamingo-xmas-plueschtier-mit-knistereffekt\/","title":{"rendered":"Karlie Flamingo Xmas Pl\u00fcschtier mit Knistereffekt"},"content":{"rendered":"<p>Als kleine Aufmerksamkeit zu Weihnachten oder als Nikolausgeschenk f\u00fcr Ihren Vierbeiner eignet sich dieses Weihnachtsspielzeug perfekt.<\/p>\n<p>Das Pl\u00fcschtier mit weihnachtlichem Motiv macht beim Kuscheln spannende Knisterger\u00e4usche.<\/p>\n<p>Gr\u00f6\u00dfe: ca. 26 cm<br \/> 1 St\u00fcck<\/p>\n<p>Eine Motivwahl ist leider nicht m\u00f6glich, da die Variante je nach Lagerbestand gew\u00e4hlt wird.<\/p>\n","protected":false},"excerpt":{"rendered":"<p>Als kleine Aufmerksamkeit zu Weihnachten oder als Nikolausgeschenk f\u00fcr Ihren Vierbeiner eignet sich dieses Weihnachtsspielzeug perfekt. Das Pl\u00fcschtier mit weihnachtlichem Motiv macht beim Kuscheln spannende Knisterger\u00e4usche. Gr\u00f6\u00dfe: ca. 26 cm 1 St\u00fcck Eine Motivwahl ist leider nicht m\u00f6glich, da die Variante je nach Lagerbestand gew\u00e4hlt wird.<\/p>\n","protected":false},"featured_media":15612,"comment_status":"closed","ping_status":"open","template":"","meta":[],"product_cat":[13747],"product_tag":[],"class_list":{"0":"post-47195","1":"product","2":"type-product","3":"status-publish","4":"has-post-thumbnail","6":"product_cat-plueschspielzeug","8":"first","9":"instock","10":"taxable","11":"shipping-taxable","12":"purchasable","13":"product-type-simple"},"_links":{"self":[{"href":"https:\/\/all-pets.de\/shop\/wp-json\/wp\/v2\/product\/47195","targetHints":{"allow":["GET"]}}],"collection":[{"href":"https:\/\/all-pets.de\/shop\/wp-json\/wp\/v2\/product"}],"about":[{"href":"https:\/\/all-pets.de\/shop\/wp-json\/wp\/v2\/types\/product"}],"replies":[{"embeddable":true,"href":"https:\/\/all-pets.de\/shop\/wp-json\/wp\/v2\/comments?post=47195"}],"wp:featuredmedia":[{"embeddable":true,"href":"https:\/\/all-pets.de\/shop\/wp-json\/wp\/v2\/media\/15612"}],"wp:attachment":[{"href":"https:\/\/all-pets.de\/shop\/wp-json\/wp\/v2\/media?parent=47195"}],"wp:term":[{"taxonomy":"product_cat","embeddable":true,"href":"https:\/\/all-pets.de\/shop\/wp-json\/wp\/v2\/product_cat?post=47195"},{"taxonomy":"product_tag","embeddable":true,"href":"https:\/\/all-pets.de\/shop\/wp-json\/wp\/v2\/product_tag?post=47195"}],"curies":[{"name":"wp","href":"https:\/\/api.w.org\/{rel}","templated":true}]}}