{"id":47198,"date":"2023-12-12T10:54:19","date_gmt":"2023-12-12T09:54:19","guid":{"rendered":"https:\/\/pet-shopping.de\/shop\/produkt\/dogit-treat-twister\/"},"modified":"2023-12-12T10:54:20","modified_gmt":"2023-12-12T09:54:20","slug":"dogit-treat-twister","status":"publish","type":"product","link":"https:\/\/all-pets.de\/shop\/produkt\/dogit-treat-twister\/","title":{"rendered":"DOGIT Treat Twister"},"content":{"rendered":"<div class=\"content\" style=\"margin-left: 0px\"><span>Spielzeug und ein Leckerlie-Spender in einem<\/span><span><\/span><\/div>\n<p>Beim Jagen und Spielen fallen Leckereien aus dem Kreisel<span><\/span><span><\/span><br \/> <span>Einstellbare Leckerlie-Menge<\/span><span><\/span><span><\/span><span><\/span><span><\/span><span><\/span><span><\/span><br \/> <span>F\u00f6rdert die geistige und k\u00f6rperliche Aktivit\u00e4t<\/span><span><\/span><span><\/span><span><\/span><span><\/span><br \/> <span>Bringt Spa\u00df und ist eine Herausforderung<\/span><span><\/span><br \/> <span>F\u00fcr kleine Hunde geeignet<\/span><span><\/span><span><\/span> <\/p>\n<p><span><\/span><span>Gr\u00f6\u00dfe: 20 x 14 x 7 cm (BxTxH) <\/span><\/p>\n<div class=\"content\" style=\"margin-left: 15px\"><span>\u00a0<\/span><\/div>\n<div class=\"content\" style=\"margin-left: 15px\"><span><\/span><\/div>\n","protected":false},"excerpt":{"rendered":"<p>Spielzeug und ein Leckerlie-Spender in einem Beim Jagen und Spielen fallen Leckereien aus dem Kreisel Einstellbare Leckerlie-Menge F\u00f6rdert die geistige und k\u00f6rperliche Aktivit\u00e4t Bringt Spa\u00df und ist eine Herausforderung F\u00fcr kleine Hunde geeignet Gr\u00f6\u00dfe: 20 x 14 x 7 cm (BxTxH) \u00a0<\/p>\n","protected":false},"featured_media":23523,"comment_status":"closed","ping_status":"open","template":"","meta":[],"product_cat":[13793],"product_tag":[],"class_list":{"0":"post-47198","1":"product","2":"type-product","3":"status-publish","4":"has-post-thumbnail","6":"product_cat-intelligenz","8":"first","9":"instock","10":"taxable","11":"shipping-taxable","12":"purchasable","13":"product-type-simple"},"_links":{"self":[{"href":"https:\/\/all-pets.de\/shop\/wp-json\/wp\/v2\/product\/47198","targetHints":{"allow":["GET"]}}],"collection":[{"href":"https:\/\/all-pets.de\/shop\/wp-json\/wp\/v2\/product"}],"about":[{"href":"https:\/\/all-pets.de\/shop\/wp-json\/wp\/v2\/types\/product"}],"replies":[{"embeddable":true,"href":"https:\/\/all-pets.de\/shop\/wp-json\/wp\/v2\/comments?post=47198"}],"wp:featuredmedia":[{"embeddable":true,"href":"https:\/\/all-pets.de\/shop\/wp-json\/wp\/v2\/media\/23523"}],"wp:attachment":[{"href":"https:\/\/all-pets.de\/shop\/wp-json\/wp\/v2\/media?parent=47198"}],"wp:term":[{"taxonomy":"product_cat","embeddable":true,"href":"https:\/\/all-pets.de\/shop\/wp-json\/wp\/v2\/product_cat?post=47198"},{"taxonomy":"product_tag","embeddable":true,"href":"https:\/\/all-pets.de\/shop\/wp-json\/wp\/v2\/product_tag?post=47198"}],"curies":[{"name":"wp","href":"https:\/\/api.w.org\/{rel}","templated":true}]}}