{"id":47199,"date":"2023-12-12T10:54:19","date_gmt":"2023-12-12T09:54:19","guid":{"rendered":"https:\/\/pet-shopping.de\/shop\/produkt\/trixie-safer-life-flasher-fuer-hunde\/"},"modified":"2023-12-12T10:54:20","modified_gmt":"2023-12-12T09:54:20","slug":"trixie-safer-life-flasher-fuer-hunde","status":"publish","type":"product","link":"https:\/\/all-pets.de\/shop\/produkt\/trixie-safer-life-flasher-fuer-hunde\/","title":{"rendered":"Trixie Safer Life Flasher f\u00fcr Hunde"},"content":{"rendered":"<div class=\"itemDescriptions\">\n<ul>\n<li>Blinklicht rot und blau<\/li>\n<li>Kunststoff<\/li>\n<li>mit Adressfach<\/li>\n<li>transparent, Leuchtdioden rundum sichtbar<\/li>\n<li>inkl. 1 Set Ersatzbatterien<\/li>\n<li>2 \u00d7 ca. 20 Stunden Blinklicht<\/li>\n<\/ul>\n<p>Farbe: blau<br \/>Ma\u00dfe: 2 \u00d7 4 cm <\/p>\n<\/div>\n","protected":false},"excerpt":{"rendered":"<p>Blinklicht rot und blau Kunststoff mit Adressfach transparent, Leuchtdioden rundum sichtbar inkl. 1 Set Ersatzbatterien 2 \u00d7 ca. 20 Stunden Blinklicht Farbe: blauMa\u00dfe: 2 \u00d7 4 cm<\/p>\n","protected":false},"featured_media":5210,"comment_status":"closed","ping_status":"open","template":"","meta":[],"product_cat":[13787],"product_tag":[],"class_list":{"0":"post-47199","1":"product","2":"type-product","3":"status-publish","4":"has-post-thumbnail","6":"product_cat-hundeadressanhaenger-blinker","8":"first","9":"instock","10":"taxable","11":"shipping-taxable","12":"purchasable","13":"product-type-simple"},"_links":{"self":[{"href":"https:\/\/all-pets.de\/shop\/wp-json\/wp\/v2\/product\/47199","targetHints":{"allow":["GET"]}}],"collection":[{"href":"https:\/\/all-pets.de\/shop\/wp-json\/wp\/v2\/product"}],"about":[{"href":"https:\/\/all-pets.de\/shop\/wp-json\/wp\/v2\/types\/product"}],"replies":[{"embeddable":true,"href":"https:\/\/all-pets.de\/shop\/wp-json\/wp\/v2\/comments?post=47199"}],"wp:featuredmedia":[{"embeddable":true,"href":"https:\/\/all-pets.de\/shop\/wp-json\/wp\/v2\/media\/5210"}],"wp:attachment":[{"href":"https:\/\/all-pets.de\/shop\/wp-json\/wp\/v2\/media?parent=47199"}],"wp:term":[{"taxonomy":"product_cat","embeddable":true,"href":"https:\/\/all-pets.de\/shop\/wp-json\/wp\/v2\/product_cat?post=47199"},{"taxonomy":"product_tag","embeddable":true,"href":"https:\/\/all-pets.de\/shop\/wp-json\/wp\/v2\/product_tag?post=47199"}],"curies":[{"name":"wp","href":"https:\/\/api.w.org\/{rel}","templated":true}]}}