{"id":47201,"date":"2023-12-12T10:54:19","date_gmt":"2023-12-12T09:54:19","guid":{"rendered":"https:\/\/pet-shopping.de\/shop\/produkt\/trixie-liegemulde-xxl-fuer-kratzbaeume-beige\/"},"modified":"2023-12-12T10:54:20","modified_gmt":"2023-12-12T09:54:20","slug":"trixie-liegemulde-xxl-fuer-kratzbaeume-beige","status":"publish","type":"product","link":"https:\/\/all-pets.de\/shop\/produkt\/trixie-liegemulde-xxl-fuer-kratzbaeume-beige\/","title":{"rendered":"Trixie Liegemulde XXL f\u00fcr Kratzb\u00e4ume, beige"},"content":{"rendered":"<div class=\"itemDescriptions\">\n<div class=\"itemDescriptions\">\n<ul>\n<li>mit Pl\u00fcsch-Bezug<\/li>\n<li>mit Metallrahmen<\/li>\n<li>besonders f\u00fcr gro\u00dfe Katzen geeignet<\/li>\n<li>l\u00e4sst sich an fast jedem Kratzbaum statt einer Liegeplatte befestigen<\/li>\n<li>Farbe: beige<\/li>\n<\/ul><\/div>\n<p>Durchmesser: 45 cm<\/p>\n<\/p><\/div>\n","protected":false},"excerpt":{"rendered":"<p>mit Pl\u00fcsch-Bezug mit Metallrahmen besonders f\u00fcr gro\u00dfe Katzen geeignet l\u00e4sst sich an fast jedem Kratzbaum statt einer Liegeplatte befestigen Farbe: beige Durchmesser: 45 cm<\/p>\n","protected":false},"featured_media":4197,"comment_status":"closed","ping_status":"open","template":"","meta":[],"product_cat":[14267],"product_tag":[],"class_list":{"0":"post-47201","1":"product","2":"type-product","3":"status-publish","4":"has-post-thumbnail","6":"product_cat-kratzbaeume-moebel-zubehoer-fuer-kratzbaeumekatzenwelt","8":"first","9":"instock","10":"taxable","11":"shipping-taxable","12":"purchasable","13":"product-type-simple"},"_links":{"self":[{"href":"https:\/\/all-pets.de\/shop\/wp-json\/wp\/v2\/product\/47201","targetHints":{"allow":["GET"]}}],"collection":[{"href":"https:\/\/all-pets.de\/shop\/wp-json\/wp\/v2\/product"}],"about":[{"href":"https:\/\/all-pets.de\/shop\/wp-json\/wp\/v2\/types\/product"}],"replies":[{"embeddable":true,"href":"https:\/\/all-pets.de\/shop\/wp-json\/wp\/v2\/comments?post=47201"}],"wp:featuredmedia":[{"embeddable":true,"href":"https:\/\/all-pets.de\/shop\/wp-json\/wp\/v2\/media\/4197"}],"wp:attachment":[{"href":"https:\/\/all-pets.de\/shop\/wp-json\/wp\/v2\/media?parent=47201"}],"wp:term":[{"taxonomy":"product_cat","embeddable":true,"href":"https:\/\/all-pets.de\/shop\/wp-json\/wp\/v2\/product_cat?post=47201"},{"taxonomy":"product_tag","embeddable":true,"href":"https:\/\/all-pets.de\/shop\/wp-json\/wp\/v2\/product_tag?post=47201"}],"curies":[{"name":"wp","href":"https:\/\/api.w.org\/{rel}","templated":true}]}}